{"id":40384,"date":"2022-04-15T11:58:48","date_gmt":"2022-04-15T07:58:48","guid":{"rendered":"https:\/\/www.imm.az\/exp\/?page_id=40384"},"modified":"2022-04-15T11:58:49","modified_gmt":"2022-04-15T07:58:49","slug":"ibrahimova-s%c9%99ad%c9%99t-xanimi-65-yasi-munasib%c9%99til%c9%99-t%c9%99brik-edirik","status":"publish","type":"page","link":"https:\/\/www.imm.az\/exp\/ibrahimova-s%c9%99ad%c9%99t-xanimi-65-yasi-munasib%c9%99til%c9%99-t%c9%99brik-edirik\/","title":{"rendered":"\u0130brahimova S\u0259ad\u0259t xan\u0131m\u0131 65 ya\u015f\u0131 m\u00fcnasib\u0259til\u0259 t\u0259brik edirik!"},"content":{"rendered":"\n<div class=\"wp-block-image\"><figure class=\"alignleft size-large is-resized\"><img loading=\"lazy\" decoding=\"async\" src=\"https:\/\/www.imm.az\/exp\/wp-content\/uploads\/2022\/04\/277826455_358331826308783_6554732648261788148_n-1.jpg\" alt=\"\" width=\"203\" height=\"152\"\/><\/figure><\/div>\n\n\n\n<p>\u0130brahimova S\u0259ad\u0259t Ramiz q\u0131z\u0131 06 aprel 1957-ci ild\u0259 Bak\u0131 \u015f\u0259h\u0259rind\u0259 anadan olmu\u015fdur.<\/p>\n\n\n\n<p>\u0130brahimova S\u0259ad\u0259t Ramiz q\u0131z\u0131 1974-c\u00fc ild\u0259 Bak\u0131 \u015f\u0259h\u0259ri V.V.Mayakovski ad\u0131na 20 sayl\u0131 orta m\u0259kt\u0259bi bitirib.<\/p>\n\n\n\n<p><\/p>\n\n\n\n<p>1978 \u2013 1984-c\u00fc ill\u0259r\u0259 kimi Az\u0259rbaycan SSR EA-n\u0131n \u018fsasl\u0131 Kitabxanas\u0131nda biblioqraf v\u0259zif\u0259sind\u0259 i\u015fl\u0259mi\u015fdir.<\/p>\n\n\n\n<p>1993-c\u00fc ild\u0259 Az\u0259rbaycan Respublikas\u0131 D\u00f6vl\u0259t Statistika Komit\u0259si u\u00e7ot i\u015fl\u0259rinin haz\u0131rlanmas\u0131 v\u0259 ixtisas\u0131n\u0131n art\u0131r\u0131lmas\u0131 \u00fczr\u0259 T\u0259dris Kombinat\u0131na daxil olmu\u015f v\u0259 1994-c\u00fc ild\u0259 m\u00fchasibat u\u00e7otu \u00fczr\u0259 tam kursu bitirmi\u015f v\u0259 ona m\u00fchasib ixtisas\u0131 diplomu verilmi\u015fdir.<\/p>\n\n\n\n<p>1994-c\u00fc ilin dekabr ay\u0131nda Az\u0259rbaycan Elml\u0259r Akademiyas\u0131n\u0131n Riyaziyyat v\u0259 Mexanika \u0130nstituna ba\u015f laborant v\u0259zif\u0259sin\u0259 i\u015f\u0259 q\u0259bul edilmi\u015fdir.<\/p>\n\n\n\n<p>1999-c\u00fc ilin sentyabr ay\u0131nda h\u0259min \u0130nstitutun m\u00fchasibatl\u0131q \u015f\u00f6b\u0259sin\u0259 materiallar \u00fczr\u0259 m\u00fchasib v\u0259zif\u0259sin\u0259 t\u0259yin olunmu\u015f v\u0259 hal-haz\u0131rk\u0131 g\u00fcn\u0259 kimi h\u0259min \u015f\u00f6b\u0259d\u0259 materiallar \u00fczr\u0259 m\u00fchasib v\u0259zif\u0259sind\u0259 i\u015fl\u0259yir.<\/p>\n\n\n\n<p>S\u0259ad\u0259t \u0130brahimovaya xas olan insanp\u0259rv\u0259rlik, \u0259m\u0259ksev\u0259rlik, h\u0259ssasl\u0131q v\u0259 qay\u011f\u0131ke\u015flik kimi n\u0259cib insani keyfiyy\u0259tl\u0259r cal\u0131\u015fd\u0131\u011f\u0131 kollektivd\u0259 ona b\u00f6y\u00fck h\u00f6rm\u0259t&nbsp; qazand\u0131rm\u0131\u015fd\u0131r.<\/p>\n\n\n\n<p>\u0130nstitutun kollektivi S\u0259ad\u0259t xan\u0131m\u0131 65 ya\u015f\u0131 tamam olmas\u0131 m\u00fcnas\u0131b\u0259t\u0131l\u0259 t\u0259brik edir, ona h\u0259yat\u0131nda \u0259n d\u0259y\u0259rl\u0131 nem\u0259t olan can sa\u011fl\u0131\u011f\u0131, sevinc dolu g\u00fcnl\u0259r arzulay\u0131r.<\/p>\n","protected":false},"excerpt":{"rendered":"<p>\u0130brahimova S\u0259ad\u0259t Ramiz q\u0131z\u0131 06 aprel 1957-ci ild\u0259 Bak\u0131 \u015f\u0259h\u0259rind\u0259 anadan olmu\u015fdur. \u0130brahimova S\u0259ad\u0259t Ramiz q\u0131z\u0131 1974-c\u00fc ild\u0259 Bak\u0131 \u015f\u0259h\u0259ri V.V.Mayakovski ad\u0131na 20 sayl\u0131 orta m\u0259kt\u0259bi bitirib. 1978 \u2013 1984-c\u00fc ill\u0259r\u0259 kimi Az\u0259rbaycan SSR EA-n\u0131n \u018fsasl\u0131 Kitabxanas\u0131nda biblioqraf v\u0259zif\u0259sind\u0259 i\u015fl\u0259mi\u015fdir. 1993-c\u00fc ild\u0259 Az\u0259rbaycan Respublikas\u0131 D\u00f6vl\u0259t Statistika Komit\u0259si u\u00e7ot i\u015fl\u0259rinin haz\u0131rlanmas\u0131 v\u0259 ixtisas\u0131n\u0131n art\u0131r\u0131lmas\u0131 \u00fczr\u0259 T\u0259dris [&hellip;]<\/p>\n","protected":false},"author":6,"featured_media":0,"parent":0,"menu_order":0,"comment_status":"closed","ping_status":"closed","template":"","meta":{"footnotes":""},"_links":{"self":[{"href":"https:\/\/www.imm.az\/exp\/wp-json\/wp\/v2\/pages\/40384"}],"collection":[{"href":"https:\/\/www.imm.az\/exp\/wp-json\/wp\/v2\/pages"}],"about":[{"href":"https:\/\/www.imm.az\/exp\/wp-json\/wp\/v2\/types\/page"}],"author":[{"embeddable":true,"href":"https:\/\/www.imm.az\/exp\/wp-json\/wp\/v2\/users\/6"}],"replies":[{"embeddable":true,"href":"https:\/\/www.imm.az\/exp\/wp-json\/wp\/v2\/comments?post=40384"}],"version-history":[{"count":1,"href":"https:\/\/www.imm.az\/exp\/wp-json\/wp\/v2\/pages\/40384\/revisions"}],"predecessor-version":[{"id":40388,"href":"https:\/\/www.imm.az\/exp\/wp-json\/wp\/v2\/pages\/40384\/revisions\/40388"}],"wp:attachment":[{"href":"https:\/\/www.imm.az\/exp\/wp-json\/wp\/v2\/media?parent=40384"}],"curies":[{"name":"wp","href":"https:\/\/api.w.org\/{rel}","templated":true}]}}