{"id":40399,"date":"2022-04-15T12:02:34","date_gmt":"2022-04-15T08:02:34","guid":{"rendered":"https:\/\/www.imm.az\/exp\/?page_id=40399"},"modified":"2022-04-15T12:02:34","modified_gmt":"2022-04-15T08:02:34","slug":"ibrahimov-elman-sizi-55-yasi-munasib%c9%99til%c9%99-t%c9%99brik-edirik","status":"publish","type":"page","link":"https:\/\/www.imm.az\/exp\/ibrahimov-elman-sizi-55-yasi-munasib%c9%99til%c9%99-t%c9%99brik-edirik\/","title":{"rendered":"\u0130brahimov Elman sizi  55 ya\u015f\u0131 m\u00fcnasib\u0259til\u0259 t\u0259brik edirik!"},"content":{"rendered":"\n<div class=\"wp-block-image\"><figure class=\"alignleft size-large is-resized\"><img loading=\"lazy\" decoding=\"async\" src=\"https:\/\/www.imm.az\/exp\/wp-content\/uploads\/2022\/04\/278000506_2072706719574809_6627051210322744199_n-1.jpg\" alt=\"\" width=\"216\" height=\"288\"\/><\/figure><\/div>\n\n\n\n<p>\u0130brahimov Elman Allahverdi o\u011flu 09 aprel 1967-ci ild\u0259 A\u011fdam rayonu X\u0131d\u0131rl\u0131 k\u0259ndind\u0259&nbsp; &nbsp;anadan olmu\u015fdur.<\/p>\n\n\n\n<p>\u0130brahimov Elman Allahverdi o\u011flu 1984-c\u00fc ild\u0259 A\u011fdam \u015f\u0259h\u0259r X\u0131d\u0131rl\u0131 k\u0259nd orta m\u0259kt\u0259bini bitirib.<\/p>\n\n\n\n<p>1985 \u2013 1987-ci ill\u0259rd\u0259 kimi Monqolustan Respublikas\u0131nda h\u0259rbi xidm\u0259td\u0259 olmu\u015fdur.&nbsp;<\/p>\n\n\n\n<p>1988-ci ild\u0259n A\u011fdam rayonunda tikinti idar\u0259sind\u0259 usta v\u0259zif\u0259sind\u0259 i\u015fl\u0259mi\u015fdir.&nbsp;<\/p>\n\n\n\n<p><\/p>\n\n\n\n<p>1993-c\u00fc ilin iyul\u00a0 ay\u0131nda is\u0259 m\u0259nfur erm\u0259nil\u0259rin A\u011fdam rayonunu i\u015f\u011fal etm\u0259si il\u0259 \u0259laq\u0259dar m\u0259cburi k\u00f6\u00e7k\u00fcn kimi X\u0131rdalan \u015f\u0259h\u0259rin\u0259 k\u00f6\u015fm\u00fc\u015f v\u0259 orada m\u0259skunla\u015fm\u0131\u015fd\u0131r.<\/p>\n\n\n\n<p>H\u0259min ild\u0259n m\u00fcxt\u0259lif sah\u0259l\u0259rd\u0259 elektrik v\u0259 usta kimi \u00e7al\u0131\u015fm\u0131\u015fd\u0131r.<\/p>\n\n\n\n<p>2003-c\u00fc ild\u0259n is\u0259 bu g\u00fcn\u0259 kimi AMEA-n\u0131n Riyaziyyat v\u0259 Mexanika \u0130nstitutunda elektrik v\u0259zif\u0259sind\u0259 i\u015fl\u0259yir.<\/p>\n\n\n\n<p>\u0130brahimov Elmana xas olan d\u00fcr\u00fcst, insanp\u0259rv\u0259rlik, \u0259m\u0259ksev\u0259rlik, h\u0259ssasl\u0131q v\u0259 qay\u011f\u0131ke\u015flik kimi n\u0259cib insani keyfiyy\u0259tl\u0259r cal\u0131\u015fd\u0131\u011f\u0131 kollektivd\u0259 ona b\u00f6y\u00fck h\u00f6rm\u0259t&nbsp; qazand\u0131rm\u0131\u015fd\u0131r.<\/p>\n\n\n\n<p>\u0130nstitutun kollektivi Elman\u0131 55 ya\u015f\u0131 tamam olmas\u0131 m\u00fcnas\u0131b\u0259t\u0131l\u0259 t\u0259brik edir, ona h\u0259yat\u0131nda \u0259n d\u0259y\u0259rl\u0131 nem\u0259t olan can sa\u011fl\u0131\u011f\u0131, sevinc dolu g\u00fcnl\u0259r arzulay\u0131r.<\/p>\n","protected":false},"excerpt":{"rendered":"<p>\u0130brahimov Elman Allahverdi o\u011flu 09 aprel 1967-ci ild\u0259 A\u011fdam rayonu X\u0131d\u0131rl\u0131 k\u0259ndind\u0259&nbsp; &nbsp;anadan olmu\u015fdur. \u0130brahimov Elman Allahverdi o\u011flu 1984-c\u00fc ild\u0259 A\u011fdam \u015f\u0259h\u0259r X\u0131d\u0131rl\u0131 k\u0259nd orta m\u0259kt\u0259bini bitirib. 1985 \u2013 1987-ci ill\u0259rd\u0259 kimi Monqolustan Respublikas\u0131nda h\u0259rbi xidm\u0259td\u0259 olmu\u015fdur.&nbsp; 1988-ci ild\u0259n A\u011fdam rayonunda tikinti idar\u0259sind\u0259 usta v\u0259zif\u0259sind\u0259 i\u015fl\u0259mi\u015fdir.&nbsp; 1993-c\u00fc ilin iyul\u00a0 ay\u0131nda is\u0259 m\u0259nfur erm\u0259nil\u0259rin A\u011fdam rayonunu [&hellip;]<\/p>\n","protected":false},"author":6,"featured_media":0,"parent":0,"menu_order":0,"comment_status":"closed","ping_status":"closed","template":"","meta":{"footnotes":""},"_links":{"self":[{"href":"https:\/\/www.imm.az\/exp\/wp-json\/wp\/v2\/pages\/40399"}],"collection":[{"href":"https:\/\/www.imm.az\/exp\/wp-json\/wp\/v2\/pages"}],"about":[{"href":"https:\/\/www.imm.az\/exp\/wp-json\/wp\/v2\/types\/page"}],"author":[{"embeddable":true,"href":"https:\/\/www.imm.az\/exp\/wp-json\/wp\/v2\/users\/6"}],"replies":[{"embeddable":true,"href":"https:\/\/www.imm.az\/exp\/wp-json\/wp\/v2\/comments?post=40399"}],"version-history":[{"count":1,"href":"https:\/\/www.imm.az\/exp\/wp-json\/wp\/v2\/pages\/40399\/revisions"}],"predecessor-version":[{"id":40401,"href":"https:\/\/www.imm.az\/exp\/wp-json\/wp\/v2\/pages\/40399\/revisions\/40401"}],"wp:attachment":[{"href":"https:\/\/www.imm.az\/exp\/wp-json\/wp\/v2\/media?parent=40399"}],"curies":[{"name":"wp","href":"https:\/\/api.w.org\/{rel}","templated":true}]}}