{"id":4091,"date":"2015-01-12T12:04:37","date_gmt":"2015-01-12T08:04:37","guid":{"rendered":"http:\/\/www.imm.az\/exp\/?page_id=4091"},"modified":"2025-12-09T21:08:23","modified_gmt":"2025-12-09T17:08:23","slug":"institutun-illik-hesabati","status":"publish","type":"page","link":"https:\/\/www.imm.az\/exp\/institutun-illik-hesabati\/","title":{"rendered":"\u0130nstitutun illik hesabat\u0131"},"content":{"rendered":"<ul>\n<li><a href=\"https:\/\/www.imm.az\/exp\/wp-content\/uploads\/2025\/12\/HESABAT-2025.pdf\">2025-c\u00fc il \u00fc\u00e7\u00fcn hesabat<\/a><\/li>\n<li><a href=\"https:\/\/www.imm.az\/exp\/wp-content\/uploads\/2025\/02\/HESABAT-2024.pdf\">2024-c\u00fc il \u00fc\u00e7\u00fcn hesabat<\/a><\/li>\n<li><a href=\"https:\/\/www.imm.az\/exp\/wp-content\/uploads\/2024\/05\/Illik-2023.pdf\">2023-c\u00fc il \u00fc\u00e7\u00fcn hesabat<\/a><\/li>\n<li><a href=\"https:\/\/www.imm.az\/exp\/wp-content\/uploads\/2023\/02\/HESABAT-2022.pdf\">2022-ci il \u00fc\u00e7\u00fcn hesabat<\/a><\/li>\n<li><a href=\"https:\/\/www.imm.az\/exp\/wp-content\/uploads\/2022\/01\/HESABAT-2021.docx\">2021-ci il \u00fc\u00e7\u00fcn hesabat<\/a><\/li>\n<li><a href=\"https:\/\/www.imm.az\/exp\/wp-content\/uploads\/2020\/12\/HESABAT-2020-1.pdf\">2020-ci il \u00fc\u00e7\u00fcn hesabat<\/a><\/li>\n<li><a href=\"https:\/\/www.imm.az\/exp\/wp-content\/uploads\/2020\/01\/HESABAT-2019.pdf\">2019-ci il \u00fc\u00e7\u00fcn hesabat<\/a><\/li>\n<li><a href=\"http:\/\/www.imm.az\/Institut_hesabati\/2018\/AMEA Riyaziyyat v\u0259 Mexanika \u0130nstitutu HESABAT 2018.pdf\">2018-ci il \u00fc\u00e7\u00fcn hesabat<\/a><\/li>\n<li><a href=\"http:\/\/www.imm.az\/Institut_hesabati\/2017\/IMM-2017_hesabat.pdf\">2017-ci il \u00fc\u00e7\u00fcn hesabat<\/a><\/li>\n<li><a href=\"http:\/\/www.imm.az\/Institut_hesabati\/2016\/IMM-2016_hesabat.pdf\" target=\"_blank\" rel=\"noopener noreferrer\">2016-c\u0131 il \u00fc\u00e7\u00fcn hesabat<\/a><\/li>\n<li><a href=\"http:\/\/www.imm.az\/Institut_hesabati\/2015\/IMM-2015_hesabat.pdf\" target=\"_blank\" rel=\"noopener noreferrer\">2015-ci il \u00fc\u00e7\u00fcn hesabat<\/a><\/li>\n<li><a href=\"http:\/\/www.imm.az\/Institut_hesabati\/2014\/IMM-2014_hesabat.pdf\" target=\"_blank\" rel=\"noopener noreferrer\">2014-c\u00fc il \u00fc\u00e7\u00fcn hesabat<\/a><\/li>\n<\/ul>\n","protected":false},"excerpt":{"rendered":"<p>2025-c\u00fc il \u00fc\u00e7\u00fcn hesabat 2024-c\u00fc il \u00fc\u00e7\u00fcn hesabat 2023-c\u00fc il \u00fc\u00e7\u00fcn hesabat 2022-ci il \u00fc\u00e7\u00fcn hesabat 2021-ci il \u00fc\u00e7\u00fcn hesabat 2020-ci il \u00fc\u00e7\u00fcn hesabat 2019-ci il \u00fc\u00e7\u00fcn hesabat 2018-ci il \u00fc\u00e7\u00fcn hesabat 2017-ci il \u00fc\u00e7\u00fcn hesabat 2016-c\u0131 il \u00fc\u00e7\u00fcn hesabat 2015-ci il \u00fc\u00e7\u00fcn hesabat 2014-c\u00fc il \u00fc\u00e7\u00fcn hesabat<\/p>\n","protected":false},"author":6,"featured_media":0,"parent":0,"menu_order":0,"comment_status":"open","ping_status":"open","template":"","meta":{"footnotes":""},"_links":{"self":[{"href":"https:\/\/www.imm.az\/exp\/wp-json\/wp\/v2\/pages\/4091"}],"collection":[{"href":"https:\/\/www.imm.az\/exp\/wp-json\/wp\/v2\/pages"}],"about":[{"href":"https:\/\/www.imm.az\/exp\/wp-json\/wp\/v2\/types\/page"}],"author":[{"embeddable":true,"href":"https:\/\/www.imm.az\/exp\/wp-json\/wp\/v2\/users\/6"}],"replies":[{"embeddable":true,"href":"https:\/\/www.imm.az\/exp\/wp-json\/wp\/v2\/comments?post=4091"}],"version-history":[{"count":5,"href":"https:\/\/www.imm.az\/exp\/wp-json\/wp\/v2\/pages\/4091\/revisions"}],"predecessor-version":[{"id":218856,"href":"https:\/\/www.imm.az\/exp\/wp-json\/wp\/v2\/pages\/4091\/revisions\/218856"}],"wp:attachment":[{"href":"https:\/\/www.imm.az\/exp\/wp-json\/wp\/v2\/media?parent=4091"}],"curies":[{"name":"wp","href":"https:\/\/api.w.org\/{rel}","templated":true}]}}