{"id":41118,"date":"2022-06-23T11:06:30","date_gmt":"2022-06-23T07:06:30","guid":{"rendered":"https:\/\/www.imm.az\/exp\/?page_id=41118"},"modified":"2022-06-23T11:06:45","modified_gmt":"2022-06-23T07:06:45","slug":"amea-riyaziyyat-v%c9%99-mexanika-institutunun-c%c9%99br-v%c9%99-riyazi-m%c9%99ntiq-sob%c9%99sinin-aparici-elmi-iscisi-eminaga-m%c9%99mm%c9%99dovun-60-yasi-tamam-olur","status":"publish","type":"page","link":"https:\/\/www.imm.az\/exp\/amea-riyaziyyat-v%c9%99-mexanika-institutunun-c%c9%99br-v%c9%99-riyazi-m%c9%99ntiq-sob%c9%99sinin-aparici-elmi-iscisi-eminaga-m%c9%99mm%c9%99dovun-60-yasi-tamam-olur\/","title":{"rendered":"AMEA Riyaziyyat v\u0259 Mexanika \u0130nstitutunun \u201cC\u0259br v\u0259 Riyazi m\u0259ntiq\u201d \u015f\u00f6b\u0259sinin apar\u0131c\u0131 elmi i\u015f\u00e7isi Emina\u011fa M\u0259mm\u0259dovun 60 ya\u015f\u0131 tamam olur"},"content":{"rendered":"\n<div class=\"wp-block-image\"><figure class=\"alignleft size-full is-resized\"><a href=\"https:\/\/www.imm.az\/exp\/wp-content\/uploads\/2022\/06\/Eminaga-m..png\"><img loading=\"lazy\" decoding=\"async\" src=\"https:\/\/www.imm.az\/exp\/wp-content\/uploads\/2022\/06\/Eminaga-m..png\" alt=\"\" class=\"wp-image-41119\" width=\"162\" height=\"138\"\/><\/a><\/figure><\/div>\n\n\n\n<p><strong>Emina\u011fa Mirza\u011fa o\u011flu M\u0259mm\u0259dov<\/strong> 12 iyun 1962-ci ild\u0259 Masall\u0131 rayonunun \u018frkivan k\u0259ndind\u0259 anadan olmu\u015f, 1979-cu ild\u0259 C.Cabbarl\u0131 ad\u0131na \u018frkivan K\u0259nd Orta M\u0259kt\u0259bini bitirmi\u015f, 1979-1982-ci ill\u0259rd\u0259 S.M. Kirov ad\u0131na Az\u0259rbaycan D\u00f6vl\u0259r Universitetinin Mexanika-Riyaziyyat fak\u00fclt\u0259sind\u0259 t\u0259hsil alm\u0131\u015f, 1982-1985-ci ill\u0259rd\u0259 Leninqrad D\u00f6vl\u0259t Universitetinin Riyaziyyat v\u0259 Mexanika fak\u00fclt\u0259sind\u0259 ali t\u0259hsilini tamamlam\u0131\u015fd\u0131r.<\/p>\n\n\n\n<p>\u00a0\u00a0\u00a0\u00a0\u00a0\u00a0\u00a0\u00a0\u00a0 1985-1987-ci ill\u0259rd\u0259 Az\u0259rbaycan SSR Elml\u0259r Akademiyas\u0131nin Mexanika v\u0259 Riyaziyyat \u0130nstitutunda i\u015fl\u0259mi\u015f, 1987-1988-ci ill\u0259rd\u0259 SSR\u0130 Elml\u0259r Akademiyas\u0131n\u0131n Steklov ad\u0131na Riyaziyyat \u0130nstitutunun Leninqrad B\u00f6lm\u0259sind\u0259 stajirovka ke\u00e7mi\u015f, 1988-1991-ci ill\u0259rd\u0259 Leninqrad D\u00f6vl\u0259t Universitatinin Riyaziyyat v\u0259 Mexanika fak\u00fclt\u0259sinin aspiranturasunda oxumu\u015fdur. 2005-ci il\u0259 kimi Masall\u0131 RT\u015e-nin n\u0259zdind\u0259ki m\u0259kt\u0259bl\u0259rd\u0259 pedaqoji f\u0259aliyy\u0259tl\u0259 m\u0259\u015f\u011ful olmu\u015fdur. <\/p>\n\n\n\n<p>          2005-ci ild\u0259n AMEA-n\u0131n Riyaziyyat v\u0259 Mexanika \u0130nstitutunun \u201cC\u0259br v\u0259 Riyazi m\u0259ntiq\u201d \u015f\u00f6b\u0259sind\u0259 i\u015fl\u0259m\u0259y\u0259 ba\u015flam\u0131\u015fd\u0131r. Haz\u0131rda, o, ad\u0131 \u00e7\u0259kil\u0259n \u015f\u00f6b\u0259d\u0259 apar\u0131c\u0131 elmi i\u015f\u00e7i v\u0259zif\u0259sind\u0259 \u00e7al\u0131\u015f\u0131r.<\/p>\n\n\n\n<p>&nbsp;&nbsp;&nbsp;&nbsp;&nbsp;&nbsp;&nbsp;&nbsp;&nbsp; 2013-c\u00fc ild\u0259 <strong>\u201c<\/strong><strong>N\u0259sir\u0259ddin Tusinin \u0259s\u0259rl\u0259rind\u0259 riyazi anlay\u0131\u015flar\u0131n mahiyy\u0259ti v\u0259 m\u0259ntiqi aspektl\u0259ri\u201d<\/strong> m\u00f6vzusunda riyaziyyat \u00fczr\u0259 f\u0259ls\u0259f\u0259 doktoru dissertasiys\u0131 m\u00fcdafi\u0259 etmi\u015fdir.<\/p>\n\n\n\n<p>&nbsp;&nbsp;&nbsp;&nbsp;&nbsp;&nbsp;&nbsp;&nbsp;&nbsp; <strong>Maraq dair\u0259si v\u0259 t\u0259tqiqat istiqam\u0259tl\u0259ri<\/strong>: c\u0259br v\u0259 m\u0259ntiq, funskional analiz, diferensial t\u0259nlikl\u0259r, operator c\u0259brl\u0259ri, elm tarixi, m\u0259ntiq, f\u0259ls\u0259f\u0259, teologiya. 80-d\u0259n yuxar\u0131 elmi, elmi-k\u00fctl\u0259vi m\u0259qal\u0259, tezis, konfrans material\u0131, kitab, \u0259r\u0259b, rus, ingilis dill\u0259rind\u0259n t\u0259c\u00fcm\u0259 v\u0259 \u015f\u0259rhl\u0259rin m\u00fc\u0259llifidir.<\/p>\n\n\n\n<p>H\u00f6rm\u0259tli <strong>Emina\u011fa<\/strong> m\u00fc\u0259llim! Siz y\u00fcks\u0259k insani keyfiyy\u0259tl\u0259rinizl\u0259, d\u0259rin daxili m\u0259d\u0259niyy\u0259tinizl\u0259 \u00fcnsiyy\u0259td\u0259 olan h\u0259r bir insan\u0131n Siz\u0259 qar\u015f\u0131 olan b\u00f6y\u00fck h\u00f6rm\u0259tini v\u0259 ehtiram\u0131n\u0131 qazanm\u0131s\u0131n\u0131z.<\/p>\n\n\n\n<p><strong><em>\u0130nstitutun kollektivi <\/em><\/strong><em>Emina\u011fa<\/em><strong><em> m\u00fc\u0259llimi 60 ya\u015f\u0131 tamam olmas\u0131 m\u00fcnasib\u0259til\u0259 t\u0259brik edir, ona insan h\u0259yat\u0131 \u00fc\u00e7\u00fcn \u0259n d\u0259y\u0259rli nem\u0259t olan can sa\u011fl\u0131\u011f\u0131, uzun \u00f6m\u00fcr, elmi-pedaqoji, ictimai f\u0259aliyy\u0259tind\u0259 m\u00fcv\u0259ff\u0259qiyy\u0259tl\u0259r arzulay\u0131r.<\/em><\/strong><\/p>\n","protected":false},"excerpt":{"rendered":"<p>Emina\u011fa Mirza\u011fa o\u011flu M\u0259mm\u0259dov 12 iyun 1962-ci ild\u0259 Masall\u0131 rayonunun \u018frkivan k\u0259ndind\u0259 anadan olmu\u015f, 1979-cu ild\u0259 C.Cabbarl\u0131 ad\u0131na \u018frkivan K\u0259nd Orta M\u0259kt\u0259bini bitirmi\u015f, 1979-1982-ci ill\u0259rd\u0259 S.M. Kirov ad\u0131na Az\u0259rbaycan D\u00f6vl\u0259r Universitetinin Mexanika-Riyaziyyat fak\u00fclt\u0259sind\u0259 t\u0259hsil alm\u0131\u015f, 1982-1985-ci ill\u0259rd\u0259 Leninqrad D\u00f6vl\u0259t Universitetinin Riyaziyyat v\u0259 Mexanika fak\u00fclt\u0259sind\u0259 ali t\u0259hsilini tamamlam\u0131\u015fd\u0131r. \u00a0\u00a0\u00a0\u00a0\u00a0\u00a0\u00a0\u00a0\u00a0 1985-1987-ci ill\u0259rd\u0259 Az\u0259rbaycan SSR Elml\u0259r Akademiyas\u0131nin Mexanika [&hellip;]<\/p>\n","protected":false},"author":6,"featured_media":0,"parent":0,"menu_order":0,"comment_status":"closed","ping_status":"closed","template":"","meta":{"footnotes":""},"_links":{"self":[{"href":"https:\/\/www.imm.az\/exp\/wp-json\/wp\/v2\/pages\/41118"}],"collection":[{"href":"https:\/\/www.imm.az\/exp\/wp-json\/wp\/v2\/pages"}],"about":[{"href":"https:\/\/www.imm.az\/exp\/wp-json\/wp\/v2\/types\/page"}],"author":[{"embeddable":true,"href":"https:\/\/www.imm.az\/exp\/wp-json\/wp\/v2\/users\/6"}],"replies":[{"embeddable":true,"href":"https:\/\/www.imm.az\/exp\/wp-json\/wp\/v2\/comments?post=41118"}],"version-history":[{"count":2,"href":"https:\/\/www.imm.az\/exp\/wp-json\/wp\/v2\/pages\/41118\/revisions"}],"predecessor-version":[{"id":41121,"href":"https:\/\/www.imm.az\/exp\/wp-json\/wp\/v2\/pages\/41118\/revisions\/41121"}],"wp:attachment":[{"href":"https:\/\/www.imm.az\/exp\/wp-json\/wp\/v2\/media?parent=41118"}],"curies":[{"name":"wp","href":"https:\/\/api.w.org\/{rel}","templated":true}]}}