{"id":41128,"date":"2022-06-23T11:10:25","date_gmt":"2022-06-23T07:10:25","guid":{"rendered":"https:\/\/www.imm.az\/exp\/?page_id=41128"},"modified":"2022-06-23T11:10:25","modified_gmt":"2022-06-23T07:10:25","slug":"amea-riyaziyyat-v%c9%99-mexanika-institutunun-funksiyalar-n%c9%99z%c9%99riyy%c9%99si-sob%c9%99sinin-boyuk-elmi-iscisi-f-r-e-n-dos-ibrahim-m%c9%99h%c9%99rovun-65-yasi-tamam-olur","status":"publish","type":"page","link":"https:\/\/www.imm.az\/exp\/amea-riyaziyyat-v%c9%99-mexanika-institutunun-funksiyalar-n%c9%99z%c9%99riyy%c9%99si-sob%c9%99sinin-boyuk-elmi-iscisi-f-r-e-n-dos-ibrahim-m%c9%99h%c9%99rovun-65-yasi-tamam-olur\/","title":{"rendered":"AMEA Riyaziyyat v\u0259 Mexanika \u0130nstitutunun \u201cFunksiyalar n\u0259z\u0259riyy\u0259si\u201d \u015f\u00f6b\u0259sinin b\u00f6y\u00fck  elmi i\u015f\u00e7isi, f-r.e.n, dos. \u0130brahim M\u0259h\u0259rovun 65 ya\u015f\u0131 tamam olur."},"content":{"rendered":"\n<div class=\"wp-block-image\"><figure class=\"alignleft size-large is-resized\"><a href=\"https:\/\/www.imm.az\/exp\/wp-content\/uploads\/2022\/06\/Ibrahim-m..jpg\"><img loading=\"lazy\" decoding=\"async\" src=\"https:\/\/www.imm.az\/exp\/wp-content\/uploads\/2022\/06\/Ibrahim-m.-1024x768.jpg\" alt=\"\" class=\"wp-image-41129\" width=\"201\" height=\"151\" srcset=\"https:\/\/www.imm.az\/exp\/wp-content\/uploads\/2022\/06\/Ibrahim-m.-1024x768.jpg 1024w, https:\/\/www.imm.az\/exp\/wp-content\/uploads\/2022\/06\/Ibrahim-m.-300x225.jpg 300w, https:\/\/www.imm.az\/exp\/wp-content\/uploads\/2022\/06\/Ibrahim-m.-768x576.jpg 768w, https:\/\/www.imm.az\/exp\/wp-content\/uploads\/2022\/06\/Ibrahim-m.-1536x1152.jpg 1536w, https:\/\/www.imm.az\/exp\/wp-content\/uploads\/2022\/06\/Ibrahim-m..jpg 2016w\" sizes=\"(max-width: 201px) 100vw, 201px\" \/><\/a><\/figure><\/div>\n\n\n\n<p>\u0130brahim Kamran o\u011flu\u00a0 M\u0259h\u0259rov 23 may 1957-ci ild\u0259 A\u011fdam rayonunun \u015e\u0131xlar k\u0259ndind\u0259\u00a0 anadan olub. 1979-cu\u00a0 ild\u0259 Az\u0259rbaycan D\u00f6vl\u0259t Universitetinin (BDU) mexanika-riyaziyyat fak\u00fclt\u0259sini bitirib. 1979-ci ild\u0259 t\u0259yinatla Az\u0259rbaycan EA RM\u0130-nun X\u00fcsusi Konstruktor B\u00fcrosunda b\u00f6y\u00fck laborant kimi i\u015f\u0259 ba\u015flay\u0131b, m\u00fch\u0259ndis, b\u00f6y\u00fck m\u00fch\u0259ndis, apar\u0131c\u0131 m\u00fch\u0259ndis\u00a0 v\u0259zif\u0259l\u0259rind\u0259 i\u015fl\u0259yib.\u00a0<\/p>\n\n\n\n<p>1990-c\u0131 ild\u0259 RM\u0130-nun \u201cRiyazi modell\u0259\u015fdirm\u0259\u201d laboratoriyas\u0131na, 1994-c\u00fc ild\u0259 \u201cRiyazi anzliz\u201d \u015f\u00f6b\u0259sin\u0259&nbsp; elmi i\u015f\u00e7i v\u0259zif\u0259sin\u0259 ke\u00e7irilib. 1999-cu ild\u0259 \u201cFunksiyalar n\u0259z\u0259riyy\u0259si\u201d \u015f\u00f6b\u0259sin\u0259 b\u00f6y\u00fck <strong>&nbsp;<\/strong>elmi i\u015f\u00e7i v\u0259zif\u0259sin\u0259 ke\u00e7irilib.<\/p>\n\n\n\n<p>2000-ci ild\u0259 01.01.01-riyazi analiz ixtisas\u0131 \u00fczr\u0259 fizika-riyaziyyat elml\u0259ri namiz\u0259dlik dissertasiyas\u0131 m\u00fcdafi\u0259 etmi\u015f, 2019-ciu ild\u0259&nbsp; analiz v\u0259 funksional analiz&nbsp; ixtisas\u0131 \u00fczr\u0259 dosent elmi ad\u0131n\u0131 alm\u0131\u015fd\u0131r.<\/p>\n\n\n\n<p>1992-ci ild\u0259n Z\u0259ngi liseyind\u0259 \u0259v\u0259z\u015filikl\u0259 pedaqoji f\u0259aliyy\u0259tl\u0259 m\u0259\u015f\u011ful olur.<\/p>\n\n\n\n<p>2019-cu ild\u0259 Az\u0259rbaycan Respublikas\u0131 Prezidentinin S\u0259r\u0259ncam\u0131 il\u0259 \u00abT\u0259r\u0259qqi\u00bb medal\u0131 il\u0259 t\u0259ltif olunub.<\/p>\n\n\n\n<p><strong><em>\u0130nstitutun kollektivi \u0130brahim m\u00fc\u0259llimi 65 ya\u015f\u0131 tamam olmas\u0131 m\u00fcnasib\u0259til\u0259 t\u0259brik edir, ona insan h\u0259yat\u0131 \u00fc\u00e7\u00fcn \u0259n d\u0259y\u0259rli nem\u0259t olan can sa\u011fl\u0131\u011f\u0131, uzun \u00f6m\u00fcr, elmi-pedaqoji, ictimai f\u0259aliyy\u0259tind\u0259 m\u00fcv\u0259ff\u0259qiyy\u0259tl\u0259r arzulay\u0131r.<\/em><\/strong><\/p>\n","protected":false},"excerpt":{"rendered":"<p>\u0130brahim Kamran o\u011flu\u00a0 M\u0259h\u0259rov 23 may 1957-ci ild\u0259 A\u011fdam rayonunun \u015e\u0131xlar k\u0259ndind\u0259\u00a0 anadan olub. 1979-cu\u00a0 ild\u0259 Az\u0259rbaycan D\u00f6vl\u0259t Universitetinin (BDU) mexanika-riyaziyyat fak\u00fclt\u0259sini bitirib. 1979-ci ild\u0259 t\u0259yinatla Az\u0259rbaycan EA RM\u0130-nun X\u00fcsusi Konstruktor B\u00fcrosunda b\u00f6y\u00fck laborant kimi i\u015f\u0259 ba\u015flay\u0131b, m\u00fch\u0259ndis, b\u00f6y\u00fck m\u00fch\u0259ndis, apar\u0131c\u0131 m\u00fch\u0259ndis\u00a0 v\u0259zif\u0259l\u0259rind\u0259 i\u015fl\u0259yib.\u00a0 1990-c\u0131 ild\u0259 RM\u0130-nun \u201cRiyazi modell\u0259\u015fdirm\u0259\u201d laboratoriyas\u0131na, 1994-c\u00fc ild\u0259 \u201cRiyazi anzliz\u201d \u015f\u00f6b\u0259sin\u0259&nbsp; [&hellip;]<\/p>\n","protected":false},"author":6,"featured_media":0,"parent":0,"menu_order":0,"comment_status":"closed","ping_status":"closed","template":"","meta":{"footnotes":""},"_links":{"self":[{"href":"https:\/\/www.imm.az\/exp\/wp-json\/wp\/v2\/pages\/41128"}],"collection":[{"href":"https:\/\/www.imm.az\/exp\/wp-json\/wp\/v2\/pages"}],"about":[{"href":"https:\/\/www.imm.az\/exp\/wp-json\/wp\/v2\/types\/page"}],"author":[{"embeddable":true,"href":"https:\/\/www.imm.az\/exp\/wp-json\/wp\/v2\/users\/6"}],"replies":[{"embeddable":true,"href":"https:\/\/www.imm.az\/exp\/wp-json\/wp\/v2\/comments?post=41128"}],"version-history":[{"count":1,"href":"https:\/\/www.imm.az\/exp\/wp-json\/wp\/v2\/pages\/41128\/revisions"}],"predecessor-version":[{"id":41130,"href":"https:\/\/www.imm.az\/exp\/wp-json\/wp\/v2\/pages\/41128\/revisions\/41130"}],"wp:attachment":[{"href":"https:\/\/www.imm.az\/exp\/wp-json\/wp\/v2\/media?parent=41128"}],"curies":[{"name":"wp","href":"https:\/\/api.w.org\/{rel}","templated":true}]}}