{"id":41572,"date":"2022-09-16T12:16:08","date_gmt":"2022-09-16T08:16:08","guid":{"rendered":"http:\/\/www.imm.az\/exp\/?page_id=41572"},"modified":"2022-10-24T15:44:36","modified_gmt":"2022-10-24T11:44:36","slug":"yarimillik-hesabat-2022","status":"publish","type":"page","link":"https:\/\/www.imm.az\/exp\/yarimillik-hesabat-2022\/","title":{"rendered":"Yar\u0131millik hesabat \u2013 2022"},"content":{"rendered":"\n<p>2022 | <a href=\"https:\/\/www.imm.az\/exp\/yarimillik-hesabat-2021\/\">2021<\/a> | <a href=\"https:\/\/www.imm.az\/exp\/yarimillik-hesabat-2020\/\">2020 <\/a>|&nbsp;<a href=\"https:\/\/www.imm.az\/exp\/yarimillik-hesabat-2019\/\">2019&nbsp;<\/a>|&nbsp;<a href=\"https:\/\/www.imm.az\/exp\/?page_id=19785\">2018<\/a>&nbsp;|&nbsp;<a href=\"https:\/\/www.imm.az\/exp\/?page_id=13736\">2017<\/a>&nbsp;|&nbsp;<a href=\"https:\/\/www.imm.az\/exp\/?page_id=8664\">2016<\/a>&nbsp;|&nbsp;<a href=\"https:\/\/www.imm.az\/exp\/?page_id=2891\">2015<\/a>&nbsp;|&nbsp;<a href=\"https:\/\/www.imm.az\/exp\/?page_id=5285\">2014<\/a>&nbsp;|<\/p>\n\n\n\n<p>\u015e\u00f6b\u0259l\u0259r<\/p>\n\n\n\n<ul><li><a href=\"https:\/\/www.imm.az\/exp\/wp-content\/uploads\/2022\/09\/Az-2022-YARIMILLIK-HESABAT.pdf\">Funksional analiz \u015f\u00f6b\u0259si<\/a><\/li><li><a href=\"https:\/\/www.imm.az\/exp\/wp-content\/uploads\/2022\/09\/AzRA-hesabat-II-Rub2022.pdf\">Riyazi analiz \u015f\u00f6b\u0259si<\/a><\/li><li><a href=\"https:\/\/www.imm.az\/exp\/wp-content\/uploads\/2022\/09\/Hesabat-2022-I-azer.pdf\">Funksiyalar n\u0259z\u0259riyy\u0259si \u015f\u00f6b\u0259si<\/a><\/li><li><a href=\"https:\/\/www.imm.az\/exp\/wp-content\/uploads\/2022\/09\/Hesabat-diftenlik-2022_6AY-az.pdf\">Diferensial t\u0259nlikl\u0259r \u015f\u00f6b\u0259si<\/a><\/li><li><a href=\"https:\/\/www.imm.az\/exp\/wp-content\/uploads\/2022\/09\/Yarimillik-hesabat-2022-az.pdf\">Riyazi fizika t\u0259nlikl\u0259ri \u015f\u00f6b\u0259si<\/a><\/li><li><a href=\"https:\/\/www.imm.az\/exp\/wp-content\/uploads\/2022\/09\/QHA_Azerb_yarimillik_2022.pdf\">Qeyri harmonik analiz \u015f\u00f6b\u0259si<\/a><\/li><li><a href=\"https:\/\/www.imm.az\/exp\/wp-content\/uploads\/2022\/09\/hesabat-2022-yarmillik-az\u0259rbaycan-1.pdf\">Dal\u011fa dinamikas\u0131 \u015f\u00f6b\u0259si<\/a><\/li><li><a href=\"https:\/\/www.imm.az\/exp\/wp-content\/uploads\/2022\/09\/Deformasiya_olunan_b\u0259rk_cisim_mexanikasi_2022_hasabat_yarimillik_azerb.pdf\">Deformasiya olunan b\u0259rk cisim mexanikas\u0131 \u015f\u00f6b\u0259si<\/a><\/li><li><a href=\"https:\/\/www.imm.az\/exp\/wp-content\/uploads\/2022\/09\/HESABAT_YARIMILLIK_PANAHOV_2022_FINAL_AZ.pdf\">Maye v\u0259 qaz mexanikas\u0131 \u015f\u00f6b\u0259si<\/a><\/li><li><a href=\"https:\/\/www.imm.az\/exp\/wp-content\/uploads\/2022\/09\/Komp-tex-v\u0259-riyazi-stat-2022yariillik-AZ.pdf\">Hesablama riyaziyyat\u0131 v\u0259 informatika \u015f\u00f6b\u0259si<\/a><\/li><li><a href=\"https:\/\/www.imm.az\/exp\/wp-content\/uploads\/2022\/09\/hesabat-yarimillik-2022.pdf\">C\u0259br v\u0259 riyazi m\u0259ntiq \u015f\u00f6b\u0259si<\/a><\/li><li><a href=\"https:\/\/www.imm.az\/exp\/wp-content\/uploads\/2022\/09\/hesabat-illik-2022-06-ayliq-3-dil.pdf\">T\u0259tbiqi riyaziyyat \u015f\u00f6b\u0259si<\/a><\/li><li><a href=\"https:\/\/www.imm.az\/exp\/wp-content\/uploads\/2022\/09\/1.-Optimal.-Yarimillik-hesabat-2022.pdf\">Optimal idar\u0259etm\u0259 \u015f\u00f6b\u0259si<\/a><\/li><li><a href=\"https:\/\/www.imm.az\/exp\/wp-content\/uploads\/2022\/10\/Hesabat_BES_2022_Yarimillik_Az.pdf\">Beyn\u0259lxalq \u0259laq\u0259l\u0259r \u015f\u00f6b\u0259si<\/a><\/li><li>Elmi \u2013texniki informasiya \u015f\u00f6b\u0259si<\/li><li><a href=\"https:\/\/www.imm.az\/exp\/wp-content\/uploads\/2022\/10\/Ictimaiyyetle-elaqeler-sob\u0259si-3.pdf\">\u0130ctimaiyy\u0259tl\u0259 \u0259laq\u0259l\u0259r \u015f\u00f6b\u0259si<\/a><\/li><li><a href=\"https:\/\/www.imm.az\/exp\/wp-content\/uploads\/2022\/09\/Yarim-illik-2022azeb.pdf\">T\u0259hsil \u015f\u00f6b\u0259si<\/a><\/li><li><a href=\"https:\/\/www.imm.az\/exp\/wp-content\/uploads\/2022\/09\/AZERB_Lab_Elmi-Teshkilati-Fealiyyet_2022.pdf\">\u201cSiqnallar\u0131n emal\u0131n\u0131n riyazi probleml\u0259ri\u201d laboratoriyas\u0131<\/a><\/li><\/ul>\n\n\n\n<p>Jurnallar<\/p>\n\n\n\n<ul><li><a href=\"https:\/\/www.imm.az\/exp\/wp-content\/uploads\/2022\/09\/Az-Yarimillik-Hesabat_TRANSACTIONS-2022-1.pdf\">Az\u0259rbaycan Milli Elml\u0259r Akademiyas\u0131n\u0131n X\u0259b\u0259rl\u0259ri, Riyaziyyat burax\u0131l\u0131\u015f\u0131,&nbsp; fizika-riyaziyyat v\u0259 texnika elml\u0259ri b\u00f6lm\u0259si<\/a><\/li><li><a href=\"https:\/\/www.imm.az\/exp\/wp-content\/uploads\/2022\/09\/Jurnal-hesabat2022-I-yarimil.pdf\">Riyaziyyat v\u0259 M\u0259xanika \u0130nstitutunun&nbsp;\u018fs\u0259rl\u0259ri jurnal\u0131<\/a><\/li><li><a href=\"https:\/\/www.imm.az\/exp\/wp-content\/uploads\/2022\/09\/Az_Azerbaijan-Journal-of-Mathematics_2022.pdf\">Az\u0259rbaycan Riyaziyyat jurnal\u0131<\/a><\/li><li><a href=\"https:\/\/www.imm.az\/exp\/wp-content\/uploads\/2022\/10\/TRANSMECH_HESABAT_2022_AZ.pdf\">Az\u0259rbaycan Milli Elml\u0259r Akademiyas\u0131n\u0131n X\u0259b\u0259rl\u0259ri, Mexanika&nbsp;burax\u0131l\u0131\u015f\u0131,<br>fizika-riyaziyyat v\u0259 texnika elml\u0259ri b\u00f6lm\u0259si<\/a><\/li><\/ul>\n","protected":false},"excerpt":{"rendered":"<p>2022 | 2021 | 2020 |&nbsp;2019&nbsp;|&nbsp;2018&nbsp;|&nbsp;2017&nbsp;|&nbsp;2016&nbsp;|&nbsp;2015&nbsp;|&nbsp;2014&nbsp;| \u015e\u00f6b\u0259l\u0259r Funksional analiz \u015f\u00f6b\u0259si Riyazi analiz \u015f\u00f6b\u0259si Funksiyalar n\u0259z\u0259riyy\u0259si \u015f\u00f6b\u0259si Diferensial t\u0259nlikl\u0259r \u015f\u00f6b\u0259si Riyazi fizika t\u0259nlikl\u0259ri \u015f\u00f6b\u0259si Qeyri harmonik analiz \u015f\u00f6b\u0259si Dal\u011fa dinamikas\u0131 \u015f\u00f6b\u0259si Deformasiya olunan b\u0259rk cisim mexanikas\u0131 \u015f\u00f6b\u0259si Maye v\u0259 qaz mexanikas\u0131 \u015f\u00f6b\u0259si Hesablama riyaziyyat\u0131 v\u0259 informatika \u015f\u00f6b\u0259si C\u0259br v\u0259 riyazi m\u0259ntiq \u015f\u00f6b\u0259si T\u0259tbiqi riyaziyyat \u015f\u00f6b\u0259si Optimal [&hellip;]<\/p>\n","protected":false},"author":6,"featured_media":0,"parent":0,"menu_order":0,"comment_status":"closed","ping_status":"closed","template":"","meta":{"footnotes":""},"_links":{"self":[{"href":"https:\/\/www.imm.az\/exp\/wp-json\/wp\/v2\/pages\/41572"}],"collection":[{"href":"https:\/\/www.imm.az\/exp\/wp-json\/wp\/v2\/pages"}],"about":[{"href":"https:\/\/www.imm.az\/exp\/wp-json\/wp\/v2\/types\/page"}],"author":[{"embeddable":true,"href":"https:\/\/www.imm.az\/exp\/wp-json\/wp\/v2\/users\/6"}],"replies":[{"embeddable":true,"href":"https:\/\/www.imm.az\/exp\/wp-json\/wp\/v2\/comments?post=41572"}],"version-history":[{"count":6,"href":"https:\/\/www.imm.az\/exp\/wp-json\/wp\/v2\/pages\/41572\/revisions"}],"predecessor-version":[{"id":42131,"href":"https:\/\/www.imm.az\/exp\/wp-json\/wp\/v2\/pages\/41572\/revisions\/42131"}],"wp:attachment":[{"href":"https:\/\/www.imm.az\/exp\/wp-json\/wp\/v2\/media?parent=41572"}],"curies":[{"name":"wp","href":"https:\/\/api.w.org\/{rel}","templated":true}]}}