{"id":42204,"date":"2022-10-31T14:21:34","date_gmt":"2022-10-31T10:21:34","guid":{"rendered":"https:\/\/www.imm.az\/exp\/?page_id=42204"},"modified":"2022-10-31T14:21:34","modified_gmt":"2022-10-31T10:21:34","slug":"amea-riyaziyyat-v%c9%99-mexanika-institutunun-funksiyalar-n%c9%99z%c9%99riyy%c9%99si-sob%c9%99sinin-bas-elmi-iscisi-f-r-e-d-prof-alik-malik-oglu-n%c9%99c%c9%99fovun-65-yasi-tamam","status":"publish","type":"page","link":"https:\/\/www.imm.az\/exp\/amea-riyaziyyat-v%c9%99-mexanika-institutunun-funksiyalar-n%c9%99z%c9%99riyy%c9%99si-sob%c9%99sinin-bas-elmi-iscisi-f-r-e-d-prof-alik-malik-oglu-n%c9%99c%c9%99fovun-65-yasi-tamam\/","title":{"rendered":"AMEA Riyaziyyat v\u0259 Mexanika \u0130nstitutunun \u201cFunksiyalar n\u0259z\u0259riyy\u0259si\u201d \u015f\u00f6b\u0259sinin ba\u015f elmi i\u015f\u00e7isi, f-r.e.d, prof. Alik Malik o\u011flu N\u0259c\u0259fovun 65 ya\u015f\u0131 tamam olur."},"content":{"rendered":"\n<div class=\"wp-block-image\"><figure class=\"alignleft size-full is-resized\"><a href=\"https:\/\/www.imm.az\/exp\/wp-content\/uploads\/2022\/10\/Alik-m..jpg\"><img loading=\"lazy\" decoding=\"async\" src=\"https:\/\/www.imm.az\/exp\/wp-content\/uploads\/2022\/10\/Alik-m..jpg\" alt=\"\" class=\"wp-image-42205\" width=\"148\" height=\"184\"\/><\/a><\/figure><\/div>\n\n\n\n<p>Alik Malik &nbsp;o\u011flu&nbsp;N\u0259c\u0259fov 01 iyul 1957-ci ild\u0259 K\u00fcrd\u0259mir rayonunun Padar-\u00c7\u00f6l &nbsp;k\u0259ndin-d\u0259&nbsp; anadan olub. 1979-cu&nbsp; ild\u0259 Az\u0259rbaycan D\u00f6vl\u0259t Universitetinin (BDU) mexanika-riyaziyyat fak\u00fclt\u0259sini bitirib. 1980-ci ild\u0259 t\u0259yinatla \u015eamax\u0131 rayonunda orta m\u0259kt\u0259bd\u0259 m\u00fc\u0259llim kimi f\u0259aliyy\u0259t\u0259 ba\u015flam\u0131\u015f, 1981-1983-c\u00fc ill\u0259rd\u0259 Az\u0259rbaycan EA RM\u0130-nun X\u00fcsusi Konstruktor B\u00fcrosunda riyaziyyat\u00e7\u0131-m\u00fch\u0259ndis, 1983-c\u00fc ild\u0259n Az\u0259rbaycan Memarl\u0131q v\u0259 \u0130n\u015faat Universitetinin \u201cAli riyaziyyat\u201d kafedras\u0131nda ba\u015f laborant, assistent, dosent hal-haz\u0131rda professor v\u0259zif\u0259sind\u0259 \u00e7al\u0131\u015f\u0131r. 2012-ci ild\u0259n h\u0259m\u00e7inin Az\u0259rbaycan Milli Elml\u0259r Akademiyas\u0131 Riyaziyyat v\u0259 Mexanika \u0130nstitutunun \u201cFunksiyalar n\u0259z\u0259riyy\u0259si\u201d \u015f\u00f6b\u0259sind\u0259 \u0259vv\u0259lc\u0259 apar\u0131c\u0131, hal-haz\u0131rda ba\u015f elmi v\u0259zif\u0259sind\u0259 \u00e7al\u0131\u015f\u0131r.&nbsp;<\/p>\n\n\n\n<p>Alik Malik o\u011flu&nbsp;N\u0259c\u0259fov 1996-ci ild\u0259 01.01.01-Riyazi analiz ixtisas\u0131 \u00fczr\u0259 namiz\u0259dlik dissertasiyas\u0131 m\u00fcdafi\u0259 ed\u0259r\u0259k fizika-riyaziyyat elml\u0259ri namiz\u0259di, 2008-ci ild\u0259&nbsp;is\u0259 01.01.01-Riyazi analiz ixtisas\u0131 \u00fczr\u0259 doktorluq dissertasiyas\u0131 m\u00fcdafi\u0259 ed\u0259r\u0259k fizika-riyaziyyat elml\u0259ri doktoru elmi d\u0259r\u0259c\u0259sini alm\u0131\u015f, 2002-ci ild\u0259 dosent, 2014-c\u00fc ild\u0259 is\u0259 professor elmi ad\u0131n\u0131 &nbsp;alm\u0131\u015fd\u0131r.<\/p>\n\n\n\n<p><strong><em>\u0130nstitutun kollektivi Alik m\u00fc\u0259llimi 65 ya\u015f\u0131 tamam olmas\u0131 m\u00fcnasib\u0259til\u0259 t\u0259brik edir, ona insan h\u0259yat\u0131 \u00fc\u00e7\u00fcn \u0259n d\u0259y\u0259rli nem\u0259t olan can sa\u011fl\u0131\u011f\u0131, uzun \u00f6m\u00fcr, elmi-pedaqoji, ictimai f\u0259aliyy\u0259tind\u0259 m\u00fcv\u0259ff\u0259qiyy\u0259tl\u0259r arzulay\u0131r.<\/em><\/strong><\/p>\n","protected":false},"excerpt":{"rendered":"<p>Alik Malik &nbsp;o\u011flu&nbsp;N\u0259c\u0259fov 01 iyul 1957-ci ild\u0259 K\u00fcrd\u0259mir rayonunun Padar-\u00c7\u00f6l &nbsp;k\u0259ndin-d\u0259&nbsp; anadan olub. 1979-cu&nbsp; ild\u0259 Az\u0259rbaycan D\u00f6vl\u0259t Universitetinin (BDU) mexanika-riyaziyyat fak\u00fclt\u0259sini bitirib. 1980-ci ild\u0259 t\u0259yinatla \u015eamax\u0131 rayonunda orta m\u0259kt\u0259bd\u0259 m\u00fc\u0259llim kimi f\u0259aliyy\u0259t\u0259 ba\u015flam\u0131\u015f, 1981-1983-c\u00fc ill\u0259rd\u0259 Az\u0259rbaycan EA RM\u0130-nun X\u00fcsusi Konstruktor B\u00fcrosunda riyaziyyat\u00e7\u0131-m\u00fch\u0259ndis, 1983-c\u00fc ild\u0259n Az\u0259rbaycan Memarl\u0131q v\u0259 \u0130n\u015faat Universitetinin \u201cAli riyaziyyat\u201d kafedras\u0131nda ba\u015f laborant, assistent, [&hellip;]<\/p>\n","protected":false},"author":6,"featured_media":0,"parent":0,"menu_order":0,"comment_status":"closed","ping_status":"closed","template":"","meta":{"footnotes":""},"_links":{"self":[{"href":"https:\/\/www.imm.az\/exp\/wp-json\/wp\/v2\/pages\/42204"}],"collection":[{"href":"https:\/\/www.imm.az\/exp\/wp-json\/wp\/v2\/pages"}],"about":[{"href":"https:\/\/www.imm.az\/exp\/wp-json\/wp\/v2\/types\/page"}],"author":[{"embeddable":true,"href":"https:\/\/www.imm.az\/exp\/wp-json\/wp\/v2\/users\/6"}],"replies":[{"embeddable":true,"href":"https:\/\/www.imm.az\/exp\/wp-json\/wp\/v2\/comments?post=42204"}],"version-history":[{"count":1,"href":"https:\/\/www.imm.az\/exp\/wp-json\/wp\/v2\/pages\/42204\/revisions"}],"predecessor-version":[{"id":42207,"href":"https:\/\/www.imm.az\/exp\/wp-json\/wp\/v2\/pages\/42204\/revisions\/42207"}],"wp:attachment":[{"href":"https:\/\/www.imm.az\/exp\/wp-json\/wp\/v2\/media?parent=42204"}],"curies":[{"name":"wp","href":"https:\/\/api.w.org\/{rel}","templated":true}]}}