{"id":42208,"date":"2022-10-31T14:23:35","date_gmt":"2022-10-31T10:23:35","guid":{"rendered":"https:\/\/www.imm.az\/exp\/?page_id=42208"},"modified":"2022-10-31T14:27:10","modified_gmt":"2022-10-31T10:27:10","slug":"musayeva-tahir%c9%99-xanimi-55-yasi-munasib%c9%99til%c9%99-t%c9%99brik-edirik","status":"publish","type":"page","link":"https:\/\/www.imm.az\/exp\/musayeva-tahir%c9%99-xanimi-55-yasi-munasib%c9%99til%c9%99-t%c9%99brik-edirik\/","title":{"rendered":"Musayeva Tahir\u0259 xan\u0131m\u0131 55 ya\u015f\u0131 m\u00fcnasib\u0259til\u0259 t\u0259brik edirik!"},"content":{"rendered":"\n<div class=\"wp-block-image\"><figure class=\"alignleft size-large is-resized\"><a href=\"https:\/\/www.imm.az\/exp\/wp-content\/uploads\/2022\/10\/Tahire.jpg\"><img loading=\"lazy\" decoding=\"async\" src=\"https:\/\/www.imm.az\/exp\/wp-content\/uploads\/2022\/10\/Tahire-853x1024.jpg\" alt=\"\" class=\"wp-image-42206\" width=\"119\" height=\"140\"\/><\/a><\/figure><\/div>\n\n\n\n<p class=\"has-text-align-left\">Musayeva Tahir\u0259\u00a0 \u015eakir q\u0131z\u0131 27 sentyabr 1967-ci ild\u0259 T\u0259r-t\u0259r rayonun Buruc k\u0259ndind\u0259 anadan olmu\u015fdur.<\/p>\n\n\n\n<p>1988-ci ild\u0259 Baki D\u00f6vl\u0259t Universitetinin T\u0259tbiqi riyaziyyat fakult\u0259sin\u0259 daxil olmu\u015fdur.<\/p>\n\n\n\n<p>1994-cu ild\u0259n AMEA Riyaziyyat&nbsp; v\u0259 Mexanika \u0130nstitununa i\u015f\u0259 q\u0259bul edilib. 1994- c\u00fc ild\u0259n Laborant, b\u00f6y\u00fck laborant ki\u00e7ik elmi&nbsp; i\u015f\u00e7i,&nbsp; 1999-cu ild\u0259n 2013-cu il\u0259 q\u0259d\u0259r kardlar \u015f\u00f6b\u0259sinin r\u0259isi v\u0259zif\u0259sind\u0259&nbsp; i\u015fl\u0259yib. 2013 cu ilin fervral ayindan indiy\u0259 kimi m\u00fch\u0259ndis-proqramla\u015fd\u0131r\u0131c\u0131 v\u0259zif\u0259sind\u0259 i\u015fini davam etdirir.<\/p>\n\n\n\n<p>\u0130nstitutda d\u0259rc edil\u0259n\u00a0\u00a0 elmi jurnallar\u0131n\u0131n\u00a0 texniki redaktorudur.<\/p>\n\n\n\n<p><\/p>\n\n\n\n<p>&nbsp;Tahir\u0259 xan\u0131m y\u00fcks\u0259k insani keyfiyy\u0259tl\u0259riyl\u0259, d\u0259rin daxili m\u0259d\u0259niyy\u0259tiyl\u0259 \u00fcnsiyy\u0259td\u0259 olan h\u0259r bir insan\u0131n \u00f6z\u00fcn\u0259 qar\u015f\u0131 olan b\u00f6y\u00fck h\u00f6rm\u0259tini v\u0259 ehtiram\u0131n\u0131 qazan\u0131b. T.Musayevaya&nbsp; xas olan insanp\u0259rv\u0259rlik, \u0259m\u0259ksev\u0259rlik, h\u0259ssasl\u0131q v\u0259 qay\u011f\u0131ke\u015flik kimi n\u0259cib insani keyfiyy\u0259tl\u0259r \u00e7al\u0131\u015fd\u0131\u011f\u0131 kollektivd\u0259 ona b\u00f6y\u00fck h\u00f6rm\u0259t v\u0259 r\u0259\u011fb\u0259t qazand\u0131rm\u0131\u015fd\u0131r.<\/p>\n\n\n\n<p>\u0130nstitutun kollektivi Tahir\u0259&nbsp; xan\u0131m\u0131 55 ya\u015f\u0131 tamam olmas\u0131 m\u00fcnas\u0131b\u0259t\u0131l\u0259 t\u0259brik edir, ona h\u0259yat\u0131nda \u0259n d\u0259y\u0259rli nem\u0259t olan can sa\u011fl\u0131\u011f\u0131, sevinc dolu g\u00fcnl\u0259r arzulay\u0131r!<\/p>\n","protected":false},"excerpt":{"rendered":"<p>Musayeva Tahir\u0259\u00a0 \u015eakir q\u0131z\u0131 27 sentyabr 1967-ci ild\u0259 T\u0259r-t\u0259r rayonun Buruc k\u0259ndind\u0259 anadan olmu\u015fdur. 1988-ci ild\u0259 Baki D\u00f6vl\u0259t Universitetinin T\u0259tbiqi riyaziyyat fakult\u0259sin\u0259 daxil olmu\u015fdur. 1994-cu ild\u0259n AMEA Riyaziyyat&nbsp; v\u0259 Mexanika \u0130nstitununa i\u015f\u0259 q\u0259bul edilib. 1994- c\u00fc ild\u0259n Laborant, b\u00f6y\u00fck laborant ki\u00e7ik elmi&nbsp; i\u015f\u00e7i,&nbsp; 1999-cu ild\u0259n 2013-cu il\u0259 q\u0259d\u0259r kardlar \u015f\u00f6b\u0259sinin r\u0259isi v\u0259zif\u0259sind\u0259&nbsp; i\u015fl\u0259yib. 2013 cu [&hellip;]<\/p>\n","protected":false},"author":6,"featured_media":0,"parent":0,"menu_order":0,"comment_status":"closed","ping_status":"closed","template":"","meta":{"footnotes":""},"_links":{"self":[{"href":"https:\/\/www.imm.az\/exp\/wp-json\/wp\/v2\/pages\/42208"}],"collection":[{"href":"https:\/\/www.imm.az\/exp\/wp-json\/wp\/v2\/pages"}],"about":[{"href":"https:\/\/www.imm.az\/exp\/wp-json\/wp\/v2\/types\/page"}],"author":[{"embeddable":true,"href":"https:\/\/www.imm.az\/exp\/wp-json\/wp\/v2\/users\/6"}],"replies":[{"embeddable":true,"href":"https:\/\/www.imm.az\/exp\/wp-json\/wp\/v2\/comments?post=42208"}],"version-history":[{"count":5,"href":"https:\/\/www.imm.az\/exp\/wp-json\/wp\/v2\/pages\/42208\/revisions"}],"predecessor-version":[{"id":42219,"href":"https:\/\/www.imm.az\/exp\/wp-json\/wp\/v2\/pages\/42208\/revisions\/42219"}],"wp:attachment":[{"href":"https:\/\/www.imm.az\/exp\/wp-json\/wp\/v2\/media?parent=42208"}],"curies":[{"name":"wp","href":"https:\/\/api.w.org\/{rel}","templated":true}]}}