{"id":4257,"date":"2015-02-06T15:08:25","date_gmt":"2015-02-06T11:08:25","guid":{"rendered":"http:\/\/www.imm.az\/exp\/?page_id=4257"},"modified":"2016-05-18T11:11:04","modified_gmt":"2016-05-18T07:11:04","slug":"qrantlar","status":"publish","type":"page","link":"https:\/\/www.imm.az\/exp\/qrantlar\/","title":{"rendered":"\u0130nstitutun \u0259m\u0259kda\u015flar\u0131 t\u0259r\u0259find\u0259n al\u0131nm\u0131\u015f qrantlar\u0131n siyah\u0131s\u0131:"},"content":{"rendered":"<p><strong>2015-ci \u00a0il \u00fczr\u0259 qrantlar a\u015fa\u011f\u0131dak\u0131lard\u0131r:<\/strong><\/p>\n<p style=\"text-align: center;\"><strong>The Deanship of Scientific Research, King Abdulaziz Universitetinin qrant<\/strong><br \/>\n<strong>layih\u0259si:<\/strong><\/p>\n<p style=\"text-align: left;\">\u201cS\u0259rh\u0259dd\u0259 operatorun i\u015ftirak etdiyi d\u00f6rdt\u0259rtibli operator diferensial t\u0259nliyin h\u0259ll<br \/>\nolunmas\u0131\u201d.\u00a0(10000 man.) 01.02.2015-30.12.2015 Layih\u0259 r\u0259hb\u0259ri: prof. Araz \u018fliyev<\/p>\n<p style=\"text-align: center;\"><strong>Az\u0259rbaycan\u00a0<\/strong><strong>Respublikas\u0131 Prezidenti yan\u0131nda Elmin \u0130nki\u015faf\u0131 Fondunun g\u0259ncl\u0259r<\/strong><br \/>\n<strong>\u00fc\u00e7\u00fcn ke\u00e7irilmi\u015f m\u00fcsabiq\u0259nin 3 (\u00fc\u00e7) qrant layih\u0259nin qalibi olmu\u015flar:<\/strong><\/p>\n<p style=\"text-align: justify;\">1. &#8220;Parametrd\u0259n as\u0131l\u0131 \u00f6z-\u00f6z\u00fcn\u0259 qo\u015fma olmayan k\u0259sil\u0259n s\u0259rh\u0259d m\u0259s\u0259l\u0259sinin m\u0259xsusi<\/p>\n<p>v\u0259 qo\u015fma funksiyalar sisteminin bazislik xass\u0259l\u0259ri&#8221;\u00a0(7000 man.) Layih\u0259 r\u0259hb\u0259ri: r.e.d. \u018fli H\u00fcseynli<br \/>\n2. &#8220;\u0130kinci t\u0259rtib adi diferensial operatorlar\u0131n spektral n\u0259z\u0259riyy\u0259si il\u0259 ba\u011fl\u0131 b\u0259zi<br \/>\nm\u0259s\u0259l\u0259l\u0259r&#8221;\u00a0(7000 man.) Layih\u0259 r\u0259hb\u0259ri: r.e.d. \u015e\u00fck\u00fcrov Ayd\u0131n<br \/>\n3. &#8220;D\u0259yi\u015f\u0259n d\u0259r\u0259c\u0259li \u00e7\u0259kili Lebeq f\u0259zalar\u0131nda h\u0259y\u0259canlanm\u0131\u015f eksponent sisteminin<br \/>\nbazislik xass\u0259l\u0259ri&#8221;\u00a0(7000 man.) Layih\u0259 r\u0259hb\u0259ri: k.e.i. N\u0259sibova Natavan<\/p>\n<p style=\"text-align: center;\"><strong>AMEA-n\u0131n elan etdiyi Elmi-T\u0259dqiqat Proqramlar\u0131n\u0131n m\u00fcsabiq\u0259sinin qrant layih\u0259si<\/strong><\/p>\n<ol>\n<li style=\"text-align: justify;\">Lokal Morri tipli f\u0259zalarda harmonik analizin m\u00fcasir probleml\u0259ri v\u0259 t\u0259tbiql\u0259ri<br \/>\n(250.000 man) 01.03.2015-01.03.2017 Layih\u0259 r\u0259hb\u0259ri: AMEA-n\u0131n m\u00fcxbir \u00fczv\u00fc, prof. V.S.Quliyev<\/li>\n<\/ol>\n<p style=\"text-align: center;\"><strong>Elmin \u0130nki\u015faf\u0131 Fondu \u00e7\u0259r\u00e7iv\u0259sind\u0259 t\u0259qdim etdiyi qrant layih\u0259<\/strong><\/p>\n<ol>\n<li style=\"text-align: justify;\">Real analizin inteqral operatorlar\u0131n\u0131n b\u0259zi funksional f\u0259zalarda m\u0259hdudlu\u011fu v\u0259 t\u0259tbiql\u0259ri<\/li>\n<\/ol>\n<p style=\"text-align: justify;\">(55.000 man) 01.02.2015-01.02.2016 Layih\u0259 r\u0259hb\u0259ri: AMEA-n\u0131n m\u00fcxbir \u00fczv\u00fc, prof. V.S.Quliyev<\/p>\n<p style=\"text-align: justify;\">2. &#8220;\u00c7oxd\u0259yi\u015f\u0259nli funksiyalar\u0131n ridge funksiyalar\u0131n c\u0259ml\u0259ri \u015f\u0259klind\u0259 g\u00f6st\u0259rilm\u0259si&#8221;.<br \/>\n01.02.2015-01.02.2016 (8000man.)\u00a0Layih\u0259 r\u0259hb\u0259ri: r.e.d. V\u00fcqar \u0130smay\u0131lov.<\/p>\n<p style=\"text-align: justify;\">3.\u00a0 Stasionar v\u0259 qeyri- stasionar parabolik t\u0259nlikl\u0259rin &#8221; z\u0259if&#8221; sistemi \u00fc\u00e7\u00fcn t\u0259rs<br \/>\nm\u0259s\u0259l\u0259l\u0259r . 01.02.2015-01.02.2016 (45000 man.)\u00a0Layih\u0259 r\u0259hb\u0259ri: prof. \u018fdal\u0259t Axundov.<\/p>\n<p><strong>Az\u0259rbaycan Respublikas\u0131n\u0131n Prezidenti yan\u0131nda Elmin \u0130nki\u015faf\u0131 Fondu<\/strong><\/p>\n<ol>\n<li>&#8220;Regional ekoloji monitorinq m\u0259rk\u0259zi sisteminin riyazi modell\u0259\u015fdirilm\u0259si v\u0259 proqram t\u0259minat\u0131&#8221;.<br \/>\n(60.000 man), 01.05.2014 -30.04.2015. Layih\u0259 r\u0259hb\u0259ri: f.-r.e.n., dos. Telman Qas\u0131mov<\/li>\n<\/ol>\n<p style=\"text-align: center;\"><strong>AMEA Elmi-T\u0259dqiqat Proqramlar\u0131 m\u00fcsabiq\u0259si<\/strong><\/p>\n<ol>\n<li>&#8220;Freym n\u0259z\u0259riyy\u0259si-veyvlet analizin seysmologiyada v\u0259 dig\u0259r sah\u0259l\u0259rd\u0259 siqnallar\u0131n emal\u0131na t\u0259tbiqi&#8221;.<br \/>\n(80.000 man). 2015-ci il. Layih\u0259 r\u0259hb\u0259ri: prof. Bilal Bilalov<\/li>\n<\/ol>\n<p style=\"text-align: center;\"><strong>Az\u0259rbaycan Respublikas\u0131 Rabit\u0259 v\u0259 Y\u00fcks\u0259k Texnologiyalar Nazirliyinin tabeliyind\u0259<br \/>\n\u0130nformasiya Texnologiyalar\u0131n\u0131n \u0130nki\u015faf\u0131 D\u00f6vl\u0259t Fondunun qrant layih\u0259l\u0259ri:<\/strong><\/p>\n<ol>\n<li>Paket kommutasiyali \u015f\u0259b\u0259k\u0259l\u0259rd\u0259 qov\u015faq s\u0259viyy\u0259sind\u0259 trafikin ax\u0131n intensivliyin\u0259 g\u00f6r\u0259 optimal idar\u0259etm\u0259 proqram kompleksinin i\u015fl\u0259nm\u0259si.<br \/>\n(10.000 man)\u00a0\u00a0 23.10.2015\u00a0 Layih\u0259 r\u0259hb\u0259ri: f.-r.e.n. Fariz \u0130mranov.<\/li>\n<li>Az\u0259rbaycanda Virtual server VPS\/VDS \u2013 Serverl\u0259rin icar\u0259si xidm\u0259ti.<br \/>\n(10.000 man)\u00a0\u00a0 23.10.2015\u00a0 Layih\u0259 r\u0259hb\u0259ri: V\u00fcsal C\u0259f\u0259rov.<\/li>\n<\/ol>\n<p>&nbsp;<\/p>\n<p><strong>2014-c\u00fc \u00a0il \u00fczr\u0259 qrantlar a\u015fa\u011f\u0131dak\u0131lard\u0131r:<\/strong><\/p>\n<p style=\"text-align: center;\"><strong>AMEA-n\u0131n g\u0259nc aliml\u0259ri \u00fc\u00e7\u00fcn AMEA R\u0259yas\u0259t Hey\u0259tinin qrant m\u00fcsabiq\u0259si.<\/strong><\/p>\n<ol>\n<li style=\"text-align: justify;\">&#8220;Riman s\u0259rh\u0259d m\u0259s\u0259l\u0259sinin abstrakt analoqu v\u0259 onun aproksimasiya m\u0259s\u0259l\u0259l\u0259rin\u0259 t\u0259tbiqi\u201d, 2014-c\u00fc il<br \/>\n(2.500 man; I kateqoriya \u00fczr\u0259 qalib), Layih\u0259 r\u0259hb\u0259ri: r.\u00fc.f.d. S\u0259bin\u0259 Sad\u0131qova<\/li>\n<li style=\"text-align: justify;\">&#8220;D\u0259yi\u015f\u0259n d\u0259r\u0259c\u0259li Lebeq f\u0259zalar\u0131nda h\u0259y\u0259canlanm\u0131\u015f triqonometrik sisteml\u0259rin bazislik xass\u0259l\u0259ri&#8221;, 2014-c\u00fc il<br \/>\n(2.500 man; I kateqoriya \u00fczr\u0259 qalib), Layih\u0259 r\u0259hb\u0259ri: f.-r.e.n., dos. To\u011frul Muradov<\/li>\n<\/ol>\n<p style=\"text-align: center;\"><strong>Az\u0259rbaycan Respublikas\u0131 D\u00f6vl\u0259t Neft \u015eirk\u0259tinin Elm Fondunun qrant layih\u0259l\u0259ri:<\/strong><\/p>\n<ol>\n<li>\u0130\u015fl\u0259nm\u0259 x\u0259rit\u0259l\u0259rinin emal\u0131 v\u0259 yeni istismar quyular\u0131n\u0131n optimal yerl\u0259\u015fdirilm\u0259si \u00fc\u00e7\u00fcn kompyuter-proqram sistemi.<br \/>\n(60.000 man) 10.10.2014-10.04.2016, Layih\u0259 r\u0259hb\u0259ri: prof. Tahir Hac\u0131yev.<\/li>\n<li>Neft hasilat\u0131nda laydaxili yanma prosesl\u0259rinin optimal idar\u0259 edilm\u0259si m\u0259s\u0259l\u0259sinin kompleks t\u0259dqiqi.<br \/>\n(45.000 man) 10.10.2014-10.10.2015, Layih\u0259 r\u0259hb\u0259ri: r.\u00fc.f.d. Rafiq Teymurov.<\/li>\n<\/ol>\n<p style=\"text-align: center;\"><strong>Az\u0259rbaycan Respublikas\u0131 Prezidenti yan\u0131nda Elmin \u0130nki\u015faf\u0131 Fondunun qrant layih\u0259l\u0259ri:<\/strong><\/p>\n<ol>\n<li>&#8220;Real analizin inteqral operatorlar\u0131n\u0131n b\u0259zi funksional f\u0259zalarda m\u0259hdudlu\u011fu v\u0259 t\u0259tbiql\u0259ri<br \/>\n(55.000 man.) Layih\u0259 r\u0259hb\u0259ri: AMEA-n\u0131n m\u00fcxbir \u00fczv\u00fc Vaqif Quliyev.<\/li>\n<li>&#8220;\u00c7oxd\u0259yi\u015f\u0259nli funksiyalar\u0131n ridge funsiyalar\u0131n c\u0259ml\u0259ru \u015f\u0259klind\u0259 g\u00f6st\u0259rilm\u0259si&#8221;.<br \/>\n(8.000 man.) Layih\u0259 r\u0259hb\u0259ri: r.e.d. V\u00fcqar \u0130smay\u0131lov.<\/li>\n<li>&#8220;Stasionar v\u0259 qeyri-stasionar parabolik t\u0259nlikl\u0259rin &#8220;z\u0259if&#8221; sistemi \u00fc\u00e7\u00fcn t\u0259rs m\u0259s\u0259l\u0259l\u0259r &#8220;.(45.000 man.) Layih\u0259 r\u0259hb\u0259ri: prof. \u018fdal\u0259t Axundov.<\/li>\n<\/ol>\n<p>&nbsp;<\/p>\n<p><strong>2013-c\u00fc\u00a0 il \u00fczr\u0259 qrantlar a\u015fa\u011f\u0131dak\u0131lard\u0131r:<\/strong><\/p>\n<p style=\"text-align: center;\"><strong>Az\u0259rbaycan Respublikas\u0131 Prezidenti yan\u0131nda Elmin \u0130nki\u015faf\u0131 Fondunun <\/strong><strong>qrant layih\u0259l\u0259ri:<\/strong><\/p>\n<p style=\"text-align: center;\"><strong>\u00a0(G\u0259nc aliml\u0259r \u00fc\u00e7\u00fcn)<\/strong><\/p>\n<ol>\n<li>&#8220;X\u00fcsusi t\u00f6r\u0259m\u0259li parabolik v\u0259 elliptik tipli t\u0259nlikl\u0259r \u00fc\u00e7\u00fcn b\u0259zi yeni aradan qald\u0131r\u0131la bil\u0259n m\u0259xsusiyy\u0259t m\u0259s\u0259l\u0259l\u0259ri&#8221;.<br \/>\n(9.000 man.) Layih\u0259 r\u0259hb\u0259ri: f-r.e.n. V\u0259fa M\u0259mm\u0259dova 01.05.2014-01.05.2015.<\/li>\n<li>&#8220;\u00c7\u0259kili Smirnov sinifl\u0259rind\u0259 Faber \u00e7oxh\u0259dlil\u0259rind\u0259n ibar\u0259t bazisl\u0259r&#8221;.<br \/>\n(5.000 man.) Layih\u0259 r\u0259hb\u0259ri: f-r.e.n. S\u0259bin\u0259 Sad\u0131qova 01.05.2014-01.05.2015.<\/li>\n<\/ol>\n<p style=\"text-align: center;\"><strong>Az\u0259rbaycan Respublikas\u0131 D\u00f6vl\u0259t Neft \u015eirk\u0259tinin Elm Fondunun qrant layih\u0259l\u0259ri:<\/strong><\/p>\n<ol>\n<li>&#8220;B\u00f6y\u00fck d\u0259rinlikl\u0259rd\u0259 yerl\u0259\u015f\u0259n m\u00fcr\u0259kk\u0259b geoloji-fiziki x\u00fcsusiyy\u0259tl\u0259r\u0259 malik karbohidrogen yataqlar\u0131nda neftveriminin art\u0131r\u0131lmas\u0131 \u00fc\u00e7\u00fcn yeni \u00fcsullar\u0131n haz\u0131rlanmas\u0131n\u0131n elmi \u0259saslar\u0131&#8221; (90.000man) Layih\u0259 r\u0259hb\u0259ri: akademik Akif Hac\u0131yev.15.10.2013-15.10.2015.<\/li>\n<li>&#8220;Riyazi statistika \u00fcsullar\u0131 il\u0259 quyular\u0131n optimal i\u015f rejiml\u0259rinin operativ t\u0259yini \u00fc\u00e7\u00fcn proqram t\u0259minat\u0131&#8221; .<br \/>\n(90.000 man.) Layih\u0259 r\u0259hb\u0259ri: prof. Qabil \u018fliyev 15.10.2013-215.10.2015<\/li>\n<li>&#8220;\u0130kiqat laya malik neyron \u015f\u0259b\u0259k\u0259l\u0259rin neft hasilat\u0131n\u0131n optimalla\u015fd\u0131r\u0131lmas\u0131 m\u0259s\u0259l\u0259l\u0259rind\u0259 rolu&#8221;.<br \/>\n(12.000 man.) Layih\u0259 r\u0259hb\u0259ri: f-r.e.n., dos. V\u00fcqar \u0130smay\u0131lov 15.10.2013-215.10.2015.<\/li>\n<li>&#8220;Neftqaz\u00e7\u0131xarmada v\u0259 da\u015f\u0131nmada istifad\u0259 olunan konstruksiya elementl\u0259rinin m\u00f6hk\u0259mlik xarakteristikalar\u0131n\u0131n t\u0259dqiqi v\u0259 konstruksiyan\u0131n optimal variant\u0131n\u0131n se\u00e7ilm\u0259si&#8221;.<br \/>\n(80.000 man.) Layih\u0259 r\u0259hb\u0259ri: prof. Vaqif Hac\u0131yev 15.10.2013-215.10.2015.<\/li>\n<\/ol>\n<p style=\"text-align: center;\"><strong>T\u00fcrkiy\u0259nin Ahi-Evran Universitetinin <\/strong><strong>qrant layih\u0259l\u0259ri:<\/strong><\/p>\n<ol>\n<li>\u201cK\u0259sr inteqral operatorlar\u0131n \u00fcmumil\u0259\u015fmi\u015f Orli\u00e7-Morri f\u0259zalar\u0131nda m\u0259hdudlu\u011fu\u201d<br \/>\n(2.000 man) Layih\u0259 r\u0259hb\u0259ri: prof. Vaqif Quliyev. 02.10.2013-02.10.2014<\/li>\n<li>\u201cHarmonik analizin inteqral operatorlar\u0131n\u0131n Orli\u00e7-Morri f\u0259zalar\u0131nda m\u0259hdudlu\u011fu\u201d<br \/>\n(4.500 man) Layih\u0259 r\u0259hb\u0259ri: prof. Vaqif Quliyev. 16.06.2013-16.06.2015<\/li>\n<\/ol>\n<p>&nbsp;<\/p>\n<p style=\"text-align: left;\"><strong>2012-ci il \u00fczr\u0259 qrantlar a\u015fa\u011f\u0131dak\u0131lard\u0131r:<\/strong><\/p>\n<p style=\"text-align: center;\"><strong>Az\u0259rbaycan Respublikas\u0131 Prezidenti yan\u0131nda Elmin \u0130nki\u015faf\u0131 Fondunun qrant layih\u0259l\u0259ri:<\/strong><\/p>\n<ol>\n<li>&#8220;Analitik funksiyalar \u00fc\u00e7\u00fcn Riman s\u0259rh\u0259d m\u0259s\u0259l\u0259sinin abstrakt analoqu v\u0259 onu t\u0259tbiqi&#8221;.<br \/>\n(10.000man) Layih\u0259 r\u0259hb\u0259ri: Bilal Bilalov.<\/li>\n<li>&#8220;Qeyri stasionar t\u0259nlikl\u0259rin sonsuzlu\u011fa ged\u0259n h\u0259ll\u0259ri&#8221;.<br \/>\n(9.000man) Layih\u0259 r\u0259hb\u0259ri: Tahir Hac\u0131yev.<\/li>\n<li>&#8220;Mineral tullant\u0131lardan istifad\u0259 etm\u0259kl\u0259 parnik effekti riskinin azald\u0131lmas\u0131 v\u0259 neftqaz\u00e7\u0131xarmada fraktal strukturlar\u0131n t\u0259nziml\u0259nm\u0259si metodlar\u0131n\u0131n i\u015fl\u0259nm\u0259si&#8221;.<br \/>\n(40.000man) Layih\u0259 r\u0259hb\u0259ri: Qeylani P\u0259nahov.<\/li>\n<li>&#8220;H\u0259y\u0259canlanm\u0131\u015f eksponent sisteminin Lebeq f\u0259zalar\u0131nda bazislik xass\u0259l\u0259rinin t\u0259dqiqi&#8221;.<br \/>\n(4.000man) Layih\u0259 r\u0259hb\u0259ri: To\u011frul Muradov.<\/li>\n<li>&#8220;X\u0259z\u0259r d\u0259nizind\u0259 k\u00fcl\u0259kl\u0259rin qlobal vektorunun t\u0259siri alt\u0131nda formala\u015fan ax\u0131nlar\u0131n riyazi modell\u0259\u015fdirilm\u0259si v\u0259 vizualla\u015fd\u0131r\u0131lmas\u0131&#8221;.<br \/>\n(20.000man) Layih\u0259 r\u0259hb\u0259ri: Fariz \u0130mranov.<\/li>\n<li>&#8220;Harmonik analizin inteqral operatorlar\u0131n\u0131n funksional f\u0259zalarda m\u0259hdudlu\u011fu v\u0259 b\u0259zi t\u0259tbiql\u0259ri&#8221;.<br \/>\n(60.000man) Layih\u0259 r\u0259hb\u0259ri: Akif Hac\u0131yev.<\/li>\n<li>&#8220;X\u0259tti superpozisiyalar\u0131n yax\u0131nla\u015fd\u0131rma xass\u0259l\u0259ri v\u0259 neyron \u015f\u0259b\u0259k\u0259l\u0259r\u0259 t\u0259tbiql\u0259ri&#8221;.<br \/>\n(9.000man) Layih\u0259 r\u0259hb\u0259ri: V\u00fcqar \u0130smay\u0131lov.<\/li>\n<li>&#8220;Sobolev t\u0259nliyi \u00fc\u00e7\u00fcn Ko\u015fi v\u0259 qar\u0131\u015f\u0131q m\u0259s\u0259l\u0259l\u0259rin h\u0259ll\u0259rinin zaman\u0131n b\u00f6y\u00fck qiym\u0259tl\u0259rind\u0259 asimptotik ayr\u0131l\u0131\u015f\u0131&#8221;.<br \/>\n(10.000man) Layih\u0259 r\u0259hb\u0259ri: Bala \u0130sg\u0259nd\u0259rov.<\/li>\n<li>&#8220;Spektral parametrli ikinci t\u0259rtib diferensial-operator t\u0259nlik \u00fc\u00e7\u00fcn s\u0259rh\u0259d m\u0259s\u0259l\u0259sinin h\u0259ll olunmas\u0131&#8221;.<br \/>\n(6.000man) Layih\u0259 r\u0259hb\u0259ri: B\u0259hram \u018fliyev. Bala \u0130sg\u0259nd\u0259rov.<\/li>\n<li>&#8220;Operator \u0259msall\u0131 diferensial-operatorlar\u0131n spektr v\u0259 izinin t\u0259dqiqi&#8221;.<br \/>\n(7.000man) Layih\u0259 r\u0259hb\u0259ri: M\u0259mm\u0259d Bayramo\u011flu.<\/li>\n<li>&#8220;N\u0259sr\u0259ddin Tusinin riyazi v\u0259 m\u0259ntiqi \u0259s\u0259rl\u0259rinin t\u0259dqiqi&#8221;.<br \/>\n(40.000man) Layih\u0259 r\u0259hb\u0259ri: \u018fli Babayev.<\/li>\n<li>&#8220;X\u0259tti m\u00fcsb\u0259t operatorlar\u0131n yax\u0131nla\u015fmas\u0131n\u0131n t\u0259dqiqi&#8221;.<br \/>\n(8.000man) Layih\u0259 r\u0259hb\u0259ri: A.H.M\u0259mm\u0259dova.<\/li>\n<li>&#8220;Yar\u0131mx\u0259tti hiperbolik t\u0259nlikl\u0259r \u00fc\u00e7\u00fcn Ko\u015fi m\u0259s\u0259l\u0259sinin qlobal h\u0259ll olunmas\u0131&#8221;.<br \/>\n(8.000man) Layih\u0259 r\u0259hb\u0259ri: \u018fkb\u0259r \u018fliyev.<\/li>\n<\/ol>\n<p style=\"text-align: center;\"><strong>T\u00fcrkiy\u0259nin Elmi v\u0259 Texnoloji T\u0259dqiqatlar Konsullu\u011funun qrant layih\u0259si:<\/strong><\/p>\n<ol>\n<li>&#8220;Harmonik analizin operatorlar\u0131 yeni tip f\u0259zalarda: \u00fcmumil\u0259\u015fmi\u015f Morri f\u0259zalar\u0131 v\u0259 \u00fcmumil\u0259\u015fmi\u015f d\u0259yi\u015fk\u0259n \u00fcstl\u00fc Morri f\u0259zalar\u0131 v\u0259 b\u0259zi t\u0259tbiql\u0259ri&#8221;.<br \/>\n(120.000YTL) Layih\u0259 r\u0259hb\u0259ri: Vaqif Quliyev.<\/li>\n<\/ol>\n<p style=\"text-align: center;\"><strong>T\u00fcrkiy\u0259nin Ahi-Evran Universitetinin qrant layih\u0259l\u0259ri:<\/strong><\/p>\n<ol>\n<li>\u201cHeisenberg qruplar\u0131nda tan\u0131mlanan Schredinger tipli kesirli inteqral operatoru v\u0259 onun komutatoru \u00fc\u00e7\u00fcn Morri E\u015fitsizlikl\u0259ri v\u0259 uy\u011fulamalar\u0131\u201d.<br \/>\n(6.000 YTL) Layih\u0259 r\u0259hb\u0259ri:\u00a0 Vaqif Quliyev.<\/li>\n<li>\u201cCarnot qruplar\u0131ndak\u0131 maksimal, kesirli maksimal v\u0259\u00a0 Riesz Potensiyel Operatorlar\u0131n\u0131n Genelle\u015ftirilmi\u015f Morri uzaylar\u0131ndak\u0131 s\u0131n\u0131rl\u0131l\u0131\u011f\u0131 v\u0259 Uy\u011fulamalar\u0131\u201d .<br \/>\n(6.000man) Layih\u0259 r\u0259hb\u0259ri: V.S. Quliyev.<\/li>\n<li>\u201cMorri tipli Uzaylarda Maksimal Operatorunun v\u0259 Tekil \u0130nteqral Operatorunun S\u0131n\u0131rl\u0131l\u0131\u011f\u0131 v\u0259 Uy\u011fulamalar\u0131\u201d .<br \/>\n(4.000 YTL) Layih\u0259 r\u0259hb\u0259ri: Vaqif Quliyev.<\/li>\n<\/ol>\n<p style=\"text-align: center;\"><strong>Az\u0259rbaycan Respublikas\u0131 D\u00f6vl\u0259t Neft \u015eirk\u0259tinin (ARDN\u015e) Elm Fondunun <\/strong><strong>qrant layih\u0259l\u0259ri:<\/strong><\/p>\n<ol>\n<li>\u201cNeft quyular\u0131n\u0131n istismar\u0131 zaman\u0131 lay t\u0259zyiqinin b\u0259rpas\u0131\u201d .<br \/>\n(23.512 man) Layih\u0259 r\u0259hb\u0259ri: Bilal Bilalov.<\/li>\n<li>\u201cKarbohidrogen \u00e7irkl\u0259nm\u0259l\u0259rinin\u00a0 su s\u0259thind\u0259 yay\u0131lma dinamikas\u0131\u201d .<br \/>\n(45.000man)\u00a0 Layih\u0259 r\u0259hb\u0259ri: \u018fkb\u0259r \u018fliyev.<\/li>\n<li>\u201cDur\u011fun neft sah\u0259l\u0259rinin\u00a0 t\u0259yini, istismar v\u0259 vurucu quyular\u0131n optimal yerl\u0259\u015fdirilm\u0259si \u00fc\u00e7\u00fcn alqoritml\u0259r v\u0259 proqram t\u0259minat\u0131\u201d .<br \/>\n(160.000man) Layih\u0259 r\u0259hb\u0259ri: Soltan \u018fliyev.<\/li>\n<\/ol>\n<p>&nbsp;<\/p>\n<p><strong>2011-ci il \u00fczr\u0259 qrantlar a\u015fa\u011f\u0131dak\u0131lard\u0131r:<\/strong><\/p>\n<p style=\"text-align: center;\"><strong>Az\u0259rbaycan Respublikas\u0131 Prezidenti yan\u0131nda Elmin \u0130nki\u015faf\u0131 Fondunun <\/strong><strong>qrant layih\u0259l\u0259ri:<\/strong><\/p>\n<ol>\n<li>\u00abAnalitik funksiyalar \u00fc\u00e7\u00fcn Riman s\u0259rh\u0259d m\u0259s\u0259l\u0259sinin abstrakt\u00a0 analoqu v\u0259 onun t\u0259tbiqi\u00bb.<br \/>\n(10,000man). Layih\u0259 r\u0259hb\u0259ri: Bilal Bilalov.<\/li>\n<li>\u00abQeyri stasionar t\u0259nlikl\u0259rin sonsuzlu\u011fa ged\u0259n h\u0259ll\u0259ri\u00bb.<br \/>\n(9.000 man.) Layih\u0259 r\u0259hb\u0259ri:\u00a0 Tahir Hac\u0131yev.<\/li>\n<li>\u00abMineral tullant\u0131lardan itsifad\u0259\u00a0 etm\u0259kl\u0259 parnik effekti riskinin azald\u0131lmas\u0131\u00bb.<br \/>\n(40.000 man.) Layih\u0259 r\u0259hb\u0259ri:\u00a0 \u00a0Geylani P\u0259nahov.<\/li>\n<li>\u00abQaynar m\u0259hsulun \u00f6t\u00fcr\u00fcl\u0259n qal\u0131n borunun uzunm\u00fcdd\u0259tli m\u00f6hk\u0259mliyi\u00bb.<br \/>\n(9.000 man.) Layih\u0259 r\u0259hb\u0259ri:M\u0259mm\u0259d Axundov.<\/li>\n<li>\u00abX\u0259z\u0259r d\u0259nizind\u0259 k\u00fcl\u0259kl\u0259rin qlobal vektorunun t\u0259siri alt\u0131nda formala\u015fan ax\u0131nlar\u0131n riyazi modell\u0259\u015fdirim\u0259si v\u0259 vizualla\u015fd\u0131r\u0131lmas\u0131\u00bb.<br \/>\n(20.000 man.) Layih\u0259 r\u0259hb\u0259ri:Fariz \u0130mranov .<\/li>\n<li>\u00abHarmonik analizin inteqral operatorlar\u0131n\u0131n funksional f\u0259zalarda m\u0259hdudlu\u011fu v\u0259 b\u0259zi t\u0259tbiql\u0259ri\u00bb.<br \/>\n(60.000man.) Layih\u0259 r\u0259hb\u0259ri:\u00a0 Akif Hac\u0131yev.<\/li>\n<li>\u00abX\u0259tti superpozisiyalar\u0131n yax\u0131nla\u015fd\u0131rma xass\u0259l\u0259ri v\u0259 neyron \u015f\u0259b\u0259k\u0259l\u0259r\u0259 t\u0259tbiql\u0259ri\u00bb.<br \/>\n(9.000 man.) Layih\u0259 r\u0259hb\u0259ri: V\u00fcqar \u0130smay\u0131lov.<\/li>\n<li>\u00abSobolev t\u0259nliyi \u00fc\u00e7\u00fcn Ko\u015fi v\u0259 qar\u0131\u015f\u0131q m\u0259s\u0259l\u0259l\u0259rin h\u0259ll\u0259rinin zaman\u0131n b\u00f6y\u00fck qiym\u0259tl\u0259rind\u0259 asimptotik ayr\u0131l\u0131\u015f\u0131\u00bb.<br \/>\n(10.000 man.) Layih\u0259 r\u0259hb\u0259ri: Bala \u0130sg\u0259nd\u0259rov.<\/li>\n<li>\u00abSpektral parametrli ikinci t\u0259rtib diferensial-operator t\u0259nlik \u00fc\u00e7\u00fcn s\u0259rh\u0259d m\u0259s\u0259l\u0259sinin h\u0259ll olunmas\u0131\u00bb.<br \/>\n(6.000 man.) Layih\u0259 r\u0259hb\u0259ri:\u00a0 B\u0259hram \u018fliyev.<\/li>\n<li>\u00abOperator \u0259msall\u0131 diferensial-operatorlar\u0131n spektr v\u0259 izinin t\u0259dqiqi\u00bb.<br \/>\n(7.000 man.) Layih\u0259 r\u0259hb\u0259ri:M\u0259mm\u0259d Bayramo\u011flu.<\/li>\n<li>\u00abN\u0259sr\u0259ddin Tusinin riyazi v\u0259 m\u0259ntiqi \u0259s\u0259rl\u0259rinin t\u0259dqiqi\u00bb.<br \/>\n(40.000 man.) Layih\u0259 r\u0259hb\u0259ri: \u018fli Babayev.<\/li>\n<li>\u00abYar\u0131mx\u0259tti hiperbolik t\u0259nlikl\u0259r \u00fc\u00e7\u00fcn Ko\u015fi m\u0259s\u0259l\u0259sinin qlobal h\u0259ll olunmas\u0131\u00bb.<br \/>\n(8.000 man.) Layih\u0259 r\u0259hb\u0259ri: \u018fkb\u0259r \u018fliyev.<\/li>\n<\/ol>\n<p style=\"text-align: center;\"><strong>T\u00fcrkiy\u0259 Elmi v\u0259 Texnoloji\u00a0 T\u0259dqiqatlar Konsullu\u011funun (TUB\u0130TAK) <\/strong><strong>qrant layih\u0259si:<\/strong><\/p>\n<ol>\n<li>\u00abHarmonik analizin operatorlar\u0131 yeni tip f\u0259zalarda; \u00dcmumil\u0259\u015fmi\u015f Morri f\u0259zalar\u0131 v\u0259 \u00fcmumil\u0259\u015fmi\u015f d\u0259yi\u015fk\u0259n \u00fcstl\u00fc Morri f\u0259zalar\u0131 v\u0259 b\u0259zi t\u0259tbiql\u0259ri\u00bb.<br \/>\n(150,000 yeni t\u00fcrk lir\u0259si) Layih\u0259 r\u0259hb\u0259ri: Vaqif Quliyev.<\/li>\n<\/ol>\n<p>&nbsp;<\/p>\n<p><strong>2010-cu il \u00fczr\u0259 qrantlar a\u015fa\u011f\u0131dak\u0131lard\u0131r:<\/strong><\/p>\n<p style=\"text-align: center;\"><strong>Amerika-Az\u0259rbaycan ikit\u0259r\u0259fli birg\u0259 qrant layih\u0259si:<\/strong><\/p>\n<ol>\n<li>&#8220;Potensials and Carleson Measures on Besov-Morrey type Spaces&#8221;.<br \/>\n(40.000 $) Layih\u0259 r\u0259hb\u0259ri: f.-r.e.d., prof. Vaqif Quliyev.<\/li>\n<\/ol>\n<p style=\"text-align: center;\"><strong>Az\u0259rbaycan Milli Elm Fondu (AMEF) v\u0259 AB\u015e M\u00fclki T\u0259dqiqatlar v\u0259<\/strong><strong><br \/>\n\u0130nki\u015faf Fondu (MT\u0130F) Biznes \u018fm\u0259kda\u015fl\u0131\u011f\u0131 Proqram\u0131 qrant layih\u0259si:<\/strong><\/p>\n<ol>\n<li>&#8220;Karbohidrogenl\u0259ri reservuarlarda saxlad\u0131qda itkil\u0259rin aradan qald\u0131r\u0131lmas\u0131 il\u0259 \u0259traf m\u00fchit ekologiyas\u0131n\u0131n z\u0259r\u0259rsizli\u015fdirilm\u0259si texnologiyalar &#8221;<br \/>\n(10.000 man.) Layih\u0259 r\u0259hb\u0259ri: RTEA-n\u0131n akademiki, t.e.d, Qeylani P\u0259nahov.<\/li>\n<\/ol>\n<p style=\"text-align: center;\"><strong>Az\u0259rbaycan Respublikas\u0131 Prezidenti yan\u0131nda Elmin \u0130nki\u015faf\u0131 Fondunun qrant layih\u0259l\u0259ri:<\/strong><\/p>\n<ol>\n<li>&#8220;Harmonik analizin inteqral operatorlar\u0131n\u0131n b\u0259zi funksional f\u0259zalarda m\u0259hdudlu\u011fu v\u0259 t\u0259tbiql\u0259ri&#8221;.<br \/>\n(60.000 man.) Layih\u0259 r\u0259hb\u0259ri: akademik Akif Hac\u0131yev.<\/li>\n<li>&#8220;Mineral tullant\u0131lardan istifad\u0259 etm\u0259kl\u0259 parnik effekti riskinin azald\u0131lmas\u0131 v\u0259 neft\u00e7\u0131xarmada fraktal struktularr\u0131n t\u0259nziml\u0259nm\u0259si metodlar\u0131n\u0131n i\u015fl\u0259nm\u0259si&#8221;.<br \/>\n(40.000 man.) Layih\u0259 r\u0259hb\u0259ri: RTEA-n\u0131n akademik, t.e.d, Qeylani P\u0259nahov.<\/li>\n<li>&#8220;Analitik funksiyalar \u00fc\u00e7\u00fcn Riman s\u0259rh\u0259d m\u0259s\u0259l\u0259sinin abstrakt analoqu v\u0259 onun t\u0259tbiql\u0259ri &#8220;.<br \/>\n(10.000 man.) Layih\u0259 r\u0259hb\u0259ri : f.-r.e.d., prof. Bilal Bilalov.<\/li>\n<li>&#8220;Sobolev t\u0259nliyi \u00fc\u00e7\u00fcn Ko\u015fi m\u0259s\u0259l\u0259si v\u0259 s\u0259rh\u0259d m\u0259sl\u0259l\u0259rinin h\u0259ll\u0259rinin \u00a0olduqda asimptotik ayr\u0131l\u0131\u015f\u0131&#8221;.<br \/>\n(10.000 man.) Layih\u0259nin r\u0259hb\u0259ri: AMEA-n\u0131n m\u00fcxbir \u00fczv\u00fc Bala \u0130sg\u0259nd\u0259rov.<\/li>\n<li>&#8220;X\u0259ti superpozisiyalar\u0131n yax\u0131nla\u015fd\u0131rma xass\u0259l\u0259ri v\u0259 neyron \u015f\u0259b\u0131k\u0259l\u0259r\u0259 t\u0259tbiql\u0259ri&#8221;.<br \/>\n(9.000 man. ) Layih\u0259 r\u0259hb\u0259ri : f.-r.e.n., V\u00fcqar \u0130smay\u0131lov.<\/li>\n<li>&#8220;X\u0259z\u0259r d\u0259nizind\u0259 k\u00fcl\u0259kl\u0259rin qlobal vektorunun t\u0259siri alt\u0131nda formala\u015fan ax\u0131nlar\u0131n riyazi modell\u0259\u015fdirilm\u0259si v\u0259 vizualla\u015fd\u0131r\u0131lmas\u0131&#8221;.<br \/>\n(20.000 man.) Layih\u0259 r\u0259hb\u0259ri : f.-r.e.n., Fariz \u0130manov.<\/li>\n<\/ol>\n","protected":false},"excerpt":{"rendered":"<p>2015-ci \u00a0il \u00fczr\u0259 qrantlar a\u015fa\u011f\u0131dak\u0131lard\u0131r: The Deanship of Scientific Research, King Abdulaziz Universitetinin qrant layih\u0259si: \u201cS\u0259rh\u0259dd\u0259 operatorun i\u015ftirak etdiyi d\u00f6rdt\u0259rtibli operator diferensial t\u0259nliyin h\u0259ll olunmas\u0131\u201d.\u00a0(10000 man.) 01.02.2015-30.12.2015 Layih\u0259 r\u0259hb\u0259ri: prof. Araz \u018fliyev Az\u0259rbaycan\u00a0Respublikas\u0131 Prezidenti yan\u0131nda Elmin \u0130nki\u015faf\u0131 Fondunun g\u0259ncl\u0259r \u00fc\u00e7\u00fcn ke\u00e7irilmi\u015f m\u00fcsabiq\u0259nin 3 (\u00fc\u00e7) qrant layih\u0259nin qalibi olmu\u015flar: 1. &#8220;Parametrd\u0259n as\u0131l\u0131 \u00f6z-\u00f6z\u00fcn\u0259 qo\u015fma olmayan k\u0259sil\u0259n [&hellip;]<\/p>\n","protected":false},"author":6,"featured_media":0,"parent":0,"menu_order":0,"comment_status":"open","ping_status":"open","template":"","meta":{"footnotes":""},"_links":{"self":[{"href":"https:\/\/www.imm.az\/exp\/wp-json\/wp\/v2\/pages\/4257"}],"collection":[{"href":"https:\/\/www.imm.az\/exp\/wp-json\/wp\/v2\/pages"}],"about":[{"href":"https:\/\/www.imm.az\/exp\/wp-json\/wp\/v2\/types\/page"}],"author":[{"embeddable":true,"href":"https:\/\/www.imm.az\/exp\/wp-json\/wp\/v2\/users\/6"}],"replies":[{"embeddable":true,"href":"https:\/\/www.imm.az\/exp\/wp-json\/wp\/v2\/comments?post=4257"}],"version-history":[{"count":18,"href":"https:\/\/www.imm.az\/exp\/wp-json\/wp\/v2\/pages\/4257\/revisions"}],"predecessor-version":[{"id":4274,"href":"https:\/\/www.imm.az\/exp\/wp-json\/wp\/v2\/pages\/4257\/revisions\/4274"}],"wp:attachment":[{"href":"https:\/\/www.imm.az\/exp\/wp-json\/wp\/v2\/media?parent=4257"}],"curies":[{"name":"wp","href":"https:\/\/api.w.org\/{rel}","templated":true}]}}