{"id":4435,"date":"2015-03-12T16:34:22","date_gmt":"2015-03-12T12:34:22","guid":{"rendered":"http:\/\/www.imm.az\/exp\/?page_id=4435"},"modified":"2018-11-30T15:21:12","modified_gmt":"2018-11-30T11:21:12","slug":"elmi-tematik-seminar-uzvl%c9%99rinin-siyahisi","status":"publish","type":"page","link":"https:\/\/www.imm.az\/exp\/elmi-tematik-seminar-uzvl%c9%99rinin-siyahisi\/","title":{"rendered":"Elmi Tematik Seminar \u00fczvl\u0259rinin siyah\u0131s\u0131"},"content":{"rendered":"<table border=\"0\" cellspacing=\"0\" cellpadding=\"0\">\n<tbody>\n<tr>\n<td valign=\"top\">1<\/td>\n<td valign=\"top\">Mirz\u0259yev Sabir Sultana\u011fa o\u011flu<br \/>\n(S\u0259dr)<\/td>\n<td valign=\"top\">fizika-riyaziyyat elml\u0259ri doktoru, professor<br \/>\n1202.01, 1211.01.<\/td>\n<\/tr>\n<tr>\n<td valign=\"top\">2<\/td>\n<td valign=\"top\">P\u0259nahov Qeylani Minhac o\u011flu<br \/>\n(S\u0259dr m\u00fcavini)<\/td>\n<td valign=\"top\">AMEA-n\u0131n m\u00fcxbir \u00fczv\u00fc, fizika-riyaziyyat elml\u0259ri doktoru, professor<br \/>\n2002.01.<\/td>\n<\/tr>\n<tr>\n<td valign=\"top\">3<\/td>\n<td valign=\"top\">Quliyev \u018fbd\u00fcrr\u0259him F\u0259rman o\u011flu<br \/>\n(katib)<\/td>\n<td valign=\"top\">fizika-riyaziyyat elml\u0259ri namiz\u0259di<br \/>\n1211.01.<\/td>\n<\/tr>\n<tr>\n<td valign=\"top\">4.<\/td>\n<td valign=\"top\">M\u0259mm\u0259d Bayramo\u011flu<\/td>\n<td valign=\"top\">Fizika-riyaziyyat elml\u0259ri doktoru, professor<br \/>\n1211.01, 1202.01.<\/td>\n<\/tr>\n<tr>\n<td valign=\"top\">5.<\/td>\n<td valign=\"top\">\u0130smay\u0131lov V\u00fcqar Elman o\u011flu<\/td>\n<td valign=\"top\">AMEA-n\u0131n professoru, riyaziyyat \u00fczr\u0259 elml\u0259r doktoru<br \/>\n1202.01.<\/td>\n<\/tr>\n<tr>\n<td valign=\"top\">6.<\/td>\n<td valign=\"top\">B\u0259nd\u0259liyev R\u00f6v\u015f\u0259n \u018flifa\u011fa o\u011flu<\/td>\n<td valign=\"top\">AMEA-n\u0131n professoru, riyaziyyat \u00fczr\u0259 elml\u0259r doktoru<br \/>\n1202.01.<\/td>\n<\/tr>\n<tr>\n<td valign=\"top\">7.<\/td>\n<td valign=\"top\">Hac\u0131yev Tahir S\u0259di o\u011flu<\/td>\n<td valign=\"top\">fizika-riyaziyyat elml\u0259ri doktoru, professor<br \/>\n1211.01, 2002.01.<\/td>\n<\/tr>\n<tr>\n<td valign=\"top\">8.<\/td>\n<td valign=\"top\">Hac\u0131yev Vaqif Camal o\u011flu<\/td>\n<td valign=\"top\">fizika-riyaziyyat elml\u0259ri doktoru, professor<br \/>\n2002.01.<\/td>\n<\/tr>\n<tr>\n<td valign=\"top\">9.<\/td>\n<td valign=\"top\">Xanm\u0259mm\u0259dov Aqil Xanm\u0259mm\u0259d o\u011flu<\/td>\n<td valign=\"top\">fizika-riyaziyyat elml\u0259ri doktoru, professor<br \/>\n1202.01.<\/td>\n<\/tr>\n<tr>\n<td valign=\"top\">10.<\/td>\n<td valign=\"top\">Quliyev Hamlet F\u0259rman o\u011flu<\/td>\n<td valign=\"top\">Fizika-riyaziyyat elml\u0259ri doktoru, professor 1214.01.<\/td>\n<\/tr>\n<tr>\n<td valign=\"top\">11.<\/td>\n<td valign=\"top\">N\u0259biyev \u0130brahim May\u0131l o\u011flu<\/td>\n<td valign=\"top\">fizika-riyaziyyat elml\u0259ri doktoru, professor<br \/>\n1202.01.<\/td>\n<\/tr>\n<tr>\n<td valign=\"top\">12.<\/td>\n<td valign=\"top\">M\u0259mm\u0259dov \u0130lqar\u00a0 Q\u00fcrb\u0259t o\u011flu<\/td>\n<td valign=\"top\">AMEA-n\u0131n professoru, riyaziyyat \u00fczr\u0259 elml\u0259r doktoru<br \/>\n1214.01, 1211.01.<\/td>\n<\/tr>\n<tr>\n<td valign=\"top\">13.<\/td>\n<td valign=\"top\">Aslanova Nigar M\u0259h\u0259r q\u0131z\u0131<\/td>\n<td valign=\"top\">Riyaziyyat \u00fczr\u0259 elml\u0259r doktoru, dosent<br \/>\n1211.01.<\/td>\n<\/tr>\n<tr>\n<td valign=\"top\">14.<\/td>\n<td valign=\"top\">Ba\u011f\u0131rov \u015eirmay\u0131l H\u0259s\u0259n o\u011flu<\/td>\n<td valign=\"top\">fizika-riyaziyyat elml\u0259ri namiz\u0259di, dosent<br \/>\n1211.01.<\/td>\n<\/tr>\n<tr>\n<td valign=\"top\">15.<\/td>\n<td valign=\"top\">Eyvazov El\u015fad H\u0259t\u0259m o\u011flu<\/td>\n<td valign=\"top\">fizika-riyaziyyat elml\u0259ri namiz\u0259di, dosent<br \/>\n1211.01.<\/td>\n<\/tr>\n<tr>\n<td valign=\"top\">16.<\/td>\n<td valign=\"top\">\u018fliyev R\u0259\u015fid \u018fv\u0259za\u011fa o\u011flu<\/td>\n<td valign=\"top\">fizika-riyaziyyat elml\u0259ri namiz\u0259di, dosent<br \/>\n1202.01.<\/td>\n<\/tr>\n<tr>\n<td valign=\"top\">17.<\/td>\n<td valign=\"top\">Qas\u0131mov Telman Bens\u0259r o\u011flu<\/td>\n<td valign=\"top\">fizika-riyaziyyat elml\u0259ri namiz\u0259di, dosent<br \/>\n1202.01.<\/td>\n<\/tr>\n<tr>\n<td valign=\"top\">18.<\/td>\n<td valign=\"top\">Mustafayev Rza \u00c7ingiz o\u011flu<\/td>\n<td valign=\"top\">Fizika-riyaziyyat elml\u0259ri namiz\u0259di, dosent<br \/>\n1202.01.<\/td>\n<\/tr>\n<tr>\n<td valign=\"top\">19.<\/td>\n<td valign=\"top\">Sad\u0131qova S\u0259bin\u0259 Rahib q\u0131z\u0131<\/td>\n<td valign=\"top\">Riyaziyyat \u00fczr\u0259 f\u0259ls\u0259f\u0259 doktoru, dosent<br \/>\n1202.01.<\/td>\n<\/tr>\n<tr>\n<td valign=\"top\">20.<\/td>\n<td valign=\"top\">\u0130brahimov Elman Cavan\u015fir o\u011flu<\/td>\n<td valign=\"top\">Fizika-riyaziyyat elml\u0259ri namiz\u0259di, dosent<br \/>\n1202.01.<\/td>\n<\/tr>\n<tr>\n<td valign=\"top\">21.<\/td>\n<td valign=\"top\">Seyfullayev \u018flizad\u0259 \u0130mam\u0259li o\u011flu<\/td>\n<td valign=\"top\">fizika-riyaziyyat elml\u0259ri namiz\u0259di, dosent 2002.01.<\/td>\n<\/tr>\n<\/tbody>\n<\/table>\n","protected":false},"excerpt":{"rendered":"<p>1 Mirz\u0259yev Sabir Sultana\u011fa o\u011flu (S\u0259dr) fizika-riyaziyyat elml\u0259ri doktoru, professor 1202.01, 1211.01. 2 P\u0259nahov Qeylani Minhac o\u011flu (S\u0259dr m\u00fcavini) AMEA-n\u0131n m\u00fcxbir \u00fczv\u00fc, fizika-riyaziyyat elml\u0259ri doktoru, professor 2002.01. 3 Quliyev \u018fbd\u00fcrr\u0259him F\u0259rman o\u011flu (katib) fizika-riyaziyyat elml\u0259ri namiz\u0259di 1211.01. 4. M\u0259mm\u0259d Bayramo\u011flu Fizika-riyaziyyat elml\u0259ri doktoru, professor 1211.01, 1202.01. 5. \u0130smay\u0131lov V\u00fcqar Elman o\u011flu AMEA-n\u0131n professoru, riyaziyyat \u00fczr\u0259 [&hellip;]<\/p>\n","protected":false},"author":6,"featured_media":0,"parent":0,"menu_order":0,"comment_status":"open","ping_status":"open","template":"","meta":{"footnotes":""},"_links":{"self":[{"href":"https:\/\/www.imm.az\/exp\/wp-json\/wp\/v2\/pages\/4435"}],"collection":[{"href":"https:\/\/www.imm.az\/exp\/wp-json\/wp\/v2\/pages"}],"about":[{"href":"https:\/\/www.imm.az\/exp\/wp-json\/wp\/v2\/types\/page"}],"author":[{"embeddable":true,"href":"https:\/\/www.imm.az\/exp\/wp-json\/wp\/v2\/users\/6"}],"replies":[{"embeddable":true,"href":"https:\/\/www.imm.az\/exp\/wp-json\/wp\/v2\/comments?post=4435"}],"version-history":[{"count":5,"href":"https:\/\/www.imm.az\/exp\/wp-json\/wp\/v2\/pages\/4435\/revisions"}],"predecessor-version":[{"id":21640,"href":"https:\/\/www.imm.az\/exp\/wp-json\/wp\/v2\/pages\/4435\/revisions\/21640"}],"wp:attachment":[{"href":"https:\/\/www.imm.az\/exp\/wp-json\/wp\/v2\/media?parent=4435"}],"curies":[{"name":"wp","href":"https:\/\/api.w.org\/{rel}","templated":true}]}}