{"id":45192,"date":"2023-07-28T16:06:47","date_gmt":"2023-07-28T12:06:47","guid":{"rendered":"https:\/\/www.imm.az\/exp\/?page_id=45192"},"modified":"2023-07-28T16:06:47","modified_gmt":"2023-07-28T12:06:47","slug":"riyazi-fizika-t%c9%99nlikl%c9%99ri-sob%c9%99sinin-mudiri-fizika-riyaziyyat-elml%c9%99ri-doktoru-%c9%99bdurr%c9%99him-quliyevun-65-yasi-munasib%c9%99ti-il%c9%99-t%c9%99brik-edirik","status":"publish","type":"page","link":"https:\/\/www.imm.az\/exp\/riyazi-fizika-t%c9%99nlikl%c9%99ri-sob%c9%99sinin-mudiri-fizika-riyaziyyat-elml%c9%99ri-doktoru-%c9%99bdurr%c9%99him-quliyevun-65-yasi-munasib%c9%99ti-il%c9%99-t%c9%99brik-edirik\/","title":{"rendered":"\u201cRiyazi fizika t\u0259nlikl\u0259ri\u201d \u015f\u00f6b\u0259sinin m\u00fcdiri, fizika-riyaziyyat elml\u0259ri doktoru \u018fbd\u00fcrr\u0259him Quliyevun 65 ya\u015f\u0131 m\u00fcnasib\u0259ti il\u0259 t\u0259brik edirik!"},"content":{"rendered":"\n<div class=\"wp-block-image\"><figure class=\"alignleft size-full is-resized\"><a href=\"https:\/\/www.imm.az\/exp\/wp-content\/uploads\/2023\/07\/photoeditorsdk-export-1.png\"><img loading=\"lazy\" decoding=\"async\" src=\"https:\/\/www.imm.az\/exp\/wp-content\/uploads\/2023\/07\/photoeditorsdk-export-1.png\" alt=\"\" class=\"wp-image-45188\" width=\"234\" height=\"137\"\/><\/a><\/figure><\/div>\n\n\n\n<p>AMEA Riyaziyyat v\u0259 Mexanika \u0130nstitutunun \u201cRiyazi fizika t\u0259nlikl\u0259ri\u201d \u015f\u00f6b\u0259sinin m\u00fcdiri, &nbsp;fizika-riyaziyyat<strong> <\/strong>elml\u0259ri doktoru<strong> <\/strong>\u018fbd\u00fcrr\u0259him<strong> <\/strong>Quliyev<strong>u<\/strong>&nbsp;anadan olmas\u0131n\u0131n 65 ili&nbsp; tamam olur.<\/p>\n\n\n\n<p>1957-ci ild\u0259 C\u0259bray\u0131l rayonunun S\u00fcleymanl\u0131 k\u0259ndind\u0259 anadan olmu\u015fdur. 1981-ci ild\u0259 Az\u0259rbaycan Neft-Kimya \u0130nstitutunun(ADNSU) t\u0259tbiqi-riyaziyyat ixtisas\u0131n\u0131 bitirmi\u015fdir. T\u0259yinatla Sumqay\u0131t \u015f\u0259h\u0259rind\u0259ki Neft-Kimya Avtomat Elmi T\u0259dqiqat Layih\u0259 \u0130nstitutunda i\u015fl\u0259mi\u015fdir. 1985-ci ild\u0259 Az\u0259rbaycan Elml\u0259r Akademiyas\u0131n\u0131n Riyaziyyat v\u0259 Mexanika \u0130nstitutunda \u201cDiferensial t\u0259nlikl\u0259r\u201d ixtisas\u0131ndan \u0259yani aspiranturaya q\u0259bul olunmu\u015fdur. 1989-cu ild\u0259 h\u0259min ixtisas \u00fczr\u0259 fizika-riyaziyyat elml\u0259ri namiz\u0259dlik dissertasiyas\u0131 m\u00fcdafi\u0259 etmi\u015fdir. Haz\u0131rda Riyaziyyat v\u0259 Mexanika \u0130nstitutunda \u201cRiyazi fizika t\u0259nlikl\u0259ri\u201d \u015f\u00f6b\u0259sinin m\u00fcdiridir.<\/p>\n\n\n\n<p><em><strong>\u0130nstitutun kollektivi <\/strong><\/em><strong><em>\u018fbd\u00fcrr\u0259him m\u00fc\u0259llimi 65 ya\u015f\u0131 tamam olmas\u0131 m\u00fcnasib\u0259til\u0259 t\u0259brik edir, ona insan h\u0259yat\u0131 \u00fc\u00e7\u00fcn \u0259n d\u0259y\u0259rli nem\u0259t olan can sa\u011fl\u0131\u011f\u0131, uzun \u00f6m\u00fcr, elmi-pedaqoji, ictimai f\u0259aliyy\u0259tind\u0259 m\u00fcv\u0259ff\u0259qiyy\u0259tl\u0259r arzulay\u0131r.<\/em><\/strong><strong><\/strong><\/p>\n","protected":false},"excerpt":{"rendered":"<p>AMEA Riyaziyyat v\u0259 Mexanika \u0130nstitutunun \u201cRiyazi fizika t\u0259nlikl\u0259ri\u201d \u015f\u00f6b\u0259sinin m\u00fcdiri, &nbsp;fizika-riyaziyyat elml\u0259ri doktoru \u018fbd\u00fcrr\u0259him Quliyevu&nbsp;anadan olmas\u0131n\u0131n 65 ili&nbsp; tamam olur. 1957-ci ild\u0259 C\u0259bray\u0131l rayonunun S\u00fcleymanl\u0131 k\u0259ndind\u0259 anadan olmu\u015fdur. 1981-ci ild\u0259 Az\u0259rbaycan Neft-Kimya \u0130nstitutunun(ADNSU) t\u0259tbiqi-riyaziyyat ixtisas\u0131n\u0131 bitirmi\u015fdir. T\u0259yinatla Sumqay\u0131t \u015f\u0259h\u0259rind\u0259ki Neft-Kimya Avtomat Elmi T\u0259dqiqat Layih\u0259 \u0130nstitutunda i\u015fl\u0259mi\u015fdir. 1985-ci ild\u0259 Az\u0259rbaycan Elml\u0259r Akademiyas\u0131n\u0131n Riyaziyyat v\u0259 Mexanika \u0130nstitutunda [&hellip;]<\/p>\n","protected":false},"author":6,"featured_media":0,"parent":0,"menu_order":0,"comment_status":"closed","ping_status":"closed","template":"","meta":{"footnotes":""},"_links":{"self":[{"href":"https:\/\/www.imm.az\/exp\/wp-json\/wp\/v2\/pages\/45192"}],"collection":[{"href":"https:\/\/www.imm.az\/exp\/wp-json\/wp\/v2\/pages"}],"about":[{"href":"https:\/\/www.imm.az\/exp\/wp-json\/wp\/v2\/types\/page"}],"author":[{"embeddable":true,"href":"https:\/\/www.imm.az\/exp\/wp-json\/wp\/v2\/users\/6"}],"replies":[{"embeddable":true,"href":"https:\/\/www.imm.az\/exp\/wp-json\/wp\/v2\/comments?post=45192"}],"version-history":[{"count":1,"href":"https:\/\/www.imm.az\/exp\/wp-json\/wp\/v2\/pages\/45192\/revisions"}],"predecessor-version":[{"id":45193,"href":"https:\/\/www.imm.az\/exp\/wp-json\/wp\/v2\/pages\/45192\/revisions\/45193"}],"wp:attachment":[{"href":"https:\/\/www.imm.az\/exp\/wp-json\/wp\/v2\/media?parent=45192"}],"curies":[{"name":"wp","href":"https:\/\/api.w.org\/{rel}","templated":true}]}}