{"id":45198,"date":"2023-07-28T16:11:33","date_gmt":"2023-07-28T12:11:33","guid":{"rendered":"https:\/\/www.imm.az\/exp\/?page_id=45198"},"modified":"2023-07-28T16:11:34","modified_gmt":"2023-07-28T12:11:34","slug":"deformasiya-olunan-b%c9%99rk-cism-mexanikasi-sob%c9%99sinin-mudiri-fizika-riyaziyyat-elml%c9%99ri-doktoru-l%c9%99tif-talibovu-70-yasi-munasib%c9%99ti-il%c9%99-t%c9%99brik-edirik","status":"publish","type":"page","link":"https:\/\/www.imm.az\/exp\/deformasiya-olunan-b%c9%99rk-cism-mexanikasi-sob%c9%99sinin-mudiri-fizika-riyaziyyat-elml%c9%99ri-doktoru-l%c9%99tif-talibovu-70-yasi-munasib%c9%99ti-il%c9%99-t%c9%99brik-edirik\/","title":{"rendered":"\u201cDeformasiya olunan b\u0259rk cism mexanikas\u0131\u201d \u015f\u00f6b\u0259sinin m\u00fcdiri, fizika-riyaziyyat elml\u0259ri doktoru L\u0259tif Tal\u0131bovu 70 ya\u015f\u0131 m\u00fcnasib\u0259ti il\u0259 t\u0259brik edirik!"},"content":{"rendered":"\n<div class=\"wp-block-image\"><figure class=\"alignleft size-full is-resized\"><a href=\"https:\/\/www.imm.az\/exp\/wp-content\/uploads\/2023\/07\/98515_sgdpaiyc1b.jpg\"><img loading=\"lazy\" decoding=\"async\" src=\"https:\/\/www.imm.az\/exp\/wp-content\/uploads\/2023\/07\/98515_sgdpaiyc1b.jpg\" alt=\"\" class=\"wp-image-45187\" width=\"234\" height=\"156\"\/><\/a><\/figure><\/div>\n\n\n\n<p>L\u0259tif X\u0259lil o\u011flu Tal\u0131bl\u0131 25 dekabr 1952-ci ild\u0259 G\u00fcrc\u00fcstan\u0131n Saqareco rayonunun Yormu\u011fanl\u0131 k\u0259ndind\u0259 anadan olub.<\/p>\n\n\n\n<p>1968-ci ild\u0259 G\u00fcrc\u00fcstan\u0131n Saqareco rayonun Yormu\u011fanl\u0131 k\u0259nd orta m\u0259kt\u0259bini bitirib. H\u0259min il Az\u0259rbaycan D\u00f6vl\u0259t Universitetinin (indiki Bak\u0131 D\u00f6vl\u0259t Universitetinin) mexanika-riyaziyyat fak\u00fclt\u0259sin\u0259 daxil olub.&nbsp; 1973-c\u00fc ild\u0259 h\u0259min universiteti \u201cmexanika\u201d ixtisas\u0131 \u00fczr\u0259 bitirmi\u015f v\u0259 g\u0259nc m\u00fct\u0259x\u0259ssis kimi Az\u0259rbaycan Elml\u0259r Akademiyas\u0131 Riyaziyyat v\u0259 Mexanika \u0130nstitutunda ba\u015f laborant v\u0259zif\u0259sind\u0259 \u0259m\u0259k f\u0259aliyy\u0259tin\u0259 ba\u015flay\u0131b. H\u0259min il institutun aspiranturas\u0131na daxil olmu\u015f, 1976-c\u0131 ild\u0259 aspiranturan\u0131 bitirib.<\/p>\n\n\n\n<p>1977-ci ild\u0259n indiy\u0259 q\u0259d\u0259r Riyaziyyat v\u0259 Mexanika \u0130nstitutunda ki\u00e7ik elmi i\u015f\u00e7i, elmi i\u015f\u00e7i, b\u00f6y\u00fck elmi i\u015f\u00e7i, apar\u0131c\u0131 elmi i\u015f\u00e7i v\u0259 \u015f\u00f6b\u0259 m\u00fcdiri v\u0259zif\u0259l\u0259rind\u0259 i\u015fl\u0259yib. Hal-haz\u0131rda institutun \u201cDeformasiya olunan b\u0259rk cism mexanikas\u0131\u201d \u015f\u00f6b\u0259sinin m\u00fcdiri, institut elmi \u015furas\u0131n\u0131n \u00fczv\u00fc, institutun \u201cElmi \u0259s\u0259rl\u0259ri\u201d jurnal\u0131n\u0131n ba\u015f redaktorunun m\u00fcavini i\u015fl\u0259yir. Az\u0259rbaycan Respublikas\u0131 Prezidenti yaninda Ali Attestasiya Komisiyas\u0131nda ekspert i\u015fl\u0259yib.<\/p>\n\n\n\n<p><strong><em>\u0130nstitutun kollektivi L\u0259tif m\u00fc\u0259llimi 70 ya\u015f\u0131 olmas\u0131 m\u00fcnasib\u0259til\u0259 t\u0259brik edir, ona insan h\u0259yat\u0131 \u00fc\u00e7\u00fcn \u0259n d\u0259y\u0259rli nem\u0259t olan can sa\u011fl\u0131\u011f\u0131, uzun \u00f6m\u00fcr, elmi \u2013 pedaqoji, ictimai f\u0259aliyy\u0259tind\u0259 m\u00fcv\u0259ff\u0259qiyy\u0259tl\u0259r arzulay\u0131r.<\/em><\/strong><strong><em><\/em><\/strong><\/p>\n","protected":false},"excerpt":{"rendered":"<p>L\u0259tif X\u0259lil o\u011flu Tal\u0131bl\u0131 25 dekabr 1952-ci ild\u0259 G\u00fcrc\u00fcstan\u0131n Saqareco rayonunun Yormu\u011fanl\u0131 k\u0259ndind\u0259 anadan olub. 1968-ci ild\u0259 G\u00fcrc\u00fcstan\u0131n Saqareco rayonun Yormu\u011fanl\u0131 k\u0259nd orta m\u0259kt\u0259bini bitirib. H\u0259min il Az\u0259rbaycan D\u00f6vl\u0259t Universitetinin (indiki Bak\u0131 D\u00f6vl\u0259t Universitetinin) mexanika-riyaziyyat fak\u00fclt\u0259sin\u0259 daxil olub.&nbsp; 1973-c\u00fc ild\u0259 h\u0259min universiteti \u201cmexanika\u201d ixtisas\u0131 \u00fczr\u0259 bitirmi\u015f v\u0259 g\u0259nc m\u00fct\u0259x\u0259ssis kimi Az\u0259rbaycan Elml\u0259r Akademiyas\u0131 Riyaziyyat v\u0259 [&hellip;]<\/p>\n","protected":false},"author":6,"featured_media":0,"parent":0,"menu_order":0,"comment_status":"closed","ping_status":"closed","template":"","meta":{"footnotes":""},"_links":{"self":[{"href":"https:\/\/www.imm.az\/exp\/wp-json\/wp\/v2\/pages\/45198"}],"collection":[{"href":"https:\/\/www.imm.az\/exp\/wp-json\/wp\/v2\/pages"}],"about":[{"href":"https:\/\/www.imm.az\/exp\/wp-json\/wp\/v2\/types\/page"}],"author":[{"embeddable":true,"href":"https:\/\/www.imm.az\/exp\/wp-json\/wp\/v2\/users\/6"}],"replies":[{"embeddable":true,"href":"https:\/\/www.imm.az\/exp\/wp-json\/wp\/v2\/comments?post=45198"}],"version-history":[{"count":1,"href":"https:\/\/www.imm.az\/exp\/wp-json\/wp\/v2\/pages\/45198\/revisions"}],"predecessor-version":[{"id":45199,"href":"https:\/\/www.imm.az\/exp\/wp-json\/wp\/v2\/pages\/45198\/revisions\/45199"}],"wp:attachment":[{"href":"https:\/\/www.imm.az\/exp\/wp-json\/wp\/v2\/media?parent=45198"}],"curies":[{"name":"wp","href":"https:\/\/api.w.org\/{rel}","templated":true}]}}