{"id":46084,"date":"2023-10-23T13:08:20","date_gmt":"2023-10-23T09:08:20","guid":{"rendered":"https:\/\/www.imm.az\/exp\/?page_id=46084"},"modified":"2023-10-23T13:08:21","modified_gmt":"2023-10-23T09:08:21","slug":"diferensial-t%c9%99nlikl%c9%99r-sob%c9%99sinin-professoru-%c9%99l%c9%99ddin-samilovu-80-yasi-munasib%c9%99til%c9%99-t%c9%99brik-edirik","status":"publish","type":"page","link":"https:\/\/www.imm.az\/exp\/diferensial-t%c9%99nlikl%c9%99r-sob%c9%99sinin-professoru-%c9%99l%c9%99ddin-samilovu-80-yasi-munasib%c9%99til%c9%99-t%c9%99brik-edirik\/","title":{"rendered":"\u201cDiferensial t\u0259nlikl\u0259r\u201d \u015f\u00f6b\u0259sinin professoru \u018fl\u0259ddin \u015eamilovu 80 ya\u015f\u0131 m\u00fcnasib\u0259til\u0259 t\u0259brik edirik"},"content":{"rendered":"\n<div class=\"wp-block-image\"><figure class=\"alignleft size-full is-resized\"><a href=\"https:\/\/www.imm.az\/exp\/wp-content\/uploads\/2023\/10\/20230315_110313.jpg\"><img loading=\"lazy\" decoding=\"async\" src=\"https:\/\/www.imm.az\/exp\/wp-content\/uploads\/2023\/10\/20230315_110313.jpg\" alt=\"\" class=\"wp-image-46085\" width=\"203\" height=\"361\"\/><\/a><\/figure><\/div>\n\n\n\n<p>\u018fl\u0259ddin Xal\u0131qverdi o\u011flu \u015eamilov 1943-c\u00fc ild\u0259 Basarke\u00e7\u0259r rayonunun Qo\u015fabulaq k\u0259ndind\u0259 kolxoz\u00e7u ail\u0259sind\u0259 anadan olub. 1963-c\u00fc ild\u0259 G\u0259nc\u0259 D\u00f6vl\u0259t Universitetinin fizika-riyaziyyat fak\u00fclt\u0259sini f\u0259rql\u0259nm\u0259 diplomu il\u0259 bitirib. \u0130ki il anadan oldu\u011fu k\u0259ndd\u0259 m\u00fc\u0259llim i\u015fl\u0259mi\u015f v\u0259 1967-ci ild\u0259 Az\u0259rbaycan D\u00f6vl\u0259t Universiteti (ADU) \u201cDiferensial v\u0259 inteqral t\u0259nlikl\u0259r\u201d \u00a0kafedras\u0131n\u0131n aspirant\u0131 v\u0259 1969-cu ild\u0259 is\u0259 m\u00fc\u0259llimi se\u00e7ilmi\u015fdir.<\/p>\n\n\n\n<p>1972-ci ild\u0259 namiz\u0259dlik, 1984-c\u00fc ild\u0259 is\u0259 doktorluk dissertasiyas\u0131n\u0131 Moskva V.A. Steklov \u0130nstitutunun d\u0259st\u0259yi il\u0259 Ukrayna Elml\u0259r Akademiyas\u0131 Riyaziyyat v\u0259 Mexanika \u0130nstitutunda v\u0259 Novosibirsk D\u00f6vl\u0259t Universitetind\u0259 m\u00fcv\u0259ff\u0259qiyy\u0259tl\u0259 m\u00fcdafi\u0259 etmi\u015fdir. 1977-ci ild\u0259 M.Y. Lomosonov ad\u0131na Moskva D\u00f6vl\u0259t Universitetinin \u0130xtisas Y\u00fcks\u0259ltm\u0259 fak\u00fclt\u0259sind\u0259n m\u0259zun olmu\u015fdur.<\/p>\n\n\n\n<p><\/p>\n\n\n\n<p>1978-ci ild\u0259 BDU-nun dosenti, 1987-ci ild\u0259 professoru elmi ad\u0131n\u0131 alm\u0131\u015fd\u0131r. BDU-nun Mexanika-Riyaziyyat fak\u00fclt\u0259si il\u0259 yana\u015f\u0131 Az\u0259rbaycan v\u0259 di\u011f\u0259r \u00f6lk\u0259l\u0259rin universitet m\u00fc\u0259lliml\u0259ri \u00fc\u00e7\u00fcn \u0130xtisas Y\u00fcks\u0259ltm\u0259 fak\u00fclt\u0259sind\u0259 d\u0259rs vermi\u015ftir.<\/p>\n\n\n\n<p>BDU-da elml\u0259r doktoru m\u00fcdafi\u0259 \u015furas\u0131n\u0131n h\u0259ms\u0259dri, \u201c\u00dcmumi Riyaziyyat\u201d kafedras\u0131n\u0131n m\u00fcdiri (1996-2000) i\u015fl\u0259mi\u015fdir. 1999-cu ild\u0259 T\u00fcrkiy\u0259 Cumhuriyy\u0259ti Eski\u015fehir Osmangazi Universitetin\u0259 d\u0259v\u0259t olunmu\u015f v\u0259 2001-ci ild\u0259n Anadolu Universiteti Statistika b\u00f6l\u00fcm\u00fcn\u00fcn professoru olaraq i\u015fl\u0259mi\u015fdir.<\/p>\n\n\n\n<p>2021-ci ild\u0259n etibar\u0259n AMEA RM\u0130-nin (indiki AR ETN RM\u0130-nin) \u201cDiferensial t\u0259nlikl\u0259r\u201d \u015f\u00f6b\u0259sind\u0259 \u00f6z elmi f\u0259aliyy\u0259tini davam etdirir.<\/p>\n\n\n\n<p>Riyaziyyat\u0131n m\u00fcxt\u0259lif sah\u0259l\u0259rin\u0259 aid s\u0259kkiz kitab\u0131 v\u0259 bir \u015feir kitab\u0131 vard\u0131r, on iki elml\u0259r namiz\u0259di v\u0259 elml\u0259r doktoru yeti\u015fdirmi\u015fdir, 150-d\u0259n \u00e7ox elmi \u0259s\u0259ri beyn\u0259lxalq ve yerli jurnallarda \u00e7ap olunmu\u015fdur.<\/p>\n\n\n\n<p><em>AR ETN Riyaziyyat v\u0259 Mexanika \u0130nstitutunun kollektivi \u018fl\u0259ddin m\u00fc\u0259llimi 80 illik yubileyi m\u00fcnasib\u0259til\u0259 t\u0259brik edir,&nbsp;ona insan h\u0259yat\u0131 \u00fc\u00e7\u00fcn \u0259n d\u0259y\u0259rli nem\u0259t olan can sa\u011fl\u0131\u011f\u0131&nbsp;v\u0259 g\u0259l\u0259c\u0259k elmi f\u0259aliyy\u0259tind\u0259 yeni nailiyy\u0259tl\u0259r arzulay\u0131r.<\/em><\/p>\n","protected":false},"excerpt":{"rendered":"<p>\u018fl\u0259ddin Xal\u0131qverdi o\u011flu \u015eamilov 1943-c\u00fc ild\u0259 Basarke\u00e7\u0259r rayonunun Qo\u015fabulaq k\u0259ndind\u0259 kolxoz\u00e7u ail\u0259sind\u0259 anadan olub. 1963-c\u00fc ild\u0259 G\u0259nc\u0259 D\u00f6vl\u0259t Universitetinin fizika-riyaziyyat fak\u00fclt\u0259sini f\u0259rql\u0259nm\u0259 diplomu il\u0259 bitirib. \u0130ki il anadan oldu\u011fu k\u0259ndd\u0259 m\u00fc\u0259llim i\u015fl\u0259mi\u015f v\u0259 1967-ci ild\u0259 Az\u0259rbaycan D\u00f6vl\u0259t Universiteti (ADU) \u201cDiferensial v\u0259 inteqral t\u0259nlikl\u0259r\u201d \u00a0kafedras\u0131n\u0131n aspirant\u0131 v\u0259 1969-cu ild\u0259 is\u0259 m\u00fc\u0259llimi se\u00e7ilmi\u015fdir. 1972-ci ild\u0259 namiz\u0259dlik, 1984-c\u00fc [&hellip;]<\/p>\n","protected":false},"author":6,"featured_media":0,"parent":0,"menu_order":0,"comment_status":"closed","ping_status":"closed","template":"","meta":{"footnotes":""},"_links":{"self":[{"href":"https:\/\/www.imm.az\/exp\/wp-json\/wp\/v2\/pages\/46084"}],"collection":[{"href":"https:\/\/www.imm.az\/exp\/wp-json\/wp\/v2\/pages"}],"about":[{"href":"https:\/\/www.imm.az\/exp\/wp-json\/wp\/v2\/types\/page"}],"author":[{"embeddable":true,"href":"https:\/\/www.imm.az\/exp\/wp-json\/wp\/v2\/users\/6"}],"replies":[{"embeddable":true,"href":"https:\/\/www.imm.az\/exp\/wp-json\/wp\/v2\/comments?post=46084"}],"version-history":[{"count":1,"href":"https:\/\/www.imm.az\/exp\/wp-json\/wp\/v2\/pages\/46084\/revisions"}],"predecessor-version":[{"id":46086,"href":"https:\/\/www.imm.az\/exp\/wp-json\/wp\/v2\/pages\/46084\/revisions\/46086"}],"wp:attachment":[{"href":"https:\/\/www.imm.az\/exp\/wp-json\/wp\/v2\/media?parent=46084"}],"curies":[{"name":"wp","href":"https:\/\/api.w.org\/{rel}","templated":true}]}}