{"id":46094,"date":"2023-10-23T13:14:46","date_gmt":"2023-10-23T09:14:46","guid":{"rendered":"https:\/\/www.imm.az\/exp\/?page_id=46094"},"modified":"2023-10-23T13:14:46","modified_gmt":"2023-10-23T09:14:46","slug":"siqnallarin-emalinin-riyazi-probleml%c9%99ri-laboratoriyasinin-boyuk-elmi-isci-zakir-cumsud-oglu-zabidovun-60-yasi-munasib%c9%99til%c9%99-t%c9%99brik-edirik","status":"publish","type":"page","link":"https:\/\/www.imm.az\/exp\/siqnallarin-emalinin-riyazi-probleml%c9%99ri-laboratoriyasinin-boyuk-elmi-isci-zakir-cumsud-oglu-zabidovun-60-yasi-munasib%c9%99til%c9%99-t%c9%99brik-edirik\/","title":{"rendered":"\u201cSiqnallar\u0131n emal\u0131n\u0131n riyazi probleml\u0259ri\u201d\u00a0 laboratoriyas\u0131n\u0131n\u00a0 b\u00f6y\u00fck elmi i\u015f\u00e7i Zakir C\u00fcm\u015f\u00fcd o\u011flu Zabidovun 60 ya\u015f\u0131 m\u00fcnasib\u0259til\u0259 t\u0259brik edirik"},"content":{"rendered":"\n<div class=\"wp-block-image\"><figure class=\"alignleft size-full is-resized\"><a href=\"https:\/\/www.imm.az\/exp\/wp-content\/uploads\/2023\/10\/photoeditorsdk-export-43.png\"><img loading=\"lazy\" decoding=\"async\" src=\"https:\/\/www.imm.az\/exp\/wp-content\/uploads\/2023\/10\/photoeditorsdk-export-43.png\" alt=\"\" class=\"wp-image-46096\" width=\"238\" height=\"124\"\/><\/a><\/figure><\/div>\n\n\n\n<p><strong>Zakir C\u00fcm\u015f\u00fcd o\u011flu Zabidov <\/strong>22iyun 1963-c\u00fc ild\u0259 Yard\u0131ml\u0131 rayonunun \u018frsil\u0259\u00a0 k\u0259ndind\u0259 anadan olmu\u015f, 1980-c\u0131 ild\u0259 Arus\u00a0 K\u0259nd Orta M\u0259kt\u0259bini bitirmi\u015fdir. 1984-1989-cu ill\u0259rd\u0259\u00a0 Lomonosov ad\u0131na Moskva D\u00f6vl\u0259t Universitetinin\u00a0 Hesablama riyaziyyat\u0131 v\u0259 kibernetika\u00a0 fak\u00fclt\u0259sind\u0259 t\u0259hsil alm\u0131\u015fd\u0131r.\u00a0\u00a0\u00a0 1989-1999-cu ill\u0259rd\u0259\u00a0\u00a0 AMEA-n\u0131n\u00a0\u00a0 Kibernetika\u00a0 \u0130nstitutunda, 2009-2013-c\u00fc ill\u0259rd\u0259 Milli Aerokosmik Agentliyinin Ekologiya \u0130nstitutunda i\u015fl\u0259mi\u015fdir. 2013-c\u00fc ild\u0259n AMEA-n\u0131n\u00a0 Riyaziyyat v\u0259 Mexanika \u0130nstitutunun\u00a0 \u201cQeyri-harmonik analiz\u201d \u015f\u00f6b\u0259sind\u0259, 2018-ci ild\u0259n \u201cSiqnallar\u0131n emal\u0131n\u0131n riyazi probleml\u0259ri\u201d\u00a0 laboratoriyas\u0131nda\u00a0 b\u00f6y\u00fck elmi i\u015f\u00e7i v\u0259zif\u0259sind\u0259 i\u015fl\u0259yir<\/p>\n\n\n\n<p>&nbsp;&nbsp;&nbsp;&nbsp;&nbsp;&nbsp;&nbsp;&nbsp;&nbsp; 08 aprel 2022-ci ild\u0259&nbsp;<strong>\u201c<\/strong>\u015e\u0259h\u0259r havasinin optik monitorinq m\u0259s\u0259l\u0259l\u0259rin\u0259 riyazi v\u0259 aerokosmik metodlarin t\u0259tbiqi<strong>\u201d<\/strong>&nbsp;m\u00f6vzusunda texnika \u00fczr\u0259 f\u0259ls\u0259f\u0259 doktoru dissertasiys\u0131 m\u00fcdafi\u0259 etmi\u015fdir.<\/p>\n\n\n\n<p>&nbsp;&nbsp;&nbsp;&nbsp;&nbsp;&nbsp;&nbsp;&nbsp;&nbsp; Zakir Zabidov 38 elmi i\u015fin m\u00fc\u0259llifidir. O,&nbsp; Az\u0259rbaycan Respublikas\u0131n\u0131n Prezidenti yaninda Elmin \u0130nki\u015faf\u0131 Fondunun v\u0259 Az\u0259rbaycan Respublikas\u0131n\u0131n Rabit\u0259 v\u0259 \u0130nformasiya Texnologiyalar\u0131 Nazirliyinin&nbsp; 2013-c\u00fc il \u00fc\u00e7\u00fcn 2-ci m\u0259qs\u0259dli birg\u0259 \u0130KT \u00fczr\u0259\u201cRegional ekoloji monitorinq m\u0259rk\u0259zi sisteminin riyazi modell\u0259\u015fdirilm\u0259si v\u0259 proqram t\u0259minat\u0131\u201dlayih\u0259sinin , &nbsp;Az\u0259rbaycan Milli Elml\u0259r Akademiyas\u0131n\u0131n \u201cFreym n\u0259z\u0259riyy\u0259si-veyvlet analizin seysmologiyada v\u0259 dig\u0259r sah\u0259l\u0259rd\u0259 siqnallar\u0131n t\u0259tbiqi\u201d, \u201cNeyron \u015f\u0259b\u0259k\u0259l\u0259rl\u0259 yax\u0131nla\u015fma v\u0259 freyml\u0259rin b\u0259zi suallar\u0131\u201d elmi-t\u0259dqiqat proqramlar\u0131n\u0131n, 2019 \u2013cu ild\u0259 AMEA RM\u0130 v\u0259 \u201cAz\u0259rkosmos\u201d A\u00e7\u0131q S\u0259hmdar C\u0259miyy\u0259ti aras\u0131nda ba\u011flanan m\u00fcqavil\u0259 \u0259sas\u0131nda &#8220;Verilmi\u015f spektral t\u0259svirin NDV\u0130 analizi&#8221; layih\u0259sinin, AMEA v\u0259 T\u00fcrkiy\u0259 Elm v\u0259 Texnoloji Ara\u015fd\u0131rma \u015euras\u0131n\u0131n (TUB\u0130TAK) \u0259m\u0259kda\u015fl\u0131\u011f\u0131 \u00fczr\u0259 m\u00fc\u015ft\u0259r\u0259k proqram \u00e7\u0259r\u00e7iv\u0259sind\u0259&nbsp; &#8220;Frame properties of the system of eigenfunctions of a second order discontinuous differential operator&#8221; layih\u0259sinin icra\u015f\u0131s\u0131 olmu\u015fdur. 2022-ci ild\u0259n Az\u0259rbaycan Elm Fondunun &#8220;Qaraba\u011f Az\u0259rbaycand\u0131r!&#8221; qrant m\u00fcsabiq\u0259sinin qalibi olmu\u015f &#8221; Spektral t\u0259svirl\u0259r\u0259 g\u00f6r\u0259 k\u0259nd t\u0259s\u0259rr\u00fcfat\u0131 sah\u0259l\u0259rinin cari v\u0259ziyy\u0259ti v\u0259 dinamikas\u0131n\u0131n qiym\u0259tl\u0259ndirilm\u0259sin\u0259 m\u00fcasir riyazi&nbsp;&nbsp; metodlar\u0131n t\u0259tbiqi&#8221; layih\u0259l\u0259rinin icra\u00e7\u0131sd\u0131r.<\/p>\n\n\n\n<p><strong><em>\u0130nstitutun kollektivi&nbsp;Zakir&nbsp;m\u00fc\u0259llimi 60 ya\u015f\u0131 tamam olmas\u0131 m\u00fcnasib\u0259til\u0259 t\u0259brik edir, ona insan h\u0259yat\u0131 \u00fc\u00e7\u00fcn \u0259n d\u0259y\u0259rli nem\u0259t olan can sa\u011fl\u0131\u011f\u0131, uzun \u00f6m\u00fcr, elmi-pedaqoji, ictimai f\u0259aliyy\u0259tind\u0259 m\u00fcv\u0259ff\u0259qiyy\u0259tl\u0259r arzulay\u0131r.<\/em><\/strong><\/p>\n","protected":false},"excerpt":{"rendered":"<p>Zakir C\u00fcm\u015f\u00fcd o\u011flu Zabidov 22iyun 1963-c\u00fc ild\u0259 Yard\u0131ml\u0131 rayonunun \u018frsil\u0259\u00a0 k\u0259ndind\u0259 anadan olmu\u015f, 1980-c\u0131 ild\u0259 Arus\u00a0 K\u0259nd Orta M\u0259kt\u0259bini bitirmi\u015fdir. 1984-1989-cu ill\u0259rd\u0259\u00a0 Lomonosov ad\u0131na Moskva D\u00f6vl\u0259t Universitetinin\u00a0 Hesablama riyaziyyat\u0131 v\u0259 kibernetika\u00a0 fak\u00fclt\u0259sind\u0259 t\u0259hsil alm\u0131\u015fd\u0131r.\u00a0\u00a0\u00a0 1989-1999-cu ill\u0259rd\u0259\u00a0\u00a0 AMEA-n\u0131n\u00a0\u00a0 Kibernetika\u00a0 \u0130nstitutunda, 2009-2013-c\u00fc ill\u0259rd\u0259 Milli Aerokosmik Agentliyinin Ekologiya \u0130nstitutunda i\u015fl\u0259mi\u015fdir. 2013-c\u00fc ild\u0259n AMEA-n\u0131n\u00a0 Riyaziyyat v\u0259 Mexanika \u0130nstitutunun\u00a0 \u201cQeyri-harmonik [&hellip;]<\/p>\n","protected":false},"author":6,"featured_media":0,"parent":0,"menu_order":0,"comment_status":"closed","ping_status":"closed","template":"","meta":{"footnotes":""},"_links":{"self":[{"href":"https:\/\/www.imm.az\/exp\/wp-json\/wp\/v2\/pages\/46094"}],"collection":[{"href":"https:\/\/www.imm.az\/exp\/wp-json\/wp\/v2\/pages"}],"about":[{"href":"https:\/\/www.imm.az\/exp\/wp-json\/wp\/v2\/types\/page"}],"author":[{"embeddable":true,"href":"https:\/\/www.imm.az\/exp\/wp-json\/wp\/v2\/users\/6"}],"replies":[{"embeddable":true,"href":"https:\/\/www.imm.az\/exp\/wp-json\/wp\/v2\/comments?post=46094"}],"version-history":[{"count":1,"href":"https:\/\/www.imm.az\/exp\/wp-json\/wp\/v2\/pages\/46094\/revisions"}],"predecessor-version":[{"id":46097,"href":"https:\/\/www.imm.az\/exp\/wp-json\/wp\/v2\/pages\/46094\/revisions\/46097"}],"wp:attachment":[{"href":"https:\/\/www.imm.az\/exp\/wp-json\/wp\/v2\/media?parent=46094"}],"curies":[{"name":"wp","href":"https:\/\/api.w.org\/{rel}","templated":true}]}}