{"id":46098,"date":"2023-10-23T13:16:19","date_gmt":"2023-10-23T09:16:19","guid":{"rendered":"https:\/\/www.imm.az\/exp\/?page_id=46098"},"modified":"2023-10-23T13:16:19","modified_gmt":"2023-10-23T09:16:19","slug":"riyaziyyat-v%c9%99-mexanika-institutunun-bas-elmi-iscisi-fizika-riyaziyyat-elml%c9%99ri-doktoru-professor-soltan-%c9%99li-oglu-%c9%99liyevin-70-yasi-tamam-olur","status":"publish","type":"page","link":"https:\/\/www.imm.az\/exp\/riyaziyyat-v%c9%99-mexanika-institutunun-bas-elmi-iscisi-fizika-riyaziyyat-elml%c9%99ri-doktoru-professor-soltan-%c9%99li-oglu-%c9%99liyevin-70-yasi-tamam-olur\/","title":{"rendered":"Riyaziyyat v\u0259 Mexanika \u0130nstitutunun ba\u015f elmi i\u015f\u00e7isi, fizika-riyaziyyat elml\u0259ri doktoru, professor Soltan \u018fli o\u011flu \u018fliyevin 70 ya\u015f\u0131 tamam olur"},"content":{"rendered":"\n<div class=\"wp-block-image\"><figure class=\"alignleft size-full is-resized\"><a href=\"https:\/\/www.imm.az\/exp\/wp-content\/uploads\/2023\/10\/356183181_811853863808148_6619906536525730040_n.jpg\"><img loading=\"lazy\" decoding=\"async\" src=\"https:\/\/www.imm.az\/exp\/wp-content\/uploads\/2023\/10\/356183181_811853863808148_6619906536525730040_n.jpg\" alt=\"\" class=\"wp-image-46099\" width=\"249\" height=\"139\"\/><\/a><\/figure><\/div>\n\n\n\n<p>S.\u018fliyev 10 iyul 1953-c\u00fc ild\u0259 Nax\u00e7\u0131van MR, Culfa rayonunda anadan olmu\u015fdur. 1970-ci ild\u0259 Az\u0259rbaycan D\u00f6vl\u0259t Universitetinin indiki BDU riyaziyyat fak\u00fclt\u0259sin\u0259 q\u0259bul olmu\u015fdur. 1975-ci ild\u0259 t\u0259tbiqi riyaziyyat fak\u00fclt\u0259sini bitir\u0259r\u0259k t\u0259yinatla Az\u0259rbaycan Elml\u0259r Akademiyas\u0131na (AMEA) g\u00f6nd\u0259rilmi\u015fdir.<\/p>\n\n\n\n<p>1976-1981-ci ill\u0259rd\u0259 birg\u0259 elmi t\u0259dqiqatlar aparmaq \u00fc\u00e7\u00fcn Ukrayna EA Riyaziyyat \u0130nstitutuna (Kiyev \u015f\u0259h\u0259ri) ezam olunmu\u015f v\u0259 namiz\u0259dlik dissertasiyas\u0131n\u0131 m\u00fcdafi\u0259 ed\u0259r\u0259k AMEA-n\u0131n Riyaziyyat v\u0259 Mexanika \u0130nstitutuna qay\u0131tm\u015f\u0131d\u0131r.<\/p>\n\n\n\n<p>1981-2002-ci ill\u0259rd\u0259 AMEA RM\u0130-da elmi i\u015f\u00e7\u0131, b\u00f6y\u00fck elmi i\u015f\u00e7i, apar\u0131c\u0131 elmi i\u015f\u00e7i v\u0259 sektor m\u00fcdiri v\u0259zif\u0259l\u0259rind\u0259 i\u015fl\u0259mi\u015fdir. 2007-ci ild\u0259 fizika-riyaziyyat elml\u0259ri doktoru dissertasiyas\u0131n\u0131 m\u00fcdafi\u0259 etmi\u015f, 2010-cu ild\u0259 professor elmi ad\u0131n\u0131 alm\u0131\u015fd\u0131r.<\/p>\n\n\n\n<p>2002-2015-ci ill\u0259rd\u0259 14 il AMEA RM\u0130-da elmi i\u015fl\u0259r \u00fczr\u0259 direktor m\u00fcavini, 6 ay is\u0259 direktor v\u0259zif\u0259sini icra ed\u0259n v\u0259zif\u0259l\u0259rind\u0259 \u00e7al\u0131\u015fm\u0131\u015fd\u0131r.<\/p>\n\n\n\n<p>Ehtimal n\u0259z\u0259riyy\u0259si v\u0259 riyazi statistika \u00fczr\u0259 m\u00fct\u0259x\u0259ssisdir. Respublikam\u0131zda v\u0259 xaricd\u0259 n\u0259\u015fr olunan jurnallarda \u00e7ap olunmu\u015f 230-a yax\u0131n elmi \u0259s\u0259rin m\u00fc\u0259llifidir.<\/p>\n\n\n\n<p>S.\u018fliyevin ingilis dilind\u0259 4 kitab\u0131 AB\u015e v\u0259 Kanadada, ingilis dilind\u0259 1 monoqrafiyas\u0131 Ukraynada, 1 kitab\u0131 is\u0259 Az\u0259rbaycan dilind\u0259 Respublikam\u0131zda n\u0259\u015fr olunmu\u015fdur.<\/p>\n\n\n\n<p>Bu kitablar h\u0259diyy\u0259 olaraq Az\u0259rbaycan Respublikas\u0131 Prezidentinin kitabxanas\u0131na da t\u0259qdim olunmu\u015fdur.<\/p>\n\n\n\n<p>S.\u018fliyevin r\u0259hb\u0259rliyi il\u0259 5 n\u0259f\u0259r riyaziyyat \u00fczr\u0259 f\u0259ls\u0259f\u0259 doktoru dissertasiyalar\u0131 m\u00fcdafi\u0259 etmi\u015fl\u0259r.<\/p>\n\n\n\n<p>O, d\u00fcnyan\u0131n bir \u00e7ox \u00f6lk\u0259l\u0259rind\u0259 ke\u00e7iril\u0259n \u00e7oxlu sayda Beyn\u0259lxalq konfrans, simpozium v\u0259 konqresl\u0259rd\u0259 i\u015ftirak etmi\u015f v\u0259 m\u0259ruz\u0259l\u0259rl\u0259 \u00e7\u0131x\u0131\u015f etmi\u015fdir.<\/p>\n\n\n\n<p>Soltan \u018fiyev elmi nailiyy\u0259tl\u0259rin\u0259 g\u00f6r\u0259 2015-ci ild\u0259 Rusiya T\u0259bi\u0259t Elml\u0259ri Akademiyas\u0131n\u0131n f\u0259xri \u00fczv\u00fc se\u00e7ilmi\u015fdir.<\/p>\n\n\n\n<p>S.\u018fliyev regionlarda elmin inki\u015faf istiqam\u0259tind\u0259 Nax\u00e7\u0131van \u015f\u0259h\u0259rind\u0259 m\u00fcxt\u0259lif ill\u0259rd\u0259 3 Beyn\u0259lxalq konfrans, G\u0259nc\u0259, Ming\u0259\u00e7evir, \u015eamax\u0131, Quba \u015f\u0259h\u0259rl\u0259rind\u0259 is\u0259 Respublika konfranslar ke\u00e7irilm\u0259sini t\u0259\u015fkil etmi\u015fdir.<\/p>\n\n\n\n<p>O, \u00e7ox sayda xarici v\u0259 respublika s\u0259viyy\u0259li qrant layih\u0259l\u0259rinin r\u0259hb\u0259ri v\u0259 ya i\u015ftirak\u00e7\u0131s\u0131 olmu\u015fdur.<\/p>\n\n\n\n<p>\u018fsas\u0131 Riyaziyyat v\u0259 Mexanika \u0130nstitutunun binas\u0131nda qoyulmu\u015f Yeni Az\u0259rbaycan Partiyas\u0131n\u0131n yarad\u0131lmas\u0131nda S.\u018fliyevin misilsiz xidm\u0259tl\u0259ri olmu\u015fdur.<\/p>\n\n\n\n<p>YAP Yasamal rayon t\u0259\u015fkilat\u0131n\u0131 ilk yaradanlar aras\u0131nda olmu\u015fdur. Yarand\u0131\u011f\u0131 g\u00fcnd\u0259n YAP Yasamal rayon Riyaziyyat v\u0259 Mexanika \u0130nstitutu ilk t\u0259\u015fkilat\u0131n\u0131n s\u0259dri se\u00e7ilmi\u015f v\u0259 28 il ilk t\u0259\u015fkilat\u0131n s\u0259dri olmu\u015fdur.<\/p>\n\n\n\n<p>Bundan ba\u015fqa S.\u018fliyev YAP Yasamal Rayon t\u0259\u015fkilat\u0131nda \u0130dar\u0259 Hey\u0259tinin \u00fczv\u00fc, \u015euran\u0131n \u00fczv\u00fc, YAP AMEA R\u0259yas\u0259t Hey\u0259ti t\u0259\u015fkilat\u0131nda \u0130dar\u0259 Hey\u0259tinin \u00fczv\u00fc kimi f\u0259aliyy\u0259t g\u00f6st\u0259rmi\u015fdir, YAP-\u0131n qurultaylar\u0131n\u0131n n\u00fcmay\u0259nd\u0259si olmu\u015fdur. S.\u018fliyev \u0130nstitutun ictimai h\u0259yat\u0131nda da \u00e7ox f\u0259al i\u015ftirak etmi\u015fdir.<\/p>\n","protected":false},"excerpt":{"rendered":"<p>S.\u018fliyev 10 iyul 1953-c\u00fc ild\u0259 Nax\u00e7\u0131van MR, Culfa rayonunda anadan olmu\u015fdur. 1970-ci ild\u0259 Az\u0259rbaycan D\u00f6vl\u0259t Universitetinin indiki BDU riyaziyyat fak\u00fclt\u0259sin\u0259 q\u0259bul olmu\u015fdur. 1975-ci ild\u0259 t\u0259tbiqi riyaziyyat fak\u00fclt\u0259sini bitir\u0259r\u0259k t\u0259yinatla Az\u0259rbaycan Elml\u0259r Akademiyas\u0131na (AMEA) g\u00f6nd\u0259rilmi\u015fdir. 1976-1981-ci ill\u0259rd\u0259 birg\u0259 elmi t\u0259dqiqatlar aparmaq \u00fc\u00e7\u00fcn Ukrayna EA Riyaziyyat \u0130nstitutuna (Kiyev \u015f\u0259h\u0259ri) ezam olunmu\u015f v\u0259 namiz\u0259dlik dissertasiyas\u0131n\u0131 m\u00fcdafi\u0259 ed\u0259r\u0259k AMEA-n\u0131n [&hellip;]<\/p>\n","protected":false},"author":6,"featured_media":0,"parent":0,"menu_order":0,"comment_status":"closed","ping_status":"closed","template":"","meta":{"footnotes":""},"_links":{"self":[{"href":"https:\/\/www.imm.az\/exp\/wp-json\/wp\/v2\/pages\/46098"}],"collection":[{"href":"https:\/\/www.imm.az\/exp\/wp-json\/wp\/v2\/pages"}],"about":[{"href":"https:\/\/www.imm.az\/exp\/wp-json\/wp\/v2\/types\/page"}],"author":[{"embeddable":true,"href":"https:\/\/www.imm.az\/exp\/wp-json\/wp\/v2\/users\/6"}],"replies":[{"embeddable":true,"href":"https:\/\/www.imm.az\/exp\/wp-json\/wp\/v2\/comments?post=46098"}],"version-history":[{"count":1,"href":"https:\/\/www.imm.az\/exp\/wp-json\/wp\/v2\/pages\/46098\/revisions"}],"predecessor-version":[{"id":46100,"href":"https:\/\/www.imm.az\/exp\/wp-json\/wp\/v2\/pages\/46098\/revisions\/46100"}],"wp:attachment":[{"href":"https:\/\/www.imm.az\/exp\/wp-json\/wp\/v2\/media?parent=46098"}],"curies":[{"name":"wp","href":"https:\/\/api.w.org\/{rel}","templated":true}]}}