{"id":46101,"date":"2023-10-23T13:17:56","date_gmt":"2023-10-23T09:17:56","guid":{"rendered":"https:\/\/www.imm.az\/exp\/?page_id=46101"},"modified":"2023-10-23T13:17:57","modified_gmt":"2023-10-23T09:17:57","slug":"elmi-texniki-informasiya-sob%c9%99sinin-mudiri-yaqubova-xalid%c9%99-xanimi-75-yasi-munasib%c9%99til%c9%99-t%c9%99brik-edirik","status":"publish","type":"page","link":"https:\/\/www.imm.az\/exp\/elmi-texniki-informasiya-sob%c9%99sinin-mudiri-yaqubova-xalid%c9%99-xanimi-75-yasi-munasib%c9%99til%c9%99-t%c9%99brik-edirik\/","title":{"rendered":"\u201cElmi-texniki informasiya\u201d \u015f\u00f6b\u0259sinin m\u00fcdiri, Yaqubova Xalid\u0259 xan\u0131m\u0131 75 ya\u015f\u0131 m\u00fcnasib\u0259til\u0259 t\u0259brik edirik!"},"content":{"rendered":"\n<div class=\"wp-block-image\"><figure class=\"alignleft size-full is-resized\"><a href=\"https:\/\/www.imm.az\/exp\/wp-content\/uploads\/2023\/10\/20230918_130856-1.jpg\"><img loading=\"lazy\" decoding=\"async\" src=\"https:\/\/www.imm.az\/exp\/wp-content\/uploads\/2023\/10\/20230918_130856-1.jpg\" alt=\"\" class=\"wp-image-46102\" width=\"170\" height=\"208\"\/><\/a><\/figure><\/div>\n\n\n\n<p>Riyaziyyat v\u0259 Mexanika \u0130nstitutunun Elmi-texniki informasiya \u015f\u00f6b\u0259sinin m\u00fcdiri, Yaqubova Xalid\u0259 xan\u0131m\u0131n anadan olmas\u0131n\u0131n 75 ili tamam olur. Yaqubova Xalid\u0259 \u018fs\u0259dulla q\u0131z\u0131 18 sentyabr 1948-ci ild\u0259 \u015e\u0259mkir rayonunda anadan olub. 1962-ci ild\u0259 N.K.Krupskaya ad\u0131na Bak\u0131 Kitabxana\u00e7\u0131l\u0131q Texnikumuna, 1971-ci ild\u0259 Az\u0259rbaycan D\u00f6vl\u0259t Universitetinin (BDU) kitabxana\u00e7\u0131l\u0131q fak\u00fclt\u0259sin\u0259 q\u0259bul olmu\u015fdur.<\/p>\n\n\n\n<p><\/p>\n\n\n\n<p><\/p>\n\n\n\n<p>1977-ci ild\u0259n Az\u0259rbaycan Elml\u0259r Akademiyas\u0131n\u0131n Riyaziyyat v\u0259 Mexanika \u0130nstitununa i\u015f\u0259 q\u0259bul edilib. 1992-ci ild\u0259n RM\u0130-da kitabxana m\u00fcdiri v\u0259zif\u0259sind\u0259 i\u015fl\u0259yib. &nbsp;Hal-haz\u0131rda Elmi-texniki informasiya \u015f\u00f6b\u0259sinin m\u00fcdiri v\u0259zif\u0259sind\u0259 i\u015fini davam etdirir.<\/p>\n\n\n\n<p>Xalid\u0259 xan\u0131m y\u00fcks\u0259k insani keyfiyy\u0259tl\u0259riyl\u0259, d\u0259rin daxili m\u0259d\u0259niyy\u0259tiyl\u0259 \u00fcnsiyy\u0259td\u0259 olan h\u0259r bir insan\u0131n \u00f6z\u00fcn\u0259 qar\u015f\u0131 olan b\u00f6y\u00fck h\u00f6rm\u0259tini v\u0259 ehtiram\u0131n\u0131 qazan\u0131b. \u0130\u015fd\u0259ki nailiyy\u0259tl\u0259r\u0259 g\u00f6r\u0259 2005-ci ild\u0259 AMEA-n\u0131n 60 illik yubileyind\u0259 f\u0259xri f\u0259rmanla t\u0259ltif edilmi\u015fdir.<\/p>\n\n\n\n<p><em><strong>\u0130nstitutun kollektivi Xalid\u0259&nbsp; xan\u0131m\u0131 75 ya\u015f\u0131 tamam olmas\u0131 m\u00fcnas\u0131b\u0259t\u0131l\u0259 t\u0259brik edir, ona h\u0259yat\u0131nda \u0259n d\u0259y\u0259rli nem\u0259t olan can sa\u011fl\u0131\u011f\u0131, sevinc dolu g\u00fcnl\u0259r arzulay\u0131r!<\/strong><\/em><\/p>\n","protected":false},"excerpt":{"rendered":"<p>Riyaziyyat v\u0259 Mexanika \u0130nstitutunun Elmi-texniki informasiya \u015f\u00f6b\u0259sinin m\u00fcdiri, Yaqubova Xalid\u0259 xan\u0131m\u0131n anadan olmas\u0131n\u0131n 75 ili tamam olur. Yaqubova Xalid\u0259 \u018fs\u0259dulla q\u0131z\u0131 18 sentyabr 1948-ci ild\u0259 \u015e\u0259mkir rayonunda anadan olub. 1962-ci ild\u0259 N.K.Krupskaya ad\u0131na Bak\u0131 Kitabxana\u00e7\u0131l\u0131q Texnikumuna, 1971-ci ild\u0259 Az\u0259rbaycan D\u00f6vl\u0259t Universitetinin (BDU) kitabxana\u00e7\u0131l\u0131q fak\u00fclt\u0259sin\u0259 q\u0259bul olmu\u015fdur. 1977-ci ild\u0259n Az\u0259rbaycan Elml\u0259r Akademiyas\u0131n\u0131n Riyaziyyat v\u0259 Mexanika \u0130nstitununa [&hellip;]<\/p>\n","protected":false},"author":6,"featured_media":0,"parent":0,"menu_order":0,"comment_status":"closed","ping_status":"closed","template":"","meta":{"footnotes":""},"_links":{"self":[{"href":"https:\/\/www.imm.az\/exp\/wp-json\/wp\/v2\/pages\/46101"}],"collection":[{"href":"https:\/\/www.imm.az\/exp\/wp-json\/wp\/v2\/pages"}],"about":[{"href":"https:\/\/www.imm.az\/exp\/wp-json\/wp\/v2\/types\/page"}],"author":[{"embeddable":true,"href":"https:\/\/www.imm.az\/exp\/wp-json\/wp\/v2\/users\/6"}],"replies":[{"embeddable":true,"href":"https:\/\/www.imm.az\/exp\/wp-json\/wp\/v2\/comments?post=46101"}],"version-history":[{"count":1,"href":"https:\/\/www.imm.az\/exp\/wp-json\/wp\/v2\/pages\/46101\/revisions"}],"predecessor-version":[{"id":46103,"href":"https:\/\/www.imm.az\/exp\/wp-json\/wp\/v2\/pages\/46101\/revisions\/46103"}],"wp:attachment":[{"href":"https:\/\/www.imm.az\/exp\/wp-json\/wp\/v2\/media?parent=46101"}],"curies":[{"name":"wp","href":"https:\/\/api.w.org\/{rel}","templated":true}]}}