{"id":5607,"date":"2015-10-05T11:27:40","date_gmt":"2015-10-05T06:27:40","guid":{"rendered":"http:\/\/www.imm.az\/exp\/?page_id=5607"},"modified":"2021-01-04T16:47:57","modified_gmt":"2021-01-04T12:47:57","slug":"f%c9%99r%c9%99m%c9%99z-q%c9%99z%c9%99nf%c9%99r-oglu-maqsudov","status":"publish","type":"page","link":"https:\/\/www.imm.az\/exp\/gork%c9%99mli-az%c9%99rbaycan-riyaziyyatcilari\/f%c9%99r%c9%99m%c9%99z-q%c9%99z%c9%99nf%c9%99r-oglu-maqsudov\/","title":{"rendered":"Akademik F\u0259r\u0259m\u0259z Q\u0259z\u0259nf\u0259r o\u011flu Maqsudov"},"content":{"rendered":"<p style=\"text-align: justify;\"><strong><a href=\"https:\/\/www.imm.az\/exp\/gork%c9%99mli-az%c9%99rbaycan-riyaziyyatcilari\/akademik-f%c9%99r%c9%99m%c9%99z-q%c9%99z%c9%99nf%c9%99r-oglu-maqsudov\/feramez_maqsudov_sayt\/\" rel=\"attachment wp-att-5608\"><img loading=\"lazy\" decoding=\"async\" class=\"alignleft size-full wp-image-5608\" src=\"https:\/\/www.imm.az\/exp\/wp-content\/uploads\/2015\/10\/Feramez_Maqsudov_sayt.jpg\" alt=\"Feramez_Maqsudov_sayt\" width=\"250\" height=\"363\" srcset=\"https:\/\/www.imm.az\/exp\/wp-content\/uploads\/2015\/10\/Feramez_Maqsudov_sayt.jpg 250w, https:\/\/www.imm.az\/exp\/wp-content\/uploads\/2015\/10\/Feramez_Maqsudov_sayt-207x300.jpg 207w\" sizes=\"(max-width: 250px) 100vw, 250px\" \/><\/a><\/strong><\/p>\n<p style=\"text-align: justify;\">Akademik F\u0259r\u0259m\u0259z Q\u0259z\u0259nf\u0259r o\u011flu Maqsudov 1974-c\u00fc ild\u0259n AMEA-n\u0131n Riyaziy\u00adyat v\u0259 Mexanika \u0130nstitutunun direktoru, 1981-1997-ci ill\u0259rd\u0259 \u201cfizika-texnika v\u0259 riyaziyyat\u201d elml\u0259ri \u015f\u00f6b\u0259sinin akademik-katibi v\u0259zif\u0259sind\u0259 i\u015fl\u0259mi\u015fdir.<\/p>\n<p style=\"text-align: justify;\">1997-ci ild\u0259 Az\u0259rbaycan Elml\u0259r Akademiyas\u0131n\u0131n prezidenti olmu\u015fdur. O, respublikada y\u00fcks\u0259k ixtisasl\u0131 riyaziyyat\u00e7\u0131 kadrlar\u0131n yeti\u015fdirilm\u0259si i\u015fin\u0259 uzun m\u00fcdd\u0259t r\u0259hb\u0259rlik etmi\u015fdir. F.Q.Maqsudov EA-n\u0131n \u0130nstitutlar\u0131n\u0131n m\u00fcst\u0259qil d\u00f6vl\u0259tl\u0259r birliyinin \u0259sas elmi m\u0259rk\u0259zl\u0259ri v\u0259 xarici \u00f6lk\u0259l\u0259rd\u0259 elmi \u0259laq\u0259l\u0259rinin m\u00f6hk\u0259ml\u0259ndirilm\u0259si v\u0259 inki\u015faf\u0131na x\u00fcsusi \u0259m\u0259k s\u0259rf etmi\u015fdir. O, iqtisadiyyat\u0131n bir \u00e7ox sah\u0259l\u0259rinin inki\u015faf\u0131 \u00fc\u00e7\u00fcn t\u0259tbiqi elml\u0259rin istifad\u0259 olunmas\u0131nda m\u00fch\u00fcm i\u015fl\u0259r g\u00f6rm\u00fc\u015fd\u00fcr.<\/p>\n<p style=\"text-align: justify;\">Akademik F.Q.Maqsudov diferensial operatorlar\u0131n spektral n\u0259z\u0259riyy\u0259si, spektral analizin t\u0259rs m\u0259s\u0259l\u0259l\u0259ri, diferensial t\u0259nlikl\u0259r n\u0259z\u0259riyy\u0259si, b\u00fct\u00f6v m\u00fchit mexanikas\u0131 sah\u0259sind\u0259 g\u00f6rk\u0259mli m\u00fct\u0259x\u0259ssisl\u0259rd\u0259n biri olmu\u015fdur.<\/p>\n<p style=\"text-align: justify;\">F.Q.Maqsudov k\u0259silm\u0259z spektr\u0259 malik geni\u015f sinif operatorlar d\u0259st\u0259l\u0259rinin spektral n\u0259z\u0259riyy\u0259sini haz\u0131rlam\u0131\u015f azalan potensiall\u0131 \u015eredinger operatoru\u00adnun m\u00fcsb\u0259t m\u0259xsusi \u0259d\u0259dl\u0259ninin olmas\u0131 haqq\u0131nda yeni meyar vermi\u015fdir.<\/p>\n<p style=\"text-align: justify;\">Onun r\u0259hb\u0259rliyi alt\u0131nda 70-d\u0259n \u00e7ox namiz\u0259dlik v\u0259 doktorluq dissertasiyas\u0131 m\u00fcdafi\u0259 olunmu\u015fdur. O, 300-d\u0259n \u00e7ox elmi m\u0259qal\u0259nin, bir ne\u00e7\u0259 monoqra\u00adfi\u00adya\u00adn\u0131n v\u0259 d\u0259rslikl\u0259rin m\u00fc\u0259llifidir. Akademik F.Q.Maqsudovun t\u0259l\u0259b\u0259l\u0259rinin \u0259ks\u0259riyy\u0259ti respubli\u00adka ali m\u0259kt\u0259bl\u0259rind\u0259 v\u0259 elmi-t\u0259dqiqat institutlar\u0131nda, MDB \u00f6lk\u0259l\u0259rind\u0259 v\u0259 xaricd\u0259 (T\u00fcrkiy\u0259, \u0130ran, Almaniya, AB\u015e v\u0259 s.) \u00e7al\u0131\u015f\u0131rlar.<\/p>\n<p style=\"text-align: justify;\">Akademik F.Q.Maqsudov Az\u0259rbaycan Respublikas\u0131n\u0131n ictimai h\u0259yat\u0131ndada b\u00f6y\u00fck rol oynam\u0131\u015fd\u0131r. O, uzun ill\u0259r Milli M\u0259clisin deputat\u0131 olmu\u015f\u00addur.<\/p>\n<p style=\"text-align: justify;\"><strong>\u00a0<\/strong><\/p>\n","protected":false},"excerpt":{"rendered":"<p>Akademik F\u0259r\u0259m\u0259z Q\u0259z\u0259nf\u0259r o\u011flu Maqsudov 1974-c\u00fc ild\u0259n AMEA-n\u0131n Riyaziy\u00adyat v\u0259 Mexanika \u0130nstitutunun direktoru, 1981-1997-ci ill\u0259rd\u0259 \u201cfizika-texnika v\u0259 riyaziyyat\u201d elml\u0259ri \u015f\u00f6b\u0259sinin akademik-katibi v\u0259zif\u0259sind\u0259 i\u015fl\u0259mi\u015fdir. 1997-ci ild\u0259 Az\u0259rbaycan Elml\u0259r Akademiyas\u0131n\u0131n prezidenti olmu\u015fdur. O, respublikada y\u00fcks\u0259k ixtisasl\u0131 riyaziyyat\u00e7\u0131 kadrlar\u0131n yeti\u015fdirilm\u0259si i\u015fin\u0259 uzun m\u00fcdd\u0259t r\u0259hb\u0259rlik etmi\u015fdir. F.Q.Maqsudov EA-n\u0131n \u0130nstitutlar\u0131n\u0131n m\u00fcst\u0259qil d\u00f6vl\u0259tl\u0259r birliyinin \u0259sas elmi m\u0259rk\u0259zl\u0259ri v\u0259 xarici \u00f6lk\u0259l\u0259rd\u0259 elmi [&hellip;]<\/p>\n","protected":false},"author":6,"featured_media":0,"parent":5673,"menu_order":0,"comment_status":"closed","ping_status":"closed","template":"","meta":{"footnotes":""},"_links":{"self":[{"href":"https:\/\/www.imm.az\/exp\/wp-json\/wp\/v2\/pages\/5607"}],"collection":[{"href":"https:\/\/www.imm.az\/exp\/wp-json\/wp\/v2\/pages"}],"about":[{"href":"https:\/\/www.imm.az\/exp\/wp-json\/wp\/v2\/types\/page"}],"author":[{"embeddable":true,"href":"https:\/\/www.imm.az\/exp\/wp-json\/wp\/v2\/users\/6"}],"replies":[{"embeddable":true,"href":"https:\/\/www.imm.az\/exp\/wp-json\/wp\/v2\/comments?post=5607"}],"version-history":[{"count":5,"href":"https:\/\/www.imm.az\/exp\/wp-json\/wp\/v2\/pages\/5607\/revisions"}],"predecessor-version":[{"id":33483,"href":"https:\/\/www.imm.az\/exp\/wp-json\/wp\/v2\/pages\/5607\/revisions\/33483"}],"up":[{"embeddable":true,"href":"https:\/\/www.imm.az\/exp\/wp-json\/wp\/v2\/pages\/5673"}],"wp:attachment":[{"href":"https:\/\/www.imm.az\/exp\/wp-json\/wp\/v2\/media?parent=5607"}],"curies":[{"name":"wp","href":"https:\/\/api.w.org\/{rel}","templated":true}]}}