{"id":5610,"date":"2015-10-05T11:33:42","date_gmt":"2015-10-05T06:33:42","guid":{"rendered":"http:\/\/www.imm.az\/exp\/?page_id=5610"},"modified":"2015-10-14T12:59:57","modified_gmt":"2015-10-14T07:59:57","slug":"akademik-azad-mirz%c9%99canzad%c9%99","status":"publish","type":"page","link":"https:\/\/www.imm.az\/exp\/gork%c9%99mli-az%c9%99rbaycan-riyaziyyatcilari\/akademik-azad-mirz%c9%99canzad%c9%99\/","title":{"rendered":"Akademik Azad Mirz\u0259canzad\u0259 X\u0259lil o\u011flu"},"content":{"rendered":"<p style=\"line-height: 16.8pt; margin: 6pt 0cm; text-align: justify; background: white;\"><span style=\"color: #333333;\"><span style=\"font-size: 10.5pt; font-family: Arial, sans-serif;\"><a href=\"https:\/\/www.imm.az\/exp\/wp-content\/uploads\/2015\/10\/Mirzadjanzade_sayt.jpg\"><img loading=\"lazy\" decoding=\"async\" class=\"alignleft size-full wp-image-5611\" src=\"https:\/\/www.imm.az\/exp\/wp-content\/uploads\/2015\/10\/Mirzadjanzade_sayt.jpg\" alt=\"Mirzadjanzade_sayt\" width=\"250\" height=\"401\" srcset=\"https:\/\/www.imm.az\/exp\/wp-content\/uploads\/2015\/10\/Mirzadjanzade_sayt.jpg 250w, https:\/\/www.imm.az\/exp\/wp-content\/uploads\/2015\/10\/Mirzadjanzade_sayt-187x300.jpg 187w\" sizes=\"(max-width: 250px) 100vw, 250px\" \/><\/a><\/span><\/span><\/p>\n<p style=\"text-align: justify;\">Azad Mirz\u0259canzad\u0259 1928-ci il sentyabr\u0131n 29-da Bak\u0131 \u015f\u0259h\u0259rind\u0259 anadan olmu\u015fdur. Orta m\u0259kt\u0259bi bitirdikd\u0259n sonra ali t\u0259hsilini 1944-1949-cu ill\u0259rd\u0259 Az\u0259rbaycan S\u0259naye \u0130nstitutunun neft-m\u0259d\u0259n fak\u00fclt\u0259sind\u0259 alm\u0131\u015f v\u0259 da\u011f m\u00fch\u0259ndisi ixtisas\u0131na yiy\u0259l\u0259nmi\u015fdir. 1951-ci ild\u0259 texnika elml\u0259ri \u00fczr\u0259 namiz\u0259dlik, 1957-ci ild\u0259 doktorluq dissertasiyalar\u0131 m\u00fcdafi\u0259 etmi\u015fdir. 1959-cu ild\u0259 professor ad\u0131n\u0131 alm\u0131\u015f, 1962-ci ild\u0259 Az\u0259rbaycan Elml\u0259r Akademiyas\u0131n\u0131nm\u00fcxbir \u00fczv\u00fc, 1968-ci ild\u0259 is\u0259 h\u0259qiqi \u00fczv\u00fc se\u00e7ilmi\u015fdir.<\/p>\n<p style=\"text-align: justify;\">Azad Mirz\u0259canzad\u0259 pedaqoji f\u0259aliyy\u0259t\u0259 1944-c\u00fc ild\u0259 Bak\u0131 \u015f\u0259h\u0259rind\u0259 44 n\u00f6mr\u0259li orta m\u0259kt\u0259bd\u0259 m\u00fc\u0259llim kimi ba\u015flam\u0131\u015fd\u0131r. O, 1948-1958-ci ill\u0259rd\u0259 Az\u0259rbaycan Elml\u0259r Akademiyas\u0131n\u0131n Neft \u0130nstitutunda v\u0259 Neft Ekspedisiyas\u0131nda ba\u015f laborant, ki\u00e7ik elmi i\u015f\u00e7i, b\u00f6y\u00fck elmi i\u015f\u00e7i v\u0259 \u015f\u00f6b\u0259 m\u00fcdiri v\u0259zif\u0259l\u0259rind\u0259 \u00e7al\u0131\u015fm\u0131\u015f, 1958-1968-ci ill\u0259rd\u0259 Az\u0259rbaycan Neft S\u0259nayesi Nazirliyi n\u0259zdind\u0259 Elmi T\u0259dqiqat Neft\u00e7\u0131xarma \u0130nstitutunda, h\u0259m\u00e7inin 1966-1969-cu ill\u0259rd\u0259 SSR\u0130 Elml\u0259r Akademiyas\u0131n\u0131n Mexanika Probleml\u0259ri \u0130nstitutunda laboratoriya m\u00fcdiri olmu\u015f, 1969-1973-c\u00fc ill\u0259rd\u0259 SSR\u0130 Elml\u0259r Akademiyas\u0131 v\u0259 Neft S\u0259nayesi Nazirliyinin m\u00fc\u015ft\u0259r\u0259k laboratoriyas\u0131n\u0131n,1973-1989-cu ill\u0259rd\u0259 ke\u00e7mi\u015f \u00dcmumittifaq Elmi T\u0259dqiqat Neft \u0130nstitutunun neft-qaz dinamikas\u0131 laboratoriyas\u0131n\u0131n m\u00fcdiri, 1992-ci ild\u0259n is\u0259 Az\u0259rbaycan Neft Akademiyas\u0131 n\u0259zdind\u0259 Neft-Qaz Geotexnoloji Probleml\u0259ri v\u0259 Kimya Elmi T\u0259dqiqat \u0130nstitutunun direktoru v\u0259zif\u0259l\u0259rind\u0259 i\u015fl\u0259mi\u015fdir.<\/p>\n<p style=\"text-align: justify;\">Son d\u0259r\u0259c\u0259 geni\u015f maraq dair\u0259si olan Azad Mirz\u0259canzad\u0259 elmi yarad\u0131c\u0131l\u0131\u011f\u0131n\u0131 pedaqoji f\u0259aliyy\u0259tl\u0259 d\u0259 m\u0259\u015f\u011ful olmu\u015f, y\u00fcks\u0259k ixtisasl\u0131 kadrlar\u0131n haz\u0131rlanmas\u0131na b\u00f6y\u00fck q\u00fcvv\u0259 s\u0259rf etmi\u015f, Az\u0259rbaycan Respublikas\u0131n\u0131n haz\u0131rk\u0131 inki\u015faf m\u0259rh\u0259l\u0259sind\u0259 \u00f6lk\u0259 iqtisadiyyat\u0131n\u0131n inki\u015faf\u0131 \u00fc\u00e7\u00fcn g\u00fccl\u00fc elmi potensial\u0131n yarad\u0131lmas\u0131nda yax\u0131ndan i\u015ftirak etmi\u015fdir.<\/p>\n<p style=\"text-align: justify;\">1951-1957-ci ill\u0259rd\u0259 Az\u0259rbaycan D\u00f6vl\u0259t Universitetinin n\u0259z\u0259ri mexanika kafedras\u0131n\u0131n dosenti, 1957-1959-cu ill\u0259rd\u0259 professoru, 1959-cu ild\u0259n \u00f6mr\u00fcn\u00fcn sonunad\u0259k Az\u0259rbaycan D\u00f6vl\u0259t Neft Akademiyas\u0131nda kafedra m\u00fcdiri i\u015fl\u0259mi\u015fdir. Azad Mirz\u0259canzad\u0259 orta m\u0259kt\u0259bl\u0259rd\u0259 d\u0259qiq elml\u0259rin t\u0259drisi il\u0259 ba\u011fl\u0131 bir s\u0131ra layih\u0259l\u0259rin d\u0259 m\u00fc\u0259llifi idi.<\/p>\n<p style=\"text-align: justify;\">1992-2001-ci ill\u0259rd\u0259 Az\u0259rbaycan Ali Attestasiya Komissiyas\u0131n\u0131n s\u0259dri olmu\u015f, 1993-2001-ci ill\u0259rd\u0259 D\u00f6vl\u0259t Elm v\u0259 Texnika Komit\u0259sin\u0259 r\u0259hb\u0259rlik etmi\u015fdir.<\/p>\n<p style=\"text-align: justify;\">Azad X\u0259lil o\u011flu Mirz\u0259canzad\u0259 2006-c\u0131 il iyulun 17-d\u0259, 78 ya\u015f\u0131nda v\u0259fat etmi\u015fdir.<\/p>\n<p style=\"text-align: justify;\">Xidm\u0259tl\u0259ri:<\/p>\n<p style=\"text-align: justify;\">Az\u0259rbaycan elminin inki\u015faf\u0131nda m\u00fch\u00fcm xidm\u0259tl\u0259ri olan Azad Mirz\u0259canzad\u0259 \u00f6lk\u0259mizd\u0259 t\u0259tbiqi mexanika v\u0259 neft-m\u0259d\u0259n i\u015fl\u0259ri sah\u0259sind\u0259 qiym\u0259tli ara\u015fd\u0131rmalar\u0131 il\u0259 b\u00f6y\u00fck \u015f\u00f6hr\u0259t qazanm\u0131\u015fd\u0131r. Neftin \u00e7\u0131xar\u0131lmas\u0131nda texnoloji prosesl\u0259rin mexanikas\u0131, riyazi fizika metodlar\u0131n\u0131n neft sah\u0259sind\u0259 t\u0259tbiqi il\u0259 ba\u011fl\u0131 probleml\u0259r onun t\u0259r\u0259find\u0259n fundamental elmin n\u0259z\u0259ri m\u0259s\u0259l\u0259l\u0259ri s\u0259viyy\u0259sind\u0259 ara\u015fd\u0131r\u0131lm\u0131\u015fd\u0131r.<\/p>\n<p style=\"text-align: justify;\">Alimin neft v\u0259 qaz-kondensat yataqlar\u0131n\u0131n m\u0259nims\u0259nilm\u0259si v\u0259 istismar\u0131n\u0131n \u0259saslar\u0131na h\u0259sr olunmu\u015f t\u0259dqiqatlar\u0131nda neft s\u0259nayesinin qazma, istehsal v\u0259 neft ma\u015f\u0131nqay\u0131rmas\u0131 kimi sah\u0259l\u0259rinin aktual probleml\u0259ri \u00f6z h\u0259llini tapm\u0131\u015fd\u0131r. 400-\u0259 yax\u0131n elmi \u0259s\u0259rin, 50-d\u0259n art\u0131q ixtira v\u0259 patentin m\u00fc\u0259llifi olan Azad Mirz\u0259canzad\u0259 \u00f6z\u00fcn\u00fcn elmi f\u0259aliyy\u0259tind\u0259 neft v\u0259 qaz \u00e7\u0131xar\u0131lmas\u0131 prosesl\u0259rinin qlobal optimalla\u015fd\u0131r\u0131lmas\u0131na x\u00fcsusi diqq\u0259t yetirmi\u015fdir. D\u0259niz neft yataqlar\u0131n\u0131n i\u015fl\u0259nilm\u0259sinin dinamik metodlar\u0131n\u0131n haz\u0131rlanmas\u0131 v\u0259 t\u0259tbiq edilm\u0259si tan\u0131nm\u0131\u015f alimin ba\u015fl\u0131ca elmi nailiyy\u0259tl\u0259ri s\u0131ras\u0131ndad\u0131r. Yarad\u0131c\u0131l\u0131\u011f\u0131n\u0131n son d\u00f6vr\u00fcnd\u0259 onun t\u0259dqiqatlar\u0131n\u0131n \u0259sas elmi istiqam\u0259tl\u0259rini neft-qaz yataqlar\u0131n\u0131n sinergetik analizi t\u0259\u015fkil edirdi.<\/p>\n<p>Elmi nailiyy\u0259tl\u0259ri:<\/p>\n<ul>\n<li>Maye v\u0259 qablar\u0131n s\u00fcz\u00fclm\u0259sind\u0259 ba\u015flan\u011f\u0131c t\u0259zyiql\u0259r qradiyenti n\u0259z\u0259r\u0259 al\u0131nmaqla qanun t\u0259klif edilmi\u015fdir.<\/li>\n<li>M\u0259sam\u0259li m\u00fchitd\u0259 qazkondensat sisteml\u0259rinin s\u00fcz\u00fclm\u0259si v\u0259 \u00f6zl\u00fc plastik mayel\u0259rin h\u0259r\u0259k\u0259tini t\u0259svir ed\u0259n differensial t\u0259nlik t\u0259klif edilmi\u015fdir.<\/li>\n<li>S\u00fcz\u00fclm\u0259nin relaksasiya qanunu t\u0259klif edilm\u0259si qazkondensat sisteml\u0259ri v\u0259 qeyri-niuton neft yataqlar\u0131n\u0131n i\u015fl\u0259nm\u0259sinin metodik \u0259saslar\u0131 i\u015fl\u0259nilmi\u015f v\u0259 t\u0259tbiq edilmi\u015fdir.<\/li>\n<li>M\u00fcr\u0259kk\u0259b \u015f\u0259raitd\u0259 quyular\u0131n qaz\u0131lmas\u0131n\u0131n hidrodinamik \u0259saslar\u0131 i\u015fl\u0259nilmi\u015fdir.<\/li>\n<li>Quyular\u0131n qaz\u0131lmas\u0131, neft-qaz yataqlar\u0131n\u0131n i\u015fl\u0259nm\u0259si v\u0259 neft n\u0259qlinin i\u015f rejiml\u0259rinin t\u0259nziml\u0259nm\u0259si \u00fc\u00e7\u00fcn m\u00fcxt\u0259lif fiziki sah\u0259l\u0259r t\u0259klif v\u0259 t\u0259tbiq edilmi\u015fdir.<\/li>\n<li>Neftqaz\u00e7\u0131xarman\u0131n texnoloji prosesl\u0259ri \u00fc\u00e7\u00fcn sistemli t\u0259hlil i\u015fl\u0259nilmi\u015fdir. D\u0259niz neft yataqlar\u0131n\u0131n i\u015fl\u0259nilm\u0259sinin dinamik metodlar\u0131 yarad\u0131lm\u0131\u015f v\u0259 t\u0259tbiq edilmi\u015fdir.<\/li>\n<\/ul>\n<p>M\u00fckafatlar\u0131:<\/p>\n<ul>\n<li>Az\u0259rbaycan SSR \u018fm\u0259kdar elm v\u0259 texnika xadimi (1970);<\/li>\n<li>SSR\u0130-nin F\u0259xri neft\u00e7isi (1971);<\/li>\n<li>SSR\u0130 EA-n\u0131n Qubkin ad\u0131na m\u00fckafat\u0131 (1977 v\u0259 1982);<\/li>\n<li>SSR\u0130 Qaz s\u0259nayesinin F\u0259xri i\u015f\u00e7isi (1978);<\/li>\n<li>Az\u0259rbaycan SSR D\u00f6vl\u0259t m\u00fckafat\u0131 laureat\u0131 (1980);<\/li>\n<li>2 d\u0259f\u0259 &#8220;Q\u0131rm\u0131z\u0131 \u018fm\u0259k Bayra\u011f\u0131&#8221; ordeni.<\/li>\n<li>Az\u0259rbaycan Respublikas\u0131n\u0131n &#8220;\u0130stiqlal&#8221; ordeni<\/li>\n<\/ul>\n","protected":false},"excerpt":{"rendered":"<p>Azad Mirz\u0259canzad\u0259 1928-ci il sentyabr\u0131n 29-da Bak\u0131 \u015f\u0259h\u0259rind\u0259 anadan olmu\u015fdur. Orta m\u0259kt\u0259bi bitirdikd\u0259n sonra ali t\u0259hsilini 1944-1949-cu ill\u0259rd\u0259 Az\u0259rbaycan S\u0259naye \u0130nstitutunun neft-m\u0259d\u0259n fak\u00fclt\u0259sind\u0259 alm\u0131\u015f v\u0259 da\u011f m\u00fch\u0259ndisi ixtisas\u0131na yiy\u0259l\u0259nmi\u015fdir. 1951-ci ild\u0259 texnika elml\u0259ri \u00fczr\u0259 namiz\u0259dlik, 1957-ci ild\u0259 doktorluq dissertasiyalar\u0131 m\u00fcdafi\u0259 etmi\u015fdir. 1959-cu ild\u0259 professor ad\u0131n\u0131 alm\u0131\u015f, 1962-ci ild\u0259 Az\u0259rbaycan Elml\u0259r Akademiyas\u0131n\u0131nm\u00fcxbir \u00fczv\u00fc, 1968-ci ild\u0259 is\u0259 [&hellip;]<\/p>\n","protected":false},"author":6,"featured_media":0,"parent":5673,"menu_order":0,"comment_status":"closed","ping_status":"closed","template":"","meta":{"footnotes":""},"_links":{"self":[{"href":"https:\/\/www.imm.az\/exp\/wp-json\/wp\/v2\/pages\/5610"}],"collection":[{"href":"https:\/\/www.imm.az\/exp\/wp-json\/wp\/v2\/pages"}],"about":[{"href":"https:\/\/www.imm.az\/exp\/wp-json\/wp\/v2\/types\/page"}],"author":[{"embeddable":true,"href":"https:\/\/www.imm.az\/exp\/wp-json\/wp\/v2\/users\/6"}],"replies":[{"embeddable":true,"href":"https:\/\/www.imm.az\/exp\/wp-json\/wp\/v2\/comments?post=5610"}],"version-history":[{"count":6,"href":"https:\/\/www.imm.az\/exp\/wp-json\/wp\/v2\/pages\/5610\/revisions"}],"predecessor-version":[{"id":5927,"href":"https:\/\/www.imm.az\/exp\/wp-json\/wp\/v2\/pages\/5610\/revisions\/5927"}],"up":[{"embeddable":true,"href":"https:\/\/www.imm.az\/exp\/wp-json\/wp\/v2\/pages\/5673"}],"wp:attachment":[{"href":"https:\/\/www.imm.az\/exp\/wp-json\/wp\/v2\/media?parent=5610"}],"curies":[{"name":"wp","href":"https:\/\/api.w.org\/{rel}","templated":true}]}}