{"id":5613,"date":"2015-10-05T11:36:15","date_gmt":"2015-10-05T06:36:15","guid":{"rendered":"http:\/\/www.imm.az\/exp\/?page_id=5613"},"modified":"2015-10-06T14:43:59","modified_gmt":"2015-10-06T09:43:59","slug":"akademik-%c9%99sr%c9%99f-isg%c9%99nd%c9%99r-oglu-huseynov","status":"publish","type":"page","link":"https:\/\/www.imm.az\/exp\/gork%c9%99mli-az%c9%99rbaycan-riyaziyyatcilari\/akademik-%c9%99sr%c9%99f-isg%c9%99nd%c9%99r-oglu-huseynov\/","title":{"rendered":"Akademik \u018f\u015fr\u0259f \u0130sg\u0259nd\u0259r o\u011flu H\u00fcseynov"},"content":{"rendered":"<p style=\"text-align: justify;\"><a href=\"https:\/\/www.imm.az\/exp\/akademik-%c9%99sr%c9%99f-isg%c9%99nd%c9%99r-oglu-huseynov\/eshref_huseynov_sayt\/\" rel=\"attachment wp-att-5614\"><img loading=\"lazy\" decoding=\"async\" class=\"alignleft size-full wp-image-5614\" src=\"https:\/\/www.imm.az\/exp\/wp-content\/uploads\/2015\/10\/Eshref_Huseynov_sayt.jpg\" alt=\"Eshref_Huseynov_sayt\" width=\"250\" height=\"294\" \/><\/a><\/p>\n<p style=\"text-align: justify;\">\u018f\u015fr\u0259f H\u00fcseynov 1939-1965-ci ill\u0259rd\u0259n Az\u0259rbaycan D\u00f6vl\u0259t Universitetinin (indiki BDU) &#8220;Funksiyalar n\u0259z\u0259riyy\u0259si v\u0259 c\u0259br&#8221;, sonra is\u0259 &#8220;Funksiyalar n\u0259z\u0259riyy\u0259si funksional analiz&#8221; kafedras\u0131n\u0131n professoru, m\u00fcdiri v\u0259zif\u0259l\u0259rind\u0259 \u00e7al\u0131\u015fm\u0131\u015f v\u0259 riyazi analiz, diferensial t\u0259nlikl\u0259r, inteqral t\u0259nlikl\u0259r, riyazi fizika t\u0259nlikl\u0259ri, h\u0259qiqi d\u0259yi\u015f\u0259nli funksiyalar n\u0259z\u0259riyy\u0259si v\u0259 qeyri-x\u0259tti funksional analizin m\u00fcxt\u0259lif m\u0259s\u0259l\u0259l\u0259rin\u0259 dair x\u00fcsusi kurslar-m\u00fchazir\u0259l\u0259r oxumu\u015fdur.<\/p>\n<p style=\"text-align: justify;\">Az\u0259rbaycan riyazityyat\u00e7\u0131lar\u0131 \u018f\u015fr\u0259f H\u00fcseynovun Az\u0259rbaycan D\u00f6vl\u0259t Universitetind\u0259 qeyri-x\u0259tti funksional analiz m\u00f6vzusunda oxudu\u011fu m\u00fcxt\u0259lif kurslar\u0131n t\u0259siri alt\u0131nda qeyri-x\u0259tti analizl\u0259 m\u0259\u015f\u011ful olmu\u015fdur. Onun r\u0259hb\u0259rlik etdiyi seminarlar h\u0259min sah\u0259nin Az\u0259rbaycanda inki\u015faf etm\u0259sind\u0259 b\u00f6y\u00fck rol oynam\u0131\u015fd\u0131r. Bu seminarlarda qeyri-x\u0259tti t\u0259nlikl\u0259rin h\u0259llinin budaqlanmas\u0131 n\u0259z\u0259riyy\u0259si, onlar\u0131n h\u0259lli \u00fcsullar\u0131, kvazi-x\u0259tti, parabolik v\u0259 hiperbolik t\u0259nlikl\u0259r \u00fc\u00e7\u00fcn qar\u0131\u015f\u0131q m\u0259s\u0259l\u0259l\u0259r, sinqulyar operatorlar\u0131n struktur xass\u0259l\u0259ri, qeyri-x\u0259tti sinqulyar inteqral t\u0259nlikl\u0259r v\u0259 analitik funksiyalar \u00fc\u00e7\u00fcn qeyri-x\u0259tti s\u0259rh\u0259d m\u0259s\u0259l\u0259l\u0259ri n\u0259z\u0259riyy\u0259si, sinqulyar-inteqral t\u0259nlikl\u0259rin \u0259d\u0259di h\u0259lli kimi elmi istiqam\u0259tl\u0259ri yaranm\u0131\u015f v\u0259 inki\u015faf etdirilmi\u015fdir.<\/p>\n<p style=\"text-align: justify;\">Akademik \u018f.Hyseynovun r\u0259hbrliyi il\u0259 30-dan \u00e7ox namiz\u0259dlik dissertasiyas\u0131 m\u00fcdafi\u0259 olunmu\u015fdur. Az\u0259rbaycan\u0131n g\u00f6rk\u0259mli riyaziyyat\u00e7\u0131lar\u0131 Q.T.\u018fhm\u0259dov, Y.C.M\u0259mm\u0259dov, X.\u015e.Muxtarov v\u0259 A.\u018f.Babayevin doktorluq i\u015fl\u0259rinin m\u0259sl\u0259h\u0259t\u00e7isi olmu\u015fdur.<\/p>\n<p style=\"text-align: justify;\">Akademik \u018f.H\u00fcseynov elmi konfrans v\u0259 qurultaylarda f\u0259al i\u015ftirak edirdi. O, funksional analiz \u00fcsullar\u0131n\u0131n qeyri-x\u0259tti m\u0259s\u0259l\u0259l\u0259r\u0259 t\u0259tbiqi, yeralt\u0131 neftin hidroqaz dinamik m\u0259s\u0259l\u0259l\u0259rinin riyazi h\u0259lli metodlar\u0131na h\u0259sr olunmu\u015f \u00fcmumittifaq konfrans\u0131na s\u0259drlik etmi\u015fdir. 1960-1965-ci ill\u0259rd\u0259 ke\u00e7mi\u015f SSR\u0130-nin Ali v\u0259 Orta T\u0259hsil Nazirliyi yan\u0131nda riyaziyyat sah\u0259si \u00fczr\u0259 Metodik \u015euran\u0131n \u00fczv\u00fc olmu\u015fdur.<\/p>\n<p style=\"text-align: justify;\">Akademik \u018f.H\u00fcseynov indiki MDB \u00f6lk\u0259l\u0259rinin ali t\u0259hsil ocaqlar\u0131nda, Albaniyan\u0131n Tirana Universitetind\u0259 \u00fcmumi v\u0259 x\u00fcsusi kurslar oxumu\u015fdur.<\/p>\n<p style=\"text-align: justify;\">Az\u0259rbaycan dilind\u0259 &#8220;\u0130nteqral t\u0259nlikl\u0259r&#8221; v\u0259 &#8220;\u00c7oxluqlar n\u0259z\u0259riyy\u0259si&#8221; d\u0259rslikl\u0259rinin m\u00fc\u0259llifidir.<\/p>\n<p style=\"text-align: justify;\">\u018f.H\u00fcseynov elmi-pedaqoji f\u0259aliyy\u0259tin\u0259 g\u00f6r\u0259 bir \u00e7ox m\u00fckafatlarla t\u0259ltif olunmu\u015f v\u0259 1960-c\u0131 ild\u0259 &#8220;Az\u0259rbaycan\u0131n \u018fm\u0259kdar Elm Xadimi&#8221; ad\u0131na layiq g\u00f6r\u00fclm\u00fc\u015fd\u00fcr.<\/p>\n","protected":false},"excerpt":{"rendered":"<p>\u018f\u015fr\u0259f H\u00fcseynov 1939-1965-ci ill\u0259rd\u0259n Az\u0259rbaycan D\u00f6vl\u0259t Universitetinin (indiki BDU) &#8220;Funksiyalar n\u0259z\u0259riyy\u0259si v\u0259 c\u0259br&#8221;, sonra is\u0259 &#8220;Funksiyalar n\u0259z\u0259riyy\u0259si funksional analiz&#8221; kafedras\u0131n\u0131n professoru, m\u00fcdiri v\u0259zif\u0259l\u0259rind\u0259 \u00e7al\u0131\u015fm\u0131\u015f v\u0259 riyazi analiz, diferensial t\u0259nlikl\u0259r, inteqral t\u0259nlikl\u0259r, riyazi fizika t\u0259nlikl\u0259ri, h\u0259qiqi d\u0259yi\u015f\u0259nli funksiyalar n\u0259z\u0259riyy\u0259si v\u0259 qeyri-x\u0259tti funksional analizin m\u00fcxt\u0259lif m\u0259s\u0259l\u0259l\u0259rin\u0259 dair x\u00fcsusi kurslar-m\u00fchazir\u0259l\u0259r oxumu\u015fdur. Az\u0259rbaycan riyazityyat\u00e7\u0131lar\u0131 \u018f\u015fr\u0259f H\u00fcseynovun Az\u0259rbaycan D\u00f6vl\u0259t Universitetind\u0259 [&hellip;]<\/p>\n","protected":false},"author":6,"featured_media":0,"parent":5673,"menu_order":0,"comment_status":"closed","ping_status":"closed","template":"","meta":{"footnotes":""},"_links":{"self":[{"href":"https:\/\/www.imm.az\/exp\/wp-json\/wp\/v2\/pages\/5613"}],"collection":[{"href":"https:\/\/www.imm.az\/exp\/wp-json\/wp\/v2\/pages"}],"about":[{"href":"https:\/\/www.imm.az\/exp\/wp-json\/wp\/v2\/types\/page"}],"author":[{"embeddable":true,"href":"https:\/\/www.imm.az\/exp\/wp-json\/wp\/v2\/users\/6"}],"replies":[{"embeddable":true,"href":"https:\/\/www.imm.az\/exp\/wp-json\/wp\/v2\/comments?post=5613"}],"version-history":[{"count":3,"href":"https:\/\/www.imm.az\/exp\/wp-json\/wp\/v2\/pages\/5613\/revisions"}],"predecessor-version":[{"id":5694,"href":"https:\/\/www.imm.az\/exp\/wp-json\/wp\/v2\/pages\/5613\/revisions\/5694"}],"up":[{"embeddable":true,"href":"https:\/\/www.imm.az\/exp\/wp-json\/wp\/v2\/pages\/5673"}],"wp:attachment":[{"href":"https:\/\/www.imm.az\/exp\/wp-json\/wp\/v2\/media?parent=5613"}],"curies":[{"name":"wp","href":"https:\/\/api.w.org\/{rel}","templated":true}]}}