{"id":5619,"date":"2015-10-05T13:08:07","date_gmt":"2015-10-05T08:08:07","guid":{"rendered":"http:\/\/www.imm.az\/exp\/?page_id=5619"},"modified":"2015-10-06T14:45:53","modified_gmt":"2015-10-06T09:45:53","slug":"akademik-ibrahim-ibis-oglu-ibrahimov","status":"publish","type":"page","link":"https:\/\/www.imm.az\/exp\/gork%c9%99mli-az%c9%99rbaycan-riyaziyyatcilari\/akademik-ibrahim-ibis-oglu-ibrahimov\/","title":{"rendered":"Akademik \u0130brahim \u0130bi\u015f o\u011flu \u0130brahimov"},"content":{"rendered":"<p style=\"text-align: justify;\"><a href=\"\/exp\/?page_id=5648\" rel=\"attachment wp-att-5648\"><img loading=\"lazy\" decoding=\"async\" class=\"alignleft size-full wp-image-5648\" src=\"https:\/\/www.imm.az\/exp\/wp-content\/uploads\/2015\/10\/Akademik_Ibrahim_Ibrahimov.jpg\" alt=\"Akademik_Ibrahim_Ibrahimov\" width=\"250\" height=\"350\" srcset=\"https:\/\/www.imm.az\/exp\/wp-content\/uploads\/2015\/10\/Akademik_Ibrahim_Ibrahimov.jpg 250w, https:\/\/www.imm.az\/exp\/wp-content\/uploads\/2015\/10\/Akademik_Ibrahim_Ibrahimov-214x300.jpg 214w\" sizes=\"(max-width: 250px) 100vw, 250px\" \/><\/a><\/p>\n<p style=\"text-align: justify;\">Akademik \u0130brahim \u0130bi\u015f o\u011flu \u0130brahimov Az\u0259rbaycanda ilk d\u0259f\u0259 olaraq riyaziyyat sah\u0259sind\u0259 elml\u0259r namiz\u0259di ad\u0131n\u0131 alm\u0131\u015f az\u0259rbaycanl\u0131 alimdir. \u0130brahim \u0130brahimov analitik funksiya vasit\u0259sil\u0259 d\u00fcz\u0259l\u0259n b\u0259zi sisteml\u0259rin taml\u0131\u011f\u0131n\u0131 t\u0259d\u00adqiq ed\u0259r\u0259k riyazi analiz sah\u0259sind\u0259 klassik n\u0259tic\u0259l\u0259r \u0259ld\u0259 etmi\u015f\u00addir.Funksiyalar\u0131n konstruktiv n\u0259z\u0259riy\u00ady\u0259si sah\u0259sind\u0259 g\u00f6rk\u0259mli riyaziyyat\u00e7\u0131\u00adlar\u00addan M.V.Keld\u0131\u015f, S.N.Bern\u015fteyn, S.M. Nikol\u00adski, A.O.Qelfond, M.A.Lavrentyev v\u0259 ba\u015fqalar\u0131 il\u0259 yax\u0131ndan \u0259laq\u0259 saxlam\u0131\u015f onlarla birg\u0259 i\u015fl\u0259mi\u015fdir.<\/p>\n<p style=\"text-align: justify;\">Akademik \u0130brahim \u0130brahimov 170-d\u0259n \u00e7ox elmi \u0259s\u0259rin, bir s\u0131ra monoqrafiya v\u0259 d\u0259rslikl\u0259rin m\u00fc\u0259llifidir. Onun Az\u0259rbaycan\u0131n ali m\u0259kt\u0259bl\u0259rind\u0259 ali riyaziyyat\u0131n t\u0259drisi v\u0259 t\u0259\u015fkili sah\u0259sind\u0259 b\u00f6y\u00fck xidm\u0259tl\u0259ri var. \u0130.\u0130.\u0130brahimovun 1955-ci ild\u0259 \u201c\u018fd\u0259dl\u0259r n\u0259z\u0259riy\u00ady\u0259sinin \u0259saslar\u0131\u201d, 1957-ci ild\u0259 \u201cS\u0131ralar n\u0259z\u0259riyy\u0259sinin \u0259saslar\u0131\u201d v\u0259 1962-ci ild\u0259 \u201cRiyazi analiz kursu\u201d d\u0259rslikl\u0259ri \u00e7ap edilmi\u015fdir. O, 1950-1952-ci ill\u0259r\u00add\u0259 K.Rosse v\u0259 \u0130.Privalov t\u0259r\u0259find\u0259n ali m\u0259kt\u0259bl\u0259r \u00fc\u00e7\u00fcn yaz\u0131lm\u0131\u015f \u201cDiferensial hesab\u0131\u201d v\u0259 \u201c\u0130nteqral hesab\u0131\u201d kimi iki hiss\u0259d\u0259n ibar\u0259t olan kitablar\u0131 az\u0259rbaycan dilin\u0259 t\u0259rc\u00fcm\u0259 etmi\u015fdir.<\/p>\n<p style=\"text-align: justify;\">\u0130brahim \u0130brahimov yax\u0131nla\u015fmalar, interpolyasiya, tam funksiyalar n\u0259z\u0259riyy\u0259l\u0259ri sah\u0259l\u0259rind\u0259 d\u00fcnya riyaziyyat\u00e7\u0131lar\u0131 t\u0259r\u0259find\u0259n y\u00fcks\u0259k qiym\u0259tl\u0259ndiril\u0259n m\u00fch\u00fcm n\u0259tic\u0259l\u0259r alm\u0131\u015fd\u0131r. O, yeni interpolyasiyalar qurmu\u015f, onlar \u00fc\u00e7\u00fcn y\u0131\u011f\u0131lma meyarlar\u0131 vermi\u015f v\u0259 iki n\u00f6qt\u0259 problemini h\u0259ll etmi\u015fdir.<\/p>\n<p style=\"text-align: justify;\">Akademik \u0130brahim \u0130brahimov riyazi analizin m\u00fcxt\u0259lif sah\u0259l\u0259rind\u0259 v\u0259 riyaziyyat\u0131n t\u0259drisi metodikas\u0131 \u00fczr\u0259 40-dan \u00e7ox elml\u0259r namiz\u0259di v\u0259 4 n\u0259f\u0259r elml\u0259r doktoru haz\u0131rlam\u0131\u015fd\u0131r.<\/p>\n<p style=\"text-align: justify;\">\u0130brahim \u0130brahimov Az\u0259rbaycan Elml\u0259r Akademiyas\u0131n\u0131n Riyaziyyat v\u0259 Mexani\u00adka \u0130nstitutunun direktoru, Az\u0259rbaycan Riyaziyyat C\u0259miyy\u0259tinin pre\u00adzi\u00addenti olmu\u015f\u00ad\u00addur. Akademik \u0130brahim \u0130brahimov \u018fm\u0259kdar Elm Xadimi f\u0259xri ad\u0131na v\u0259 D\u00f6vl\u0259t M\u00fckafat\u0131\u00adna layiq g\u00f6r\u00fclm\u00fc\u015fd\u00fcr.<\/p>\n<p style=\"text-align: justify;\"><strong>\u00a0<\/strong><\/p>\n","protected":false},"excerpt":{"rendered":"<p>Akademik \u0130brahim \u0130bi\u015f o\u011flu \u0130brahimov Az\u0259rbaycanda ilk d\u0259f\u0259 olaraq riyaziyyat sah\u0259sind\u0259 elml\u0259r namiz\u0259di ad\u0131n\u0131 alm\u0131\u015f az\u0259rbaycanl\u0131 alimdir. \u0130brahim \u0130brahimov analitik funksiya vasit\u0259sil\u0259 d\u00fcz\u0259l\u0259n b\u0259zi sisteml\u0259rin taml\u0131\u011f\u0131n\u0131 t\u0259d\u00adqiq ed\u0259r\u0259k riyazi analiz sah\u0259sind\u0259 klassik n\u0259tic\u0259l\u0259r \u0259ld\u0259 etmi\u015f\u00addir.Funksiyalar\u0131n konstruktiv n\u0259z\u0259riy\u00ady\u0259si sah\u0259sind\u0259 g\u00f6rk\u0259mli riyaziyyat\u00e7\u0131\u00adlar\u00addan M.V.Keld\u0131\u015f, S.N.Bern\u015fteyn, S.M. Nikol\u00adski, A.O.Qelfond, M.A.Lavrentyev v\u0259 ba\u015fqalar\u0131 il\u0259 yax\u0131ndan \u0259laq\u0259 saxlam\u0131\u015f onlarla birg\u0259 i\u015fl\u0259mi\u015fdir. [&hellip;]<\/p>\n","protected":false},"author":6,"featured_media":0,"parent":5673,"menu_order":0,"comment_status":"closed","ping_status":"closed","template":"","meta":{"footnotes":""},"_links":{"self":[{"href":"https:\/\/www.imm.az\/exp\/wp-json\/wp\/v2\/pages\/5619"}],"collection":[{"href":"https:\/\/www.imm.az\/exp\/wp-json\/wp\/v2\/pages"}],"about":[{"href":"https:\/\/www.imm.az\/exp\/wp-json\/wp\/v2\/types\/page"}],"author":[{"embeddable":true,"href":"https:\/\/www.imm.az\/exp\/wp-json\/wp\/v2\/users\/6"}],"replies":[{"embeddable":true,"href":"https:\/\/www.imm.az\/exp\/wp-json\/wp\/v2\/comments?post=5619"}],"version-history":[{"count":5,"href":"https:\/\/www.imm.az\/exp\/wp-json\/wp\/v2\/pages\/5619\/revisions"}],"predecessor-version":[{"id":5696,"href":"https:\/\/www.imm.az\/exp\/wp-json\/wp\/v2\/pages\/5619\/revisions\/5696"}],"up":[{"embeddable":true,"href":"https:\/\/www.imm.az\/exp\/wp-json\/wp\/v2\/pages\/5673"}],"wp:attachment":[{"href":"https:\/\/www.imm.az\/exp\/wp-json\/wp\/v2\/media?parent=5619"}],"curies":[{"name":"wp","href":"https:\/\/api.w.org\/{rel}","templated":true}]}}