{"id":5621,"date":"2015-10-05T11:42:06","date_gmt":"2015-10-05T06:42:06","guid":{"rendered":"http:\/\/www.imm.az\/exp\/?page_id=5621"},"modified":"2015-10-06T14:47:51","modified_gmt":"2015-10-06T09:47:51","slug":"maqsud-%c9%99lisimran-oglu-cavadov","status":"publish","type":"page","link":"https:\/\/www.imm.az\/exp\/gork%c9%99mli-az%c9%99rbaycan-riyaziyyatcilari\/maqsud-%c9%99lisimran-oglu-cavadov\/","title":{"rendered":"AMEA-n\u0131n m\u00fcxbir \u00fczv\u00fc Maqsud \u018flisimran o\u011flu Cavadov"},"content":{"rendered":"<p style=\"text-align: justify;\"><a href=\"https:\/\/www.imm.az\/exp\/gork%c9%99mli-az%c9%99rbaycan-riyaziyyatcilari\/amea-nin-muxbir-uzvu-maqsud-%c9%99lisimran-oglu-cavadov\/maqsudcavadov_sayt\/\" rel=\"attachment wp-att-5622\"><img loading=\"lazy\" decoding=\"async\" class=\"alignleft size-full wp-image-5622\" src=\"https:\/\/www.imm.az\/exp\/wp-content\/uploads\/2015\/10\/maqsudcavadov_sayt.jpg\" alt=\"maqsudcavadov_sayt\" width=\"250\" height=\"334\" srcset=\"https:\/\/www.imm.az\/exp\/wp-content\/uploads\/2015\/10\/maqsudcavadov_sayt.jpg 250w, https:\/\/www.imm.az\/exp\/wp-content\/uploads\/2015\/10\/maqsudcavadov_sayt-225x300.jpg 225w\" sizes=\"(max-width: 250px) 100vw, 250px\" \/><\/a><\/p>\n<p style=\"text-align: justify;\">Az\u0259rbaycan EA-n\u0131n m\u00fcxbir \u00fczv\u00fc Maqsud \u018flisimran o\u011flu Cavadov &#8211; 1930-cu ild\u0259 Az\u0259rbaycan (Bak\u0131) D\u00f6vl\u0259t Universitetinin fizika-riyaziyyat fak\u00fclt\u0259sini bitirmi\u015fdir. O, 1930-1934-c\u00fc ill\u0259rd\u0259 indiki Az\u0259rbaycan D\u00f6vl\u0259t Neft Akademiyas\u0131n\u0131n \u201cAli riyaziyyat\u201d kafedras\u0131nda \u00e7al\u0131\u015fm\u0131\u015fd\u0131r. M.\u018f.Cavadov 1934-c\u00fc ild\u0259 Az\u0259rbaycan (Bak\u0131) D\u00f6vl\u0259t Universitetin\u0259 d\u0259v\u0259t olunmu\u015f v\u0259 dosent v\u0259zif\u0259sind\u0259 \u00e7al\u0131\u015fma\u011fa ba\u015flam\u0131\u015fd\u0131r. O, 1938-ci ild\u0259n h\u0259nd\u0259s\u0259 kafedras\u0131n\u0131n m\u00fcdiri, 1943-1944-c\u00fc ill\u0259rd\u0259 fizika-riyaziyyat fak\u00fclt\u0259sinin dekan\u0131, 1944-52-ci ill\u0259rd\u0259 is\u0259 Universitetin t\u0259dris i\u015fl\u0259ri \u00fczr\u0259 prorektoru v\u0259zif\u0259sind\u0259 \u00e7al\u0131\u015fm\u0131\u015fd\u0131r.<\/p>\n<p style=\"text-align: justify;\">M.\u018f.Cavadov 1940-c\u0131 ild\u0259 \u201cHomometrik sisteml\u0259r\u201d adl\u0131 namiz\u0259dlik dissertasiyas\u0131, 1957-ci ild\u0259 is\u0259 \u201cC\u0259brl\u0259r \u00fcz\u0259rind\u0259 h\u0259nd\u0259s\u0259l\u0259r v\u0259 onlar\u0131n h\u0259qiqi h\u0259nd\u0259s\u0259l\u0259rd\u0259 t\u0259tbiql\u0259ri\u201d adl\u0131 doktorluq dissertasiyas\u0131 m\u00fcdafi\u0259 etmi\u015fdir.<\/p>\n<p style=\"text-align: justify;\">Respublikada riyaziyyat\u0131n t\u0259drisi metodikas\u0131n\u0131n bir elm kimi inki\u015faf\u0131nda onun b\u00f6y\u00fck xidm\u0259tl\u0259ri olmu\u015fdur. O, 30 ild\u0259n art\u0131q bir m\u00fcdd\u0259td\u0259 Maarif Nazirliyinin elmi metodik \u015euras\u0131n\u0131n riyaziyyat b\u00f6lm\u0259sin\u0259 r\u0259hb\u0259rlik etmi\u015fdir.<\/p>\n<p style=\"text-align: justify;\">Onun Az\u0259rbaycan dilind\u0259 t\u0259dris \u0259d\u0259biyyat\u0131 yaratmaq sah\u0259sind\u0259 d\u0259 b\u00f6y\u00fck xidm\u0259tl\u0259ri olmu\u015fdur. M. \u018f.Cavadovun Az\u0259rbaycan dilind\u0259 \u00e7ap olun\u00admu\u015f v\u0259 ali m\u0259kt\u0259bl\u0259r \u00fc\u00e7\u00fcn t\u0259dris v\u0259saiti olan 10 kitab\u0131 indi d\u0259 t\u0259l\u0259b\u0259l\u0259r t\u0259r\u0259find\u0259n maraqla oxunur. Bu kitablardan \u201cX\u0259tti v\u0259 kvadratik formalar\u201d, \u201cQruplar n\u0259z\u0259riyy\u0259sinin elementl\u0259ri\u201d (Ukrayna EA-n\u0131n akademiki Y.B.Lopa\u00adtin\u00adski il\u0259 birlikd\u0259), \u201cVektorlar hesab\u0131\u201d, \u201cH\u0259nd\u0259s\u0259 kursunun strukturu\u201d, \u201cAnalitik h\u0259nd\u0259s\u0259 kursunda afin v\u0259 proyektiv \u00e7evril\u0259m\u0259l\u0259r\u201d, \u201cB\u00f6y\u00fck rus alimi N.\u0130.Loba\u00e7evski\u201d v\u0259 s. g\u00f6st\u0259rm\u0259k olar.<\/p>\n<p style=\"text-align: justify;\">Riyaziyyat elmi sah\u0259sind\u0259 qiym\u0259tli i\u015fl\u0259rin\u0259 v\u0259 h\u0259nd\u0259s\u0259 sah\u0259sind\u0259 maraql\u0131 elmi n\u0259tic\u0259l\u0259rin\u0259 g\u00f6r\u0259 prof. M.Cavadov 1962-ci ild\u0259 Az\u0259rbaycan Elml\u0259r Akademiyas\u0131n\u0131n m\u00fcxbir \u00fczv\u00fc se\u00e7ilmi\u015fdir.<\/p>\n<p style=\"text-align: justify;\">M.Cavadov respublikan\u0131n ictimai-siyasi i\u015fl\u0259rind\u0259 d\u0259 f\u0259al \u00e7al\u0131\u015fm\u0131\u015fd\u0131r. O, bir ne\u00e7\u0259 d\u0259f\u0259 Bak\u0131 \u015f\u0259h\u0259ri v\u0259 rayon Sovetl\u0259rin\u0259 deputat se\u00e7ilmi\u015fdir.<\/p>\n<p style=\"text-align: justify;\">O, 1943-c\u00fc ild\u0259 Respublikan\u0131n \u018fm\u0259kdar M\u00fc\u0259llimi, 1962-ci ild\u0259 is\u0259 respublikan\u0131n \u018fm\u0259kdar Elm Xadimi f\u0259xri ad\u0131na layiq g\u00f6r\u00fclm\u00fc\u015fd\u00fcr. M.Cavadov SSR\u0130 d\u00f6vr\u00fcn\u00fcn \u0259n y\u00fcks\u0259k m\u00fckafat\u0131 olan Lenin ordeni il\u0259, iki d\u0259f\u0259 Q\u0131rm\u0131z\u0131 \u018fm\u0259k Bayra\u011f\u0131 v\u0259 \u015e\u0259r\u0259f Ni\u015fan\u0131 Ordenl\u0259ri il\u0259 t\u0259ltif olunmu\u015fdur.<\/p>\n","protected":false},"excerpt":{"rendered":"<p>Az\u0259rbaycan EA-n\u0131n m\u00fcxbir \u00fczv\u00fc Maqsud \u018flisimran o\u011flu Cavadov &#8211; 1930-cu ild\u0259 Az\u0259rbaycan (Bak\u0131) D\u00f6vl\u0259t Universitetinin fizika-riyaziyyat fak\u00fclt\u0259sini bitirmi\u015fdir. O, 1930-1934-c\u00fc ill\u0259rd\u0259 indiki Az\u0259rbaycan D\u00f6vl\u0259t Neft Akademiyas\u0131n\u0131n \u201cAli riyaziyyat\u201d kafedras\u0131nda \u00e7al\u0131\u015fm\u0131\u015fd\u0131r. M.\u018f.Cavadov 1934-c\u00fc ild\u0259 Az\u0259rbaycan (Bak\u0131) D\u00f6vl\u0259t Universitetin\u0259 d\u0259v\u0259t olunmu\u015f v\u0259 dosent v\u0259zif\u0259sind\u0259 \u00e7al\u0131\u015fma\u011fa ba\u015flam\u0131\u015fd\u0131r. O, 1938-ci ild\u0259n h\u0259nd\u0259s\u0259 kafedras\u0131n\u0131n m\u00fcdiri, 1943-1944-c\u00fc ill\u0259rd\u0259 fizika-riyaziyyat fak\u00fclt\u0259sinin dekan\u0131, [&hellip;]<\/p>\n","protected":false},"author":6,"featured_media":0,"parent":5673,"menu_order":0,"comment_status":"closed","ping_status":"closed","template":"","meta":{"footnotes":""},"_links":{"self":[{"href":"https:\/\/www.imm.az\/exp\/wp-json\/wp\/v2\/pages\/5621"}],"collection":[{"href":"https:\/\/www.imm.az\/exp\/wp-json\/wp\/v2\/pages"}],"about":[{"href":"https:\/\/www.imm.az\/exp\/wp-json\/wp\/v2\/types\/page"}],"author":[{"embeddable":true,"href":"https:\/\/www.imm.az\/exp\/wp-json\/wp\/v2\/users\/6"}],"replies":[{"embeddable":true,"href":"https:\/\/www.imm.az\/exp\/wp-json\/wp\/v2\/comments?post=5621"}],"version-history":[{"count":3,"href":"https:\/\/www.imm.az\/exp\/wp-json\/wp\/v2\/pages\/5621\/revisions"}],"predecessor-version":[{"id":5698,"href":"https:\/\/www.imm.az\/exp\/wp-json\/wp\/v2\/pages\/5621\/revisions\/5698"}],"up":[{"embeddable":true,"href":"https:\/\/www.imm.az\/exp\/wp-json\/wp\/v2\/pages\/5673"}],"wp:attachment":[{"href":"https:\/\/www.imm.az\/exp\/wp-json\/wp\/v2\/media?parent=5621"}],"curies":[{"name":"wp","href":"https:\/\/api.w.org\/{rel}","templated":true}]}}