{"id":5627,"date":"2015-10-05T13:16:28","date_gmt":"2015-10-05T08:16:28","guid":{"rendered":"http:\/\/www.imm.az\/exp\/?page_id=5627"},"modified":"2015-10-06T14:59:07","modified_gmt":"2015-10-06T09:59:07","slug":"y%c9%99hya-c%c9%99f%c9%99r-oglu-m%c9%99mm%c9%99dov","status":"publish","type":"page","link":"https:\/\/www.imm.az\/exp\/gork%c9%99mli-az%c9%99rbaycan-riyaziyyatcilari\/y%c9%99hya-c%c9%99f%c9%99r-oglu-m%c9%99mm%c9%99dov\/","title":{"rendered":"AMEA-n\u0131n m\u00fcxbir \u00fczv\u00fc Y\u0259hya C\u0259f\u0259r o\u011flu M\u0259mm\u0259dov"},"content":{"rendered":"<p style=\"text-align: justify;\"><a href=\"https:\/\/www.imm.az\/exp\/gork%c9%99mli-az%c9%99rbaycan-riyaziyyatcilari\/amea-nin-muxbir-uzvu-y%c9%99hya-c%c9%99f%c9%99r-oglu-m%c9%99mm%c9%99dov\/yahyamammedov_sayt-2\/\" rel=\"attachment wp-att-5653\"><img loading=\"lazy\" decoding=\"async\" class=\"alignleft size-full wp-image-5653\" src=\"https:\/\/www.imm.az\/exp\/wp-content\/uploads\/2015\/10\/yahyamammedov_sayt1.jpg\" alt=\"yahyamammedov_sayt\" width=\"250\" height=\"336\" srcset=\"https:\/\/www.imm.az\/exp\/wp-content\/uploads\/2015\/10\/yahyamammedov_sayt1.jpg 250w, https:\/\/www.imm.az\/exp\/wp-content\/uploads\/2015\/10\/yahyamammedov_sayt1-223x300.jpg 223w\" sizes=\"(max-width: 250px) 100vw, 250px\" \/><\/a><\/p>\n<p style=\"text-align: justify;\">Y\u0259hya C\u0259f\u0259r o\u011flu M\u0259mm\u0259dov 1930-cu il 10 oktyabrda Nax\u00e7\u0131vanda anadan olmu\u015fdur. 1954-c\u00fc ild\u0259 Az\u0259rbaycan D\u00f6vl\u0259t Universitetini (indiki BDU) f\u0259rql\u0259nm\u0259 diplomu il\u0259 bitir\u0259r\u0259k aspiranturada saxlan\u0131lm\u0131\u015f, 1957-ci ild\u0259 vaxt\u0131ndan \u0259vv\u0259l namiz\u0259dlik dissertasiyas\u0131 m\u00fcdafi\u0259 etmi\u015f, universitetd\u0259 m\u00fc\u0259llim, ba\u015f m\u00fc\u0259llim, dosent kimi f\u0259aliyy\u0259t g\u00f6st\u0259rmi\u015fdir. Professor Y\u0259hya M\u0259mm\u0259dov 1965-ci ild\u0259 doktorluq dissertasiyas\u0131n\u0131 m\u00fcv\u0259ff\u0259qiyy\u0259tl\u0259 m\u00fcdafi\u0259 ed\u0259r\u0259k universitetin Hesablama riyaziyyat\u0131 kafedras\u0131n\u0131n m\u00fcdiri se\u00e7ilmi\u015f, \u00f6mr\u00fcn\u00fcn sonunad\u0259k-35 il bu v\u0259zif\u0259ni u\u011furla icra etmi\u015fdir. O,1971-ci ild\u0259n 1987-ci il\u0259d\u0259k BDU-nun elmi i\u015fl\u0259r \u00fczr\u0259 prorektoru, 1987-1989-cu ill\u0259rd\u0259 is\u0259 rektoru v\u0259zif\u0259l\u0259rind\u0259 \u00e7al\u0131\u015fm\u0131\u015fd\u0131r. Y\u0259hya M\u0259mm\u0259dov 2000-ci ild\u0259 v\u0259fat etmi\u015fdir.<\/p>\n<p style=\"text-align: justify;\">Professor Y.M\u0259mm\u0259dov qeyri-x\u0259tti analiz v\u0259 hesablama riyaziyyat\u0131 sah\u0259sind\u0259 tan\u0131nm\u0131\u015f aliml\u0259rd\u0259n biridir. O, d\u00fcnyan\u0131n m\u00fcxt\u0259lif \u00f6lk\u0259l\u0259rind\u0259 \u00e7ap olunmu\u015f 100-d\u0259n \u00e7ox elmi m\u0259qal\u0259nin, 7 monoqrafiyan\u0131n, 5 d\u0259rslik v\u0259 d\u0259rs v\u0259saitinin m\u00fc\u0259llifidir. G\u00f6rk\u0259mli t\u0259dqiqat\u00e7\u0131 riyaziyyat al\u0259mind\u0259 sa\u011f t\u0259r\u0259fi birt\u0259r\u0259fli qiym\u0259tl\u0259ndirm\u0259y\u0259 tabe olan, qeyri-x\u0259tti operator-diferensial t\u0259nlikl\u0259rin h\u0259llinin t\u0259dqiqi \u00fcsulunun, el\u0259c\u0259 d\u0259 abstrakt qeyri-x\u0259tti Volter operator t\u0259nlikl\u0259r n\u0259z\u0259riyy\u0259sinin yarad\u0131c\u0131lar\u0131ndan biridir. O, 1974-c\u00fc ild\u0259 n\u0259\u015fr etdirdiyi &#8220;Adi diferensial t\u0259nlikl\u0259rin t\u0259qribi h\u0259ll\u0259rinin tap\u0131lmas\u0131 \u00fcsullar\u0131&#8221; adl\u0131 monoqrafiyas\u0131na g\u00f6r\u0259 D\u00f6vl\u0259t m\u00fckafat\u0131na layiq g\u00f6r\u00fclm\u00fc\u015fd\u00fcr. Professor Y\u0259hya M\u0259mm\u0259dov m\u00fc\u0259yy\u0259n sinif t\u0259nlikl\u0259rin, h\u0259lli s\u00fcr\u0259tl\u0259 y\u0131\u011f\u0131lan iterasiyalar \u015f\u0259klind\u0259 axtar\u0131lan ekvivalent t\u0259nlikl\u0259r\u0259 g\u0259tirilm\u0259si \u00fc\u00e7\u00fcn yeni \u00fcsul t\u0259klif etmi\u015fdir. Bu \u00fcsul riyazi elmi \u0259d\u0259biyyatda &#8220;M\u0259mm\u0259dov \u00fcsulu&#8221; adland\u0131r\u0131l\u0131r. Onun t\u0259r\u0259find\u0259n Ur\u0131son tipli qeyri-x\u0259tti inteqral t\u0259nlikl\u0259rin m\u00fcsb\u0259t h\u0259ll\u0259rinin xass\u0259l\u0259ri, diferensial v\u0259 inteqral b\u0259rab\u0259rsizlikl\u0259rin t\u0259tbiql\u0259ri, Banax f\u0259zalar\u0131nda qeyri-m\u0259hdud operator \u0259msall\u0131 diferensial t\u0259nlikl\u0259rin asimptotik dayan\u0131ql\u0131\u011f\u0131, gecik\u0259n arqumentli qeyri-x\u0259tti t\u0259nlikl\u0259rin h\u0259lli \u00fcsullar\u0131, Banax f\u0259zalar\u0131nda adi diferensial t\u0259nlikl\u0259r \u00fc\u00e7\u00fcn ard\u0131c\u0131l yax\u0131nla\u015fma \u00fcsullar\u0131, Hilbert f\u0259zas\u0131nda hiberbolik tip qeyri-x\u0259tti t\u0259nlikl\u0259rin h\u0259ll\u0259rinin xass\u0259l\u0259ri, \u00e7ox\u00f6l\u00e7\u00fcl\u00fc inteqral t\u0259nlikl\u0259r \u00fc\u00e7\u00fcn Volter tipli b\u0259rab\u0259rsizlikl\u0259r, birinci v\u0259 ikinci t\u0259rtib qeyri-m\u0259hdud \u0259msall\u0131 operator diferensial t\u0259nlikl\u0259r \u00fc\u00e7\u00fcn Ko\u015fi m\u0259s\u0259l\u0259si, diferensial t\u0259nlikl\u0259rin h\u0259ll\u0259ri \u00fc\u00e7\u00fcn m\u00fc\u0259yy\u0259n iterasiya prosesl\u0259rinin y\u0131\u011f\u0131lmas\u0131, t\u0259kmill\u0259\u015fdirilmi\u015f Nyuton-Kontorovi\u00e7 \u00fcsulunun operator-diferensial t\u0259nlikl\u0259r sisteminin t\u0259qribi h\u0259ll olunmas\u0131na t\u0259tbiqi, kvazix\u0259tti Lavrentyev-Bi\u00e7adze t\u0259nlikl\u0259ri \u00fc\u00e7\u00fcn s\u0259rh\u0259d m\u0259s\u0259l\u0259sinin f\u0259rq \u00fcsulu il\u0259 h\u0259lli, qeyri-x\u0259tti elliptik t\u0259nlikl\u0259r \u00fc\u00e7\u00fcn qar\u0131\u015f\u0131q s\u0259rh\u0259d m\u0259s\u0259l\u0259sinin h\u0259llin\u0259 \u015f\u0259b\u0259k\u0259 \u00fcsulunun t\u0259tbiql\u0259ri v\u0259 s. \u00f6yr\u0259nilmi\u015fdir.<\/p>\n<p style=\"text-align: justify;\">Onun r\u0259hb\u0259rliyi alt\u0131nda Az\u0259rbaycandan ba\u015fqa, d\u00fcnyan\u0131n 9 \u00f6lk\u0259sind\u0259n (Almaniya, \u018flc\u0259zair, \u0130raq, Misir, Pol\u015fa, Rusiya, T\u00fcrkiy\u0259, T\u00fcrkm\u0259nistan v\u0259 \u00d6zb\u0259kistan) 32 n\u0259f\u0259r namiz\u0259dlik dissertasiyas\u0131 m\u00fcdafi\u0259 etmi\u015fdir. Haz\u0131rda onlardan 8-i elml\u0259r doktoru v\u0259 professordur. G\u00f6rk\u0259mli alim ke\u00e7mi\u015f sovetl\u0259r birliyinin bir \u00e7ox \u015f\u0259h\u0259rl\u0259rind\u0259 60-dan \u00e7ox namiz\u0259dlik v\u0259 doktorluq dissertasiyalar\u0131na opponentlik etmi\u015fdir.<\/p>\n<p style=\"text-align: justify;\">Y\u0259hya M\u0259mm\u0259dov prorektor kimi 17 illik g\u0259rgin f\u0259aliyy\u0259ti \u0259rzind\u0259 Bak\u0131 D\u00f6vl\u0259t Universitetind\u0259 elmin inki\u015faf\u0131na, onun beyn\u0259lxalq n\u00fcfuzunun y\u00fcks\u0259lm\u0259sin\u0259, bir \u00e7ox elmi-t\u0259dqiqat laboratoriyalar\u0131n\u0131n yarad\u0131lmas\u0131na, elmi t\u0259dqiqatlar\u0131n inki\u015faf\u0131na, onlar\u0131n s\u0259m\u0259r\u0259liliyinin art\u0131r\u0131lmas\u0131na, elmin istehsalat v\u0259 t\u0259dris prosesi il\u0259 \u0259laq\u0259l\u0259rinin yax\u0131nla\u015fd\u0131r\u0131lmas\u0131na x\u00fcsusi diqq\u0259t v\u0259 qay\u011f\u0131 g\u00f6st\u0259rmi\u015fdir.<\/p>\n<p style=\"text-align: justify;\">O, d\u00fcnyan\u0131n bir \u00e7ox \u00f6lk\u0259l\u0259rind\u0259 ke\u00e7iril\u0259n beyn\u0259lxalq konqres v\u0259 konfranslarda Az\u0259rbaycan riyaziyyat m\u0259kt\u0259bini l\u0259yaq\u0259tl\u0259 t\u0259msil etmi\u015f, ke\u00e7mi\u015f SSR\u0130 Ali T\u0259hsil Nazirliyinin n\u0259zdind\u0259ki Elmi Metodik \u015euran\u0131n Riyaziyyat b\u00f6lm\u0259si r\u0259yas\u0259t hey\u0259tinin \u00fczv\u00fc olmu\u015fdur. Professor Y\u0259hya M\u0259mm\u0259dov bir \u00e7ox n\u00fcfuzlu beyn\u0259lxalq m\u00fckafatlara, o c\u00fcml\u0259d\u0259n, &#8220;Akademik Vavilov&#8221; medal\u0131na, &#8220;Drujba narodov&#8221; ordenin\u0259 layiq g\u00f6r\u00fclm\u00fc\u015f, AB\u015e-\u0131n Minneapolis \u015f\u0259h\u0259rinin &#8220;F\u0259xri v\u0259t\u0259nda\u015f\u0131&#8221; se\u00e7ilmi\u015fdir. B\u00f6y\u00fck xidm\u0259tl\u0259rin\u0259 g\u00f6r\u0259 1980-c\u0131 ild\u0259 ona &#8220;\u018fm\u0259kdar elm xadimi&#8221; f\u0259xri ad\u0131 verilmi\u015f, 1983-c\u00fc ild\u0259 is\u0259 Az\u0259rbaycan Respublikas\u0131 Elml\u0259r Akademiyas\u0131n\u0131n m\u00fcxbir \u00fczv\u00fc se\u00e7ilmi\u015fdir.<\/p>\n","protected":false},"excerpt":{"rendered":"<p>Y\u0259hya C\u0259f\u0259r o\u011flu M\u0259mm\u0259dov 1930-cu il 10 oktyabrda Nax\u00e7\u0131vanda anadan olmu\u015fdur. 1954-c\u00fc ild\u0259 Az\u0259rbaycan D\u00f6vl\u0259t Universitetini (indiki BDU) f\u0259rql\u0259nm\u0259 diplomu il\u0259 bitir\u0259r\u0259k aspiranturada saxlan\u0131lm\u0131\u015f, 1957-ci ild\u0259 vaxt\u0131ndan \u0259vv\u0259l namiz\u0259dlik dissertasiyas\u0131 m\u00fcdafi\u0259 etmi\u015f, universitetd\u0259 m\u00fc\u0259llim, ba\u015f m\u00fc\u0259llim, dosent kimi f\u0259aliyy\u0259t g\u00f6st\u0259rmi\u015fdir. Professor Y\u0259hya M\u0259mm\u0259dov 1965-ci ild\u0259 doktorluq dissertasiyas\u0131n\u0131 m\u00fcv\u0259ff\u0259qiyy\u0259tl\u0259 m\u00fcdafi\u0259 ed\u0259r\u0259k universitetin Hesablama riyaziyyat\u0131 kafedras\u0131n\u0131n m\u00fcdiri [&hellip;]<\/p>\n","protected":false},"author":6,"featured_media":0,"parent":5673,"menu_order":0,"comment_status":"closed","ping_status":"closed","template":"","meta":{"footnotes":""},"_links":{"self":[{"href":"https:\/\/www.imm.az\/exp\/wp-json\/wp\/v2\/pages\/5627"}],"collection":[{"href":"https:\/\/www.imm.az\/exp\/wp-json\/wp\/v2\/pages"}],"about":[{"href":"https:\/\/www.imm.az\/exp\/wp-json\/wp\/v2\/types\/page"}],"author":[{"embeddable":true,"href":"https:\/\/www.imm.az\/exp\/wp-json\/wp\/v2\/users\/6"}],"replies":[{"embeddable":true,"href":"https:\/\/www.imm.az\/exp\/wp-json\/wp\/v2\/comments?post=5627"}],"version-history":[{"count":5,"href":"https:\/\/www.imm.az\/exp\/wp-json\/wp\/v2\/pages\/5627\/revisions"}],"predecessor-version":[{"id":5708,"href":"https:\/\/www.imm.az\/exp\/wp-json\/wp\/v2\/pages\/5627\/revisions\/5708"}],"up":[{"embeddable":true,"href":"https:\/\/www.imm.az\/exp\/wp-json\/wp\/v2\/pages\/5673"}],"wp:attachment":[{"href":"https:\/\/www.imm.az\/exp\/wp-json\/wp\/v2\/media?parent=5627"}],"curies":[{"name":"wp","href":"https:\/\/api.w.org\/{rel}","templated":true}]}}