{"id":5644,"date":"2015-10-06T14:05:28","date_gmt":"2015-10-06T09:05:28","guid":{"rendered":"http:\/\/www.imm.az\/exp\/?page_id=5644"},"modified":"2015-10-29T14:17:26","modified_gmt":"2015-10-29T10:17:26","slug":"professor-mais-h%c9%99bib-oglu-cavadov","status":"publish","type":"page","link":"https:\/\/www.imm.az\/exp\/gork%c9%99mli-az%c9%99rbaycan-riyaziyyatcilari\/professor-mais-h%c9%99bib-oglu-cavadov\/","title":{"rendered":"AMEA-n\u0131n m\u00fcxbir \u00fczv\u00fc Mais H\u0259bib o\u011flu Cavadov"},"content":{"rendered":"<p style=\"text-align: justify;\"><a href=\"\/exp\/?page_id=5646\" rel=\"attachment wp-att-5646\"><img loading=\"lazy\" decoding=\"async\" class=\"alignleft size-full wp-image-5646\" src=\"https:\/\/www.imm.az\/exp\/wp-content\/uploads\/2015\/10\/Mais_Cavadov.jpg\" alt=\"Mais_Cavadov\" width=\"250\" height=\"344\" srcset=\"https:\/\/www.imm.az\/exp\/wp-content\/uploads\/2015\/10\/Mais_Cavadov.jpg 250w, https:\/\/www.imm.az\/exp\/wp-content\/uploads\/2015\/10\/Mais_Cavadov-218x300.jpg 218w\" sizes=\"(max-width: 250px) 100vw, 250px\" \/><\/a><\/p>\n<p style=\"text-align: justify;\">22 mart 1929-cu ild\u0259 Az\u0259rbaycan Respublikas\u0131 \u0130smay\u0131ll\u0131 rayonunun Baskal k\u0259ndind\u0259 anadan olmu\u015fdur.<\/p>\n<p style=\"text-align: justify;\">1952-ci ild\u0259 Az\u0259rbaycan D\u00f6vl\u0259t Universitetinin Riyaziyyat fak\u00fclt\u0259sini bitirmi\u015fdir.<\/p>\n<p style=\"text-align: justify;\">Moskva D\u00f6vl\u0259t Universitetind\u0259 aspirant\u0131 olmu\u015fdur.<\/p>\n<p style=\"text-align: justify;\">1958-ci ild\u0259 akademik Z.I. X\u0259lilovun r\u0259hb\u0259rliyi il\u0259 &#8220;\u00dcmumil\u0259\u015fmi\u015f funksiyalar sinfind\u0259 qar\u0131\u015f\u0131q m\u0259s\u0259l\u0259l\u0259rin t\u0259dqiqi&#8221; m\u00f6vzusunda namiz\u0259dlik, 1966-c\u0131 ild\u0259 doktorluq dissertasiyalar\u0131n\u0131 m\u00fcdafi\u0259 etmi\u015fdir.<\/p>\n<p style=\"text-align: justify;\">O, \u0259m\u0259k f\u0259aliyy\u0259tin\u0259 1952-ci ild\u0259 Az\u0259rbaycan Elml\u0259r Akademiyas\u0131n\u0131n Fizika v\u0259 Riyaziyyat \u0130nstitutunda ba\u015flam\u0131\u015f, aspiranturan\u0131 bitirdikd\u0259n sonra Riyaziyyat v\u0259 Mexanika \u0130nstitutuna qay\u0131daraq 1969-cu il\u0259 q\u0259d\u0259r ba\u015f elmi i\u015f\u00e7i, sonra is\u0259 \u015f\u00f6b\u0259 m\u00fcdiri v\u0259zif\u0259l\u0259rind\u0259 \u00e7al\u0131\u015fm\u0131\u015fd\u0131r. 1969-cu ild\u0259n pedaqoji f\u0259aliyy\u0259t\u0259 ba\u015flam\u0131\u015fd\u0131r. Mais Cavadov bir s\u0131ra Beyn\u0259lxalq Elmi Konqresl\u0259rd\u0259 i\u015ftirak etmi\u015fdir. Onun r\u0259hhb\u0259rliyi il\u0259 9 namiz\u0259dlik dissertasiyas\u0131 m\u00fcdafi\u0259 edilmi\u015fdir. Mais H\u0259bib o\u011flu Cavadov 28 sentyabr 1992-ci ild\u0259 v\u0259fat etmi\u015fdir.<\/p>\n","protected":false},"excerpt":{"rendered":"<p>22 mart 1929-cu ild\u0259 Az\u0259rbaycan Respublikas\u0131 \u0130smay\u0131ll\u0131 rayonunun Baskal k\u0259ndind\u0259 anadan olmu\u015fdur. 1952-ci ild\u0259 Az\u0259rbaycan D\u00f6vl\u0259t Universitetinin Riyaziyyat fak\u00fclt\u0259sini bitirmi\u015fdir. Moskva D\u00f6vl\u0259t Universitetind\u0259 aspirant\u0131 olmu\u015fdur. 1958-ci ild\u0259 akademik Z.I. X\u0259lilovun r\u0259hb\u0259rliyi il\u0259 &#8220;\u00dcmumil\u0259\u015fmi\u015f funksiyalar sinfind\u0259 qar\u0131\u015f\u0131q m\u0259s\u0259l\u0259l\u0259rin t\u0259dqiqi&#8221; m\u00f6vzusunda namiz\u0259dlik, 1966-c\u0131 ild\u0259 doktorluq dissertasiyalar\u0131n\u0131 m\u00fcdafi\u0259 etmi\u015fdir. O, \u0259m\u0259k f\u0259aliyy\u0259tin\u0259 1952-ci ild\u0259 Az\u0259rbaycan Elml\u0259r Akademiyas\u0131n\u0131n Fizika [&hellip;]<\/p>\n","protected":false},"author":6,"featured_media":0,"parent":5673,"menu_order":0,"comment_status":"closed","ping_status":"closed","template":"","meta":{"footnotes":""},"_links":{"self":[{"href":"https:\/\/www.imm.az\/exp\/wp-json\/wp\/v2\/pages\/5644"}],"collection":[{"href":"https:\/\/www.imm.az\/exp\/wp-json\/wp\/v2\/pages"}],"about":[{"href":"https:\/\/www.imm.az\/exp\/wp-json\/wp\/v2\/types\/page"}],"author":[{"embeddable":true,"href":"https:\/\/www.imm.az\/exp\/wp-json\/wp\/v2\/users\/6"}],"replies":[{"embeddable":true,"href":"https:\/\/www.imm.az\/exp\/wp-json\/wp\/v2\/comments?post=5644"}],"version-history":[{"count":6,"href":"https:\/\/www.imm.az\/exp\/wp-json\/wp\/v2\/pages\/5644\/revisions"}],"predecessor-version":[{"id":6149,"href":"https:\/\/www.imm.az\/exp\/wp-json\/wp\/v2\/pages\/5644\/revisions\/6149"}],"up":[{"embeddable":true,"href":"https:\/\/www.imm.az\/exp\/wp-json\/wp\/v2\/pages\/5673"}],"wp:attachment":[{"href":"https:\/\/www.imm.az\/exp\/wp-json\/wp\/v2\/media?parent=5644"}],"curies":[{"name":"wp","href":"https:\/\/api.w.org\/{rel}","templated":true}]}}