{"id":5673,"date":"2015-10-06T14:07:09","date_gmt":"2015-10-06T09:07:09","guid":{"rendered":"http:\/\/www.imm.az\/exp\/?page_id=5673"},"modified":"2016-09-27T11:33:40","modified_gmt":"2016-09-27T07:33:40","slug":"gork%c9%99mli-az%c9%99rbaycan-riyaziyyatcilari","status":"publish","type":"page","link":"https:\/\/www.imm.az\/exp\/gork%c9%99mli-az%c9%99rbaycan-riyaziyyatcilari\/","title":{"rendered":"G\u00f6rk\u0259mli Az\u0259rbaycan Riyaziyyat\u00e7\u0131lar\u0131 &#8211; AMEA-n\u0131n akademikl\u0259ri v\u0259 m\u00fcxbir \u00fczvl\u0259ri&nbsp;"},"content":{"rendered":"<ul>\n<li><strong><strong><a href=\"\/exp\/?page_id=5629\">Akademik Zahid \u0130smay\u0131l o\u011flu X\u0259lilov<\/a><\/strong><\/strong><\/li>\n<li><strong><strong><a href=\"\/exp\/?page_id=5613\">Akademik \u018f\u015fr\u0259f \u0130sg\u0259nd\u0259r o\u011flu H\u00fcseynov<\/a><\/strong><\/strong><\/li>\n<li><strong><strong><a href=\"\/exp\/?page_id=5619\" target=\"_blank\">Akademik \u0130brahim \u0130bi\u015f o\u011flu \u0130brahimov<\/a><\/strong><\/strong><\/li>\n<li><strong><strong><a href=\"\/exp\/?page_id=5633\">Akademik M\u0259cid L\u0259tif o\u011flu R\u0259sulov<\/a><\/strong><\/strong><\/li>\n<li><strong><strong><a href=\"\/exp\/?page_id=5621\">AMEA-n\u0131n m\u00fcxbir \u00fczv\u00fc Maqsud \u018flisimran o\u011flu Cavadov<\/a><\/strong><\/strong><\/li>\n<li><strong><strong><a href=\"\/exp\/?page_id=5610\">Akademik Azad Mirz\u0259canzad\u0259 X\u0259lil o\u011flu<\/a><\/strong><\/strong><\/li>\n<li><strong><strong><a href=\"\/exp\/?page_id=5624\">AMEA-n\u0131n h\u0259qiqi \u00fczv\u00fc, professor Mirabbas G\u00f6yc\u0259 o\u011flu Qas\u0131mov<\/a><\/strong><\/strong><\/li>\n<li><strong><strong><a href=\"\/exp\/?page_id=5616\">AMEA-n\u0131n m\u00fcxbir \u00fczv\u00fc Arif \u018fliheyd\u0259r o\u011flu Babayev<\/a><\/strong><\/strong><\/li>\n<li><strong><strong><a href=\"\/exp\/?page_id=5607\">Akademik F\u0259r\u0259m\u0259z Q\u0259z\u0259nf\u0259r o\u011flu Maqsudov<\/a><\/strong><\/strong><\/li>\n<li><strong><strong><a href=\"\/exp\/?page_id=5641\">AMEA-n\u0131n m\u00fcxbir \u00fczv\u00fc Qo\u015fqar Teymur o\u011flu \u018fhm\u0259dov<\/a><\/strong><\/strong><\/li>\n<li><strong><strong><a href=\"\/exp\/?page_id=5636\">AMEA-n\u0131n m\u00fcxbir \u00fczv\u00fc Yusif \u018fm\u0259n o\u011flu \u018fm\u0259nzad\u0259<\/a><\/strong><\/strong><\/li>\n<li><strong><strong><a href=\"\/exp\/?page_id=5627\">AMEA-n\u0131n m\u00fcxbir \u00fczv\u00fc Y\u0259hya C\u0259f\u0259r o\u011flu M\u0259mm\u0259dov<\/a><\/strong><\/strong><\/li>\n<li><strong><a href=\"\/exp\/?page_id=5644\">AMEA-n\u0131n m\u00fcxbir \u00fczv\u00fc Mais H\u0259bib o\u011flu Cavadov<\/a><\/strong><\/li>\n<\/ul>\n","protected":false},"excerpt":{"rendered":"<p>Akademik Zahid \u0130smay\u0131l o\u011flu X\u0259lilov Akademik \u018f\u015fr\u0259f \u0130sg\u0259nd\u0259r o\u011flu H\u00fcseynov Akademik \u0130brahim \u0130bi\u015f o\u011flu \u0130brahimov Akademik M\u0259cid L\u0259tif o\u011flu R\u0259sulov AMEA-n\u0131n m\u00fcxbir \u00fczv\u00fc Maqsud \u018flisimran o\u011flu Cavadov Akademik Azad Mirz\u0259canzad\u0259 X\u0259lil o\u011flu AMEA-n\u0131n h\u0259qiqi \u00fczv\u00fc, professor Mirabbas G\u00f6yc\u0259 o\u011flu Qas\u0131mov AMEA-n\u0131n m\u00fcxbir \u00fczv\u00fc Arif \u018fliheyd\u0259r o\u011flu Babayev Akademik F\u0259r\u0259m\u0259z Q\u0259z\u0259nf\u0259r o\u011flu Maqsudov AMEA-n\u0131n m\u00fcxbir \u00fczv\u00fc [&hellip;]<\/p>\n","protected":false},"author":6,"featured_media":0,"parent":0,"menu_order":0,"comment_status":"closed","ping_status":"closed","template":"","meta":{"footnotes":""},"_links":{"self":[{"href":"https:\/\/www.imm.az\/exp\/wp-json\/wp\/v2\/pages\/5673"}],"collection":[{"href":"https:\/\/www.imm.az\/exp\/wp-json\/wp\/v2\/pages"}],"about":[{"href":"https:\/\/www.imm.az\/exp\/wp-json\/wp\/v2\/types\/page"}],"author":[{"embeddable":true,"href":"https:\/\/www.imm.az\/exp\/wp-json\/wp\/v2\/users\/6"}],"replies":[{"embeddable":true,"href":"https:\/\/www.imm.az\/exp\/wp-json\/wp\/v2\/comments?post=5673"}],"version-history":[{"count":10,"href":"https:\/\/www.imm.az\/exp\/wp-json\/wp\/v2\/pages\/5673\/revisions"}],"predecessor-version":[{"id":8999,"href":"https:\/\/www.imm.az\/exp\/wp-json\/wp\/v2\/pages\/5673\/revisions\/8999"}],"wp:attachment":[{"href":"https:\/\/www.imm.az\/exp\/wp-json\/wp\/v2\/media?parent=5673"}],"curies":[{"name":"wp","href":"https:\/\/api.w.org\/{rel}","templated":true}]}}