{"id":7512,"date":"2016-02-23T14:30:58","date_gmt":"2016-02-23T10:30:58","guid":{"rendered":"http:\/\/www.imm.az\/exp\/?page_id=7512"},"modified":"2016-11-24T11:56:27","modified_gmt":"2016-11-24T07:56:27","slug":"beyn%c9%99lxalq-%c9%99laq%c9%99l%c9%99r-sob%c9%99si","status":"publish","type":"page","link":"https:\/\/www.imm.az\/exp\/sob%c9%99l%c9%99r\/beyn%c9%99lxalq-%c9%99laq%c9%99l%c9%99r-sob%c9%99si\/","title":{"rendered":"Beyn\u0259lxalq \u0259laq\u0259l\u0259r \u015f\u00f6b\u0259si"},"content":{"rendered":"<p><img loading=\"lazy\" decoding=\"async\" class=\"alignleft wp-image-7932 size-medium\" src=\"https:\/\/www.imm.az\/exp\/wp-content\/uploads\/2016\/02\/Beynelxalq_Elaqeler_RMI-300x200.jpg\" alt=\"\" width=\"300\" height=\"200\" srcset=\"https:\/\/www.imm.az\/exp\/wp-content\/uploads\/2016\/02\/Beynelxalq_Elaqeler_RMI-300x200.jpg 300w, https:\/\/www.imm.az\/exp\/wp-content\/uploads\/2016\/02\/Beynelxalq_Elaqeler_RMI-768x512.jpg 768w, https:\/\/www.imm.az\/exp\/wp-content\/uploads\/2016\/02\/Beynelxalq_Elaqeler_RMI-1024x683.jpg 1024w\" sizes=\"(max-width: 300px) 100vw, 300px\" \/><\/p>\n<table style=\"border: none;\" border=\"0\" width=\"100%\" cellspacing=\"0\" cellpadding=\"0\">\n<tbody>\n<tr>\n<td valign=\"top\" width=\"193\"><strong>Struktur b\u00f6lm\u0259nin r\u0259hb\u0259ri:<\/strong><\/td>\n<td>Eldar Mehdi o\u011flu Abbasov<br \/>\nTexnika elml\u0259ri namiz\u0259di, dosent<\/td>\n<\/tr>\n<tr>\n<td valign=\"top\"><\/td>\n<td><\/td>\n<\/tr>\n<tr>\n<td valign=\"top\"><strong>Tel.:<\/strong><\/td>\n<td>(+99412) 539 0221, (+99450) 640 2149<\/td>\n<\/tr>\n<tr>\n<td valign=\"top\"><strong>E-mail:<\/strong><\/td>\n<td>eldar.abbasov@imm.az; eldarab@gmail.com<\/td>\n<\/tr>\n<tr>\n<td valign=\"top\"><strong>\u0130\u015f\u00e7il\u0259rin \u00fcmumi sayi:<\/strong><\/td>\n<td>3<\/td>\n<\/tr>\n<tr>\n<td valign=\"top\"><\/td>\n<td><\/td>\n<\/tr>\n<tr>\n<td valign=\"top\"><strong>Struktur b\u00f6lm\u0259nin \u0259sas f\u0259aliyy\u0259t istiqam\u0259tl\u0259ri:<\/strong><\/td>\n<td style=\"text-align: justify;\">Beyn\u0259lxalq \u0259laq\u0259l\u0259r Az\u0259rbaycan Milli Elml\u0259r Akademiyas\u0131 Riyaziyyat v\u0259 Mexanika \u0130nstitutunun \u0259sas f\u0259aliyy\u0259t istiqam\u0259tl\u0259rind\u0259ndir. RM\u0130-nun &#8220;Beyn\u0259lxalq \u0259laq\u0259l\u0259r&#8221; \u015f\u00f6b\u0259si AMEA-n\u0131n xarici elmi m\u0259rk\u0259zl\u0259r, t\u0259\u015fkilat v\u0259 \u015firk\u0259tl\u0259rl\u0259 elmi \u0259laq\u0259l\u0259rinin geni\u015fl\u0259ndirilm\u0259si v\u0259 inki\u015faf\u0131n\u0131 t\u0259min edir. \u015e\u00f6b\u0259nin \u0259sas funksiyalar\u0131na: beyn\u0259lxalq \u015firk\u0259tl\u0259rin n\u00fcmay\u0259nd\u0259likl\u0259ri il\u0259 \u0259laq\u0259, beyn\u0259lxalq i\u015fg\u00fczar yaz\u0131\u015fman\u0131n t\u0259\u015fkili, \u0130nstitutun elmi m\u0259hsulunun t\u0259qdim olunmas\u0131, beyn\u0259lxalq konfrans v\u0259 simpoziumlarda \u0130nstitutun \u0259m\u0259kda\u015flar\u0131n\u0131n i\u015ftirak\u0131 il\u0259 ba\u011fl\u0131 t\u0259\u015fkilati m\u0259s\u0259l\u0259l\u0259rin h\u0259lli, beyn\u0259lxalq m\u00fc\u015favir\u0259l\u0259rin v\u0259 s\u0259rgil\u0259rin t\u0259\u015fkili daxildir.<\/td>\n<\/tr>\n<tr>\n<td valign=\"top\"><\/td>\n<td><\/td>\n<\/tr>\n<tr>\n<td valign=\"top\"><strong>\u015e\u00f6b\u0259nin \u0259sas i\u015f prinsipl\u0259ri:<\/strong><\/td>\n<td>\n<p style=\"text-align: justify;\">Riyaziyyat v\u0259 Mexanika \u0130nstitutunun beyn\u0259lxalq \u0259laq\u0259l\u0259rind\u0259 \u0259sas yeri AB\u015e, Almaniya, Belarus, \u00c7in Xalq Respublikas\u0131, Fransa, G\u00fcrc\u00fcstan, Hollandiya, \u0130ngilt\u0259r\u0259, \u0130ran, \u0130taliya, Qazax\u0131stan, Misir \u018fr\u0259b Respublikas\u0131, \u00d6zb\u0259kistan, Pol\u015fa, Rusiya Federasiyas\u0131, T\u00fcrkiy\u0259, Ukrayna, Yaponiya v\u0259 Asiyan\u0131n dig\u0259r \u00f6lk\u0259l\u0259ri tutur.<br \/>\nBir \u00e7ox yax\u0131n xarici v\u0259 beyn\u0259lxalq \u015firk\u0259t v\u0259 t\u0259\u015fkilatlar \u2013 LUKO\u0130L; TNK BP; Sinopec, CNPC, Petrochina, CNOOC, COSL, GCC (\u00c7XR); \u0130NTAS, AB\u015e-\u0131n Department of Energy (DOE), AB\u015e-\u0131n M\u00fclki T\u0259dqiqatlar v\u0259 \u0130nki\u015faf Fondu v\u0259 ba\u015fqalar\u0131 il\u0259 \u0259m\u0259kda\u015fl\u0131q qurulmu\u015f v\u0259 inki\u015faf etdirilir.<br \/>\nRiyaziyyat v\u0259 Mexanika \u0130nstitutunun beyn\u0259lxalq elmi \u0259laq\u0259l\u0259rd\u0259ki u\u011furlar\u0131, \u0259cn\u0259bi riyaziyyat\u00e7\u0131larla v\u0259 mexanikl\u0259rl\u0259 apar\u0131lm\u0131\u015f elmi t\u0259dqiqatlar\u0131n n\u0259tic\u0259l\u0259ri dem\u0259y\u0259 imkan verir ki, bu g\u00fcn Az\u0259rbaycan\u0131n d\u00fcnyaya inteqrasiya etm\u0259sind\u0259 elmimizin \u00f6z\u00fcn\u0259m\u0259xsus rolu vard\u0131r. Bu rolun m\u00fc\u0259yy\u0259n hiss\u0259si Riyaziyyat v\u0259 Mexanika \u0130nstitutunun beyn\u0259lxalq elmi \u0259laq\u0259l\u0259rinin pay\u0131na d\u00fc\u015f\u00fcr.<br \/>\nRiyaziyyat v\u0259 Mexanika \u0130nstitutunun beyn\u0259lxalq \u0259laq\u0259l\u0259rind\u0259 \u0259sas sah\u0259ni funksional analiz; funksiyalar n\u0259z\u0259riyy\u0259si; diferensial t\u0259nlikl\u0259r; riyazi analiz; riyazi fizika t\u0259nlikl\u0259ri; c\u0259br v\u0259 riyazi m\u0259ntiq; qeyri-harmonik analiz; t\u0259tbiqi riyaziyyat; dal\u011fa dinamikas\u0131; s\u00fcr\u00fcnc\u0259klik n\u0259z\u0259riyy\u0259si; maye, qaz mexanikas\u0131 v\u0259 plastiklik n\u0259z\u0259riyy\u0259si; hesablama riyaziyyat\u0131 v\u0259 informatika t\u0259dqiqatlar\u0131 tutur.<\/p>\n<\/td>\n<\/tr>\n<\/tbody>\n<\/table>\n","protected":false},"excerpt":{"rendered":"<p>Struktur b\u00f6lm\u0259nin r\u0259hb\u0259ri: Eldar Mehdi o\u011flu Abbasov Texnika elml\u0259ri namiz\u0259di, dosent Tel.: (+99412) 539 0221, (+99450) 640 2149 E-mail: eldar.abbasov@imm.az; eldarab@gmail.com \u0130\u015f\u00e7il\u0259rin \u00fcmumi sayi: 3 Struktur b\u00f6lm\u0259nin \u0259sas f\u0259aliyy\u0259t istiqam\u0259tl\u0259ri: Beyn\u0259lxalq \u0259laq\u0259l\u0259r Az\u0259rbaycan Milli Elml\u0259r Akademiyas\u0131 Riyaziyyat v\u0259 Mexanika \u0130nstitutunun \u0259sas f\u0259aliyy\u0259t istiqam\u0259tl\u0259rind\u0259ndir. RM\u0130-nun &#8220;Beyn\u0259lxalq \u0259laq\u0259l\u0259r&#8221; \u015f\u00f6b\u0259si AMEA-n\u0131n xarici elmi m\u0259rk\u0259zl\u0259r, t\u0259\u015fkilat v\u0259 \u015firk\u0259tl\u0259rl\u0259 elmi [&hellip;]<\/p>\n","protected":false},"author":6,"featured_media":0,"parent":203,"menu_order":0,"comment_status":"closed","ping_status":"closed","template":"","meta":{"footnotes":""},"_links":{"self":[{"href":"https:\/\/www.imm.az\/exp\/wp-json\/wp\/v2\/pages\/7512"}],"collection":[{"href":"https:\/\/www.imm.az\/exp\/wp-json\/wp\/v2\/pages"}],"about":[{"href":"https:\/\/www.imm.az\/exp\/wp-json\/wp\/v2\/types\/page"}],"author":[{"embeddable":true,"href":"https:\/\/www.imm.az\/exp\/wp-json\/wp\/v2\/users\/6"}],"replies":[{"embeddable":true,"href":"https:\/\/www.imm.az\/exp\/wp-json\/wp\/v2\/comments?post=7512"}],"version-history":[{"count":5,"href":"https:\/\/www.imm.az\/exp\/wp-json\/wp\/v2\/pages\/7512\/revisions"}],"predecessor-version":[{"id":9639,"href":"https:\/\/www.imm.az\/exp\/wp-json\/wp\/v2\/pages\/7512\/revisions\/9639"}],"up":[{"embeddable":true,"href":"https:\/\/www.imm.az\/exp\/wp-json\/wp\/v2\/pages\/203"}],"wp:attachment":[{"href":"https:\/\/www.imm.az\/exp\/wp-json\/wp\/v2\/media?parent=7512"}],"curies":[{"name":"wp","href":"https:\/\/api.w.org\/{rel}","templated":true}]}}