{"id":8216,"date":"2016-05-10T22:18:47","date_gmt":"2016-05-10T18:18:47","guid":{"rendered":"http:\/\/www.imm.az\/exp\/?page_id=8216"},"modified":"2016-05-10T22:22:27","modified_gmt":"2016-05-10T18:22:27","slug":"t%c9%99hsil-sb%c9%99si","status":"publish","type":"page","link":"https:\/\/www.imm.az\/exp\/sob%c9%99l%c9%99r\/t%c9%99hsil-sb%c9%99si\/","title":{"rendered":"T\u0259hsil \u015f\u00f6b\u0259si"},"content":{"rendered":"<table style=\"border: none;\" border=\"0\" width=\"100%\" cellspacing=\"0\" cellpadding=\"0\">\n<tbody>\n<tr>\n<td valign=\"top\" width=\"193\"><strong>Struktur b\u00f6lm\u0259nin r\u0259hb\u0259ri:<\/strong><\/td>\n<td>Axundov \u018fdal\u0259t Yavuz o\u011flu<br \/>\nRiyaziyyat \u00fczr\u0259 elml\u0259r doktoru, professor<\/td>\n<\/tr>\n<tr>\n<td valign=\"top\"><\/td>\n<td><\/td>\n<\/tr>\n<tr>\n<td valign=\"top\"><strong>Tel:<\/strong><\/td>\n<td>\u00a0(+99450) 5498074<\/td>\n<\/tr>\n<tr>\n<td valign=\"top\"><strong>E-mail:<\/strong><\/td>\n<td>adalatakhund@mail.ru<\/td>\n<\/tr>\n<tr>\n<td valign=\"top\"><strong>\u0130\u015f\u00e7il\u0259rin \u00fcmumi say\u0131:<\/strong><\/td>\n<td>3<\/td>\n<\/tr>\n<tr>\n<td valign=\"top\"><\/td>\n<td><\/td>\n<\/tr>\n<tr>\n<td valign=\"top\"><strong>Struktur b\u00f6lm\u0259nin \u0259sas f\u0259aliyy\u0259t istiqam\u0259tl\u0259ri:<\/strong><\/td>\n<td style=\"text-align: justify;\">AMEA Riyaziyyat v\u0259 Mexanika \u0130nstitutunda T\u0259hsil \u015f\u00f6b\u0259si f\u0259ls\u0259f\u0259 doktoru, elml\u0259r doktoru v\u0259 magistratura proqramlar\u0131 \u00fczr\u0259 y\u00fcks\u0259kixtisasl\u0131 elmi v\u0259 elmi-pedaqoji kadrlar\u0131n haz\u0131rlanmas\u0131n\u0131 t\u0259\u015fkil edir. T\u0259hsil \u015f\u00f6b\u0259si magistr, doktorant v\u0259 dissertantlar\u0131n f\u0259aliyy\u0259tini Az\u0259rbaycan Milli Elml\u0259r Akademiyas\u0131 R\u0259yas\u0259t Hey\u0259tinin Elm v\u0259 T\u0259hsil \u015f\u00f6b\u0259si il\u0259 \u0259laq\u0259l\u0259ndirir v\u0259 laz\u0131mi s\u0259n\u0259dl\u0259rin t\u0259qdim olunmas\u0131n\u0131 t\u0259min edir. T\u0259hsil \u015f\u00f6b\u0259si magistrl\u0259rin, doktorant v\u0259 dissertantlar\u0131n, g\u0259nc aliml\u0259rin institut, respublika v\u0259 beyn\u0259lxalq s\u0259viyy\u0259li proqram v\u0259 layih\u0259l\u0259rd\u0259 i\u015ftirak\u0131n\u0131n t\u0259min olunmas\u0131na d\u0259st\u0259k g\u00f6st\u0259rir v\u0259 t\u00f6vsiy\u0259l\u0259r verir. T\u0259hsil \u015f\u00f6b\u0259sinin m\u00fcdiri \u015f\u00f6b\u0259nin f\u0259aliyy\u0259ti il\u0259 ba\u011fl\u0131 ild\u0259 bir d\u0259f\u0259 institutun Elmi \u015furas\u0131na hesabat verir.<\/td>\n<\/tr>\n<tr>\n<td valign=\"top\"><\/td>\n<td><\/td>\n<\/tr>\n<tr>\n<td valign=\"top\"><strong>\u015e\u00f6b\u0259nin \u0259sas i\u015f prinsipl\u0259ri:<\/strong><\/td>\n<td style=\"text-align: justify;\">\n<ul>\n<li>doktorant v\u0259 dissertantlar\u0131n s\u0259n\u0259dl\u0259rinin, referatlar\u0131n\u0131n q\u0259bulunu, f\u0259rdi i\u015f planlar\u0131n\u0131n haz\u0131rlanmas\u0131n\u0131 t\u0259\u015fkil edir;<\/li>\n<li>ixtisas f\u0259nni \u00fczr\u0259 q\u0259bul, doktorluq imtahanlar\u0131n\u0131n ke\u00e7irilm\u0259sini, doktorant v\u0259 dissertantlar\u0131n attestasiyas\u0131n\u0131 t\u0259\u015fkil edir;<\/li>\n<li>magistirl\u0259rin t\u0259dris prosessini t\u0259\u015fkil edir v\u0259 n\u0259zar\u0259td\u0259 saxlay\u0131r, magistr dissertasiyalar\u0131n\u0131n haz\u0131rlanmas\u0131n\u0131 v\u0259 m\u00fcdafi\u0259 olunmas\u0131n\u0131 t\u0259min edir;<\/li>\n<li>doktorantlar\u0131n, dissertantlar\u0131n elmi f\u0259aliyy\u0259tinin v\u0259 attestasiya n\u0259tic\u0259l\u0259rinin t\u0259hlilini, monitorinqinin apar\u0131lmas\u0131n\u0131 v\u0259 hesabatlar\u0131n haz\u0131rlanmas\u0131n\u0131 h\u0259yata ke\u00e7irir.<\/li>\n<\/ul>\n<\/td>\n<\/tr>\n<\/tbody>\n<\/table>\n","protected":false},"excerpt":{"rendered":"<p>Struktur b\u00f6lm\u0259nin r\u0259hb\u0259ri: Axundov \u018fdal\u0259t Yavuz o\u011flu Riyaziyyat \u00fczr\u0259 elml\u0259r doktoru, professor Tel: \u00a0(+99450) 5498074 E-mail: adalatakhund@mail.ru \u0130\u015f\u00e7il\u0259rin \u00fcmumi say\u0131: 3 Struktur b\u00f6lm\u0259nin \u0259sas f\u0259aliyy\u0259t istiqam\u0259tl\u0259ri: AMEA Riyaziyyat v\u0259 Mexanika \u0130nstitutunda T\u0259hsil \u015f\u00f6b\u0259si f\u0259ls\u0259f\u0259 doktoru, elml\u0259r doktoru v\u0259 magistratura proqramlar\u0131 \u00fczr\u0259 y\u00fcks\u0259kixtisasl\u0131 elmi v\u0259 elmi-pedaqoji kadrlar\u0131n haz\u0131rlanmas\u0131n\u0131 t\u0259\u015fkil edir. T\u0259hsil \u015f\u00f6b\u0259si magistr, doktorant v\u0259 dissertantlar\u0131n [&hellip;]<\/p>\n","protected":false},"author":6,"featured_media":0,"parent":203,"menu_order":0,"comment_status":"closed","ping_status":"closed","template":"","meta":{"footnotes":""},"_links":{"self":[{"href":"https:\/\/www.imm.az\/exp\/wp-json\/wp\/v2\/pages\/8216"}],"collection":[{"href":"https:\/\/www.imm.az\/exp\/wp-json\/wp\/v2\/pages"}],"about":[{"href":"https:\/\/www.imm.az\/exp\/wp-json\/wp\/v2\/types\/page"}],"author":[{"embeddable":true,"href":"https:\/\/www.imm.az\/exp\/wp-json\/wp\/v2\/users\/6"}],"replies":[{"embeddable":true,"href":"https:\/\/www.imm.az\/exp\/wp-json\/wp\/v2\/comments?post=8216"}],"version-history":[{"count":2,"href":"https:\/\/www.imm.az\/exp\/wp-json\/wp\/v2\/pages\/8216\/revisions"}],"predecessor-version":[{"id":8219,"href":"https:\/\/www.imm.az\/exp\/wp-json\/wp\/v2\/pages\/8216\/revisions\/8219"}],"up":[{"embeddable":true,"href":"https:\/\/www.imm.az\/exp\/wp-json\/wp\/v2\/pages\/203"}],"wp:attachment":[{"href":"https:\/\/www.imm.az\/exp\/wp-json\/wp\/v2\/media?parent=8216"}],"curies":[{"name":"wp","href":"https:\/\/api.w.org\/{rel}","templated":true}]}}