{"id":8664,"date":"2016-07-18T15:32:07","date_gmt":"2016-07-18T11:32:07","guid":{"rendered":"http:\/\/www.imm.az\/exp\/?page_id=8664"},"modified":"2021-01-08T11:33:19","modified_gmt":"2021-01-08T07:33:19","slug":"sob%c9%99l%c9%99rin-yarim-illik-hesabati-2016","status":"publish","type":"page","link":"https:\/\/www.imm.az\/exp\/sob%c9%99l%c9%99rin-yarim-illik-hesabati-2016\/","title":{"rendered":"Yar\u0131millik hesabat \u2013 2016"},"content":{"rendered":"<p><a href=\"https:\/\/www.imm.az\/exp\/yarimillik-hesabat-2020\/\">2020<\/a> | <a href=\"https:\/\/www.imm.az\/exp\/yarimillik-hesabat-2019\/\">2019 <\/a>| <a href=\"https:\/\/www.imm.az\/exp\/?page_id=19785\">2018<\/a> | <a href=\"https:\/\/www.imm.az\/exp\/?page_id=13736\">2017<\/a>\u00a0| 2016 |\u00a0<a href=\"https:\/\/www.imm.az\/exp\/?page_id=2891\">2015<\/a>\u00a0|\u00a0<a href=\"https:\/\/www.imm.az\/exp\/?page_id=5285\">2014<\/a>\u00a0|<\/p>\n<p><span style=\"font-family: 'arial black', sans-serif; color: #275c91;\">\u015e\u00f6b\u0259l\u0259r<\/span><\/p>\n<ul>\n<li style=\"list-style-type: none;\">\n<ul>\n<li style=\"list-style-type: none;\">\n<ul>\n<li><a href=\"..\/..\/Shobe_hesabatlari\/Hesabat_I_yarimillik_2016\/I_yarimillik_2016_Funksional_analiz.pdf\" target=\"_blank\" rel=\"noopener noreferrer\">Funksional analiz \u015f\u00f6b\u0259si<\/a><\/li>\n<li><a href=\"..\/..\/Shobe_hesabatlari\/Hesabat_I_yarimillik_2016\/I_yarimillik_2016_Riyazi_analiz.pdf\" target=\"_blank\" rel=\"noopener noreferrer\">Riyazi analiz \u015f\u00f6b\u0259si<\/a><\/li>\n<li><a href=\"..\/..\/Shobe_hesabatlari\/Hesabat_I_yarimillik_2016\/I_yarimillik_2016_funksiyalar_nezeriyyesi.pdf\" target=\"_blank\" rel=\"noopener noreferrer\">Funksiyalar n\u0259z\u0259riyy\u0259si \u015f\u00f6b\u0259si<\/a><\/li>\n<li><a href=\"..\/..\/Shobe_hesabatlari\/Hesabat_I_yarimillik_2016\/I_yarimillik_2016_diftenlik.pdf\" target=\"_blank\" rel=\"noopener noreferrer\">Diferensial t\u0259nlikl\u0259r \u015f\u00f6b\u0259si<\/a><\/li>\n<li><a href=\"..\/..\/Shobe_hesabatlari\/Hesabat_I_yarimillik_2016\/I_yarimillik_2016_riyazi_fizika_tenlikleri.pdf\" target=\"_blank\" rel=\"noopener noreferrer\">Riyazi fizika t\u0259nlikl\u0259ri \u015f\u00f6b\u0259si<\/a><\/li>\n<li><a href=\"..\/..\/Shobe_hesabatlari\/Hesabat_I_yarimillik_2016\/I_yarimillik_2016_Qeyri-harmonik_analiz.pdf\" target=\"_blank\" rel=\"noopener noreferrer\">Qeyri harmonik analiz \u015f\u00f6b\u0259si<\/a><\/li>\n<li><a href=\"..\/..\/Shobe_hesabatlari\/Hesabat_I_yarimillik_2016\/I_yarimillik_2016_Elastiklik_Plastiklik.pdf\" target=\"_blank\" rel=\"noopener noreferrer\">Elastiklik v\u0259 plastiklik n\u0259z\u0259riyy\u0259si \u015f\u00f6b\u0259si<\/a><\/li>\n<li><a href=\"..\/..\/Shobe_hesabatlari\/Hesabat_I_yarimillik_2016\/I_yarimillik_2016_dalga_dinamikasi.pdf\" target=\"_blank\" rel=\"noopener noreferrer\">Dal\u011fa dinamikas\u0131 \u015f\u00f6b\u0259si<\/a><\/li>\n<li><a href=\"..\/..\/Shobe_hesabatlari\/Hesabat_I_yarimillik_2016\/I_yarimillik_2016_surunceklik_nezeriyyesi.pdf\" target=\"_blank\" rel=\"noopener noreferrer\">S\u00fcr\u00fcnc\u0259klik n\u0259z\u0259riyy\u0259si \u015f\u00f6b\u0259si<\/a><\/li>\n<li><a href=\"..\/..\/Shobe_hesabatlari\/Hesabat_I_yarimillik_2016\/I_yarimillik_2016_Maye_qaz.pdf\" target=\"_blank\" rel=\"noopener noreferrer\">Maye v\u0259 qaz mexanikas\u0131 \u015f\u00f6b\u0259si<\/a><\/li>\n<li><a href=\"..\/..\/Shobe_hesabatlari\/Hesabat_I_yarimillik_2016\/I_yarimillik_2016_HRI.pdf\" target=\"_blank\" rel=\"noopener noreferrer\">Hesablama riyaziyyat\u0131 v\u0259 informatika \u015f\u00f6b\u0259si<\/a><\/li>\n<li><a href=\"..\/..\/Shobe_hesabatlari\/Hesabat_I_yarimillik_2016\/I_yarimillik_2016_cebr_riyazi_mentiq.pdf\" target=\"_blank\" rel=\"noopener noreferrer\">C\u0259br v\u0259 riyazi m\u0259ntiq \u015f\u00f6b\u0259si<\/a><\/li>\n<li><a href=\"..\/..\/Shobe_hesabatlari\/Hesabat_I_yarimillik_2016\/I_yarimillik_2016_tetbiqi_riyaziyyat.pdf.pdf\" target=\"_blank\" rel=\"noopener noreferrer\">T\u0259tbiqi riyaziyyat \u015f\u00f6b\u0259si<\/a><\/li>\n<li><a href=\"..\/..\/Shobe_hesabatlari\/Hesabat_I_yarimillik_2016\/I_yarimillik_2016_Optimal_idaraetme.pdf\" target=\"_blank\" rel=\"noopener noreferrer\">Optimal idar\u0259etm\u0259 \u015f\u00f6b\u0259si<\/a><\/li>\n<li><a href=\"..\/..\/Shobe_hesabatlari\/Hesabat_I_yarimillik_2016\/I_yarimillik_2016_Beynelxalq_elaqeler.pdf\" target=\"_blank\" rel=\"noopener noreferrer\">Beyn\u0259lxalq \u0259laq\u0259l\u0259r \u015f\u00f6b\u0259si<\/a><\/li>\n<li><a href=\"..\/..\/Shobe_hesabatlari\/Hesabat_I_yarimillik_2016\/I_yarimillik_2016_Kitabxana.pdf\" target=\"_blank\" rel=\"noopener noreferrer\">Riyaziyyat v\u0259 Mexanika institutunun kitabxanas\u0131<\/a><\/li>\n<li><a href=\"..\/..\/Shobe_hesabatlari\/Hesabat_I_yarimillik_2016\/I_yarimillik_2016_Elmi\u2013texniki informasiya.pdf\" target=\"_blank\" rel=\"noopener noreferrer\">Elmi \u2013texniki informasiya \u015f\u00f6b\u0259si<\/a><\/li>\n<\/ul>\n<\/li>\n<\/ul>\n<\/li>\n<\/ul>\n<p><span style=\"font-family: 'arial black', sans-serif; color: #275c91;\">Jurnallar<\/span><\/p>\n<ul>\n<li style=\"list-style-type: none;\">\n<ul>\n<li><a href=\"..\/..\/Shobe_hesabatlari\/Hesabat_I_yarimillik_2016\/Iyarimillik_2016_AMEA_xeberleri.pdf\" target=\"_blank\" rel=\"noopener noreferrer\">Az\u0259rbaycan Milli Elml\u0259r Akademiyas\u0131n\u0131n X\u0259b\u0259rl\u0259ri, Riyaziyyat burax\u0131l\u0131\u015f\u0131,<\/a><br \/>\n<a href=\"..\/..\/Shobe_hesabatlari\/Hesabat_I_yarimillik_2016\/Iyarimillik_2016_AMEA_xeberleri.pdf\" target=\"_blank\" rel=\"noopener noreferrer\"> fizika-texnika v\u0259 riyaziyyat elml\u0259ri b\u00f6lm\u0259si<\/a><\/li>\n<li><a href=\"..\/..\/Shobe_hesabatlari\/Hesabat_I_yarimillik_2016\/I_yarimillik_2016_RMI_eserler.pdf\" target=\"_blank\" rel=\"noopener noreferrer\">Riyaziyyat v\u0259 M\u0259xanika \u0130nstitutunun\u00a0\u018fs\u0259rl\u0259ri jurnal\u0131<\/a><\/li>\n<li><a href=\"..\/..\/Shobe_hesabatlari\/Hesabat_I_yarimillik_2016\/I_yarimillik_2016_AzJM.pdf\" target=\"_blank\" rel=\"noopener noreferrer\">Az\u0259rbaycan Riyaziyyat jurnal\u0131<\/a><\/li>\n<li><a href=\"..\/..\/Shobe_hesabatlari\/Hesabat_I_yarimillik_2016\/Iyarimillik_2016_AMEA_xeberleri.pdf\" target=\"_blank\" rel=\"noopener noreferrer\">Az\u0259rbaycan Milli Elml\u0259r Akademiyas\u0131n\u0131n X\u0259b\u0259rl\u0259ri, Mexanika\u00a0burax\u0131l\u0131\u015f\u0131,<\/a><br \/>\n<a href=\"..\/..\/Shobe_hesabatlari\/Hesabat_I_yarimillik_2016\/Iyarimillik_2016_AMEA_xeberleri_mexanika.pdf\" target=\"_blank\" rel=\"noopener noreferrer\">fizika-texnika v\u0259 riyaziyyat elml\u0259ri b\u00f6lm\u0259si<\/a><\/li>\n<\/ul>\n<\/li>\n<\/ul>\n","protected":false},"excerpt":{"rendered":"<p>2020 | 2019 | 2018 | 2017\u00a0| 2016 |\u00a02015\u00a0|\u00a02014\u00a0| \u015e\u00f6b\u0259l\u0259r Funksional analiz \u015f\u00f6b\u0259si Riyazi analiz \u015f\u00f6b\u0259si Funksiyalar n\u0259z\u0259riyy\u0259si \u015f\u00f6b\u0259si Diferensial t\u0259nlikl\u0259r \u015f\u00f6b\u0259si Riyazi fizika t\u0259nlikl\u0259ri \u015f\u00f6b\u0259si Qeyri harmonik analiz \u015f\u00f6b\u0259si Elastiklik v\u0259 plastiklik n\u0259z\u0259riyy\u0259si \u015f\u00f6b\u0259si Dal\u011fa dinamikas\u0131 \u015f\u00f6b\u0259si S\u00fcr\u00fcnc\u0259klik n\u0259z\u0259riyy\u0259si \u015f\u00f6b\u0259si Maye v\u0259 qaz mexanikas\u0131 \u015f\u00f6b\u0259si Hesablama riyaziyyat\u0131 v\u0259 informatika \u015f\u00f6b\u0259si C\u0259br v\u0259 riyazi m\u0259ntiq [&hellip;]<\/p>\n","protected":false},"author":6,"featured_media":0,"parent":0,"menu_order":0,"comment_status":"closed","ping_status":"closed","template":"","meta":{"footnotes":""},"_links":{"self":[{"href":"https:\/\/www.imm.az\/exp\/wp-json\/wp\/v2\/pages\/8664"}],"collection":[{"href":"https:\/\/www.imm.az\/exp\/wp-json\/wp\/v2\/pages"}],"about":[{"href":"https:\/\/www.imm.az\/exp\/wp-json\/wp\/v2\/types\/page"}],"author":[{"embeddable":true,"href":"https:\/\/www.imm.az\/exp\/wp-json\/wp\/v2\/users\/6"}],"replies":[{"embeddable":true,"href":"https:\/\/www.imm.az\/exp\/wp-json\/wp\/v2\/comments?post=8664"}],"version-history":[{"count":5,"href":"https:\/\/www.imm.az\/exp\/wp-json\/wp\/v2\/pages\/8664\/revisions"}],"predecessor-version":[{"id":33552,"href":"https:\/\/www.imm.az\/exp\/wp-json\/wp\/v2\/pages\/8664\/revisions\/33552"}],"wp:attachment":[{"href":"https:\/\/www.imm.az\/exp\/wp-json\/wp\/v2\/media?parent=8664"}],"curies":[{"name":"wp","href":"https:\/\/api.w.org\/{rel}","templated":true}]}}