{"id":877,"date":"2014-04-09T10:23:49","date_gmt":"2014-04-09T05:23:49","guid":{"rendered":"http:\/\/www.imm.az\/exp\/?page_id=877"},"modified":"2024-03-27T20:44:58","modified_gmt":"2024-03-27T16:44:58","slug":"jurnallar-2","status":"publish","type":"page","link":"https:\/\/www.imm.az\/exp\/jurnallar-2\/","title":{"rendered":"Jurnallar"},"content":{"rendered":"<table class=\" aligncenter\" style=\"border: none;\" border=\"0\" width=\"100%\" cellspacing=\"0\" cellpadding=\"0\" align=\"center\">\n<tbody>\n<tr>\n<td align=\"center\"><strong><a href=\"http:\/\/trans.imm.az\/\" target=\"_blank\" rel=\"noopener\">&#8220;AMEA-n\u0131n X\u0259b\u0259rl\u0259ri&#8221; (riyaziyyat burax\u0131l\u0131\u015f\u0131)<\/a><\/strong><\/td>\n<td align=\"center\" valign=\"top\"><strong><a href=\"http:\/\/proc.imm.az\" target=\"_blank\" rel=\"noopener\">&#8220;Proceedings&#8221;<\/a><\/strong><\/td>\n<\/tr>\n<tr>\n<td align=\"center\"><strong>AMEA Riyaziyyat v\u0259 Mexanika \u0130nstitutunun &#8220;AMEA-n\u0131n X\u0259b\u0259rl\u0259ri&#8221; jurnal\u0131 (riyaziyyat burax\u0131l\u0131\u015f\u0131)<\/strong><\/td>\n<td align=\"center\" valign=\"top\"><strong>AMEA Riyaziyyat v\u0259 Mexanika \u0130nstitutunun &#8220;Proceedings&#8221; jurnal\u0131<\/strong><\/td>\n<\/tr>\n<tr>\n<td align=\"center\" width=\"50%\"><a href=\"http:\/\/trans.imm.az\/\" target=\"_blank\" rel=\"noopener\"><img loading=\"lazy\" decoding=\"async\" class=\"alignnone\" src=\"https:\/\/www.imm.az\/exp\/wp-content\/uploads\/2024\/03\/transaction.png\" alt=\"Transactions\" width=\"269\" height=\"352\" border=\"1\" \/><\/a><\/td>\n<td align=\"center\" valign=\"top\" width=\"61%\"><a href=\"http:\/\/proc.imm.az\" target=\"_blank\" rel=\"noopener\"><img loading=\"lazy\" decoding=\"async\" src=\"..\/images\/stories\/Prosedings.jpg\" alt=\"Proceedings\" width=\"241\" height=\"352\" border=\"1\" \/><\/a><\/td>\n<\/tr>\n<tr>\n<td colspan=\"2\" align=\"center\"><\/td>\n<\/tr>\n<tr>\n<td align=\"center\"><strong><a href=\"http:\/\/transmech.imm.az\/\" target=\"_blank\" rel=\"noopener\">&#8220;AMEA-n\u0131n X\u0259b\u0259rl\u0259ri&#8221; (mexanika burax\u0131l\u0131\u015f\u0131)<\/a><\/strong><\/td>\n<td align=\"center\" valign=\"top\"><strong><a href=\"http:\/\/azjm.org\/index.php\/azjm\">&#8220;Azerbaijan Journal of Mathematics&#8221;<\/a><\/strong><\/td>\n<\/tr>\n<tr>\n<td align=\"center\"><strong>AMEA Riyaziyyat v\u0259 Mexanika \u0130nstitutunun &#8220;AMEA-n\u0131n X\u0259b\u0259rl\u0259ri&#8221; (mexanika burax\u0131l\u0131\u015f\u0131)<\/strong><\/td>\n<td align=\"center\" valign=\"top\"><strong>AMEA Riyaziyyat v\u0259 Mexanika \u0130nstitutunun &#8220;Azerbaijan Journal of Mathematics&#8221;<\/strong><\/td>\n<\/tr>\n<tr>\n<td align=\"center\" width=\"50%\"><a href=\"http:\/\/transmech.imm.az\/\" target=\"_blank\" rel=\"noopener\"><img loading=\"lazy\" decoding=\"async\" class=\"alignnone\" src=\"..\/wp-content\/uploads\/2018\/01\/Transmech.jpg\" alt=\"Transactions issue Mechanics\" width=\"269\" height=\"352\" border=\"1\" \/><\/a><\/td>\n<td align=\"center\" valign=\"top\" width=\"61%\"><a href=\"http:\/\/azjm.org\" target=\"_blank\" rel=\"noopener\"><img loading=\"lazy\" decoding=\"async\" class=\"alignnone\" src=\"..\/images\/stories\/Mathematics.jpg\" alt=\"AZERBAIJAN JOURNAL OF MATHEMATICS\" width=\"263\" height=\"352\" border=\"1\" \/><\/a><\/td>\n<\/tr>\n<\/tbody>\n<\/table>\n","protected":false},"excerpt":{"rendered":"<p>&#8220;AMEA-n\u0131n X\u0259b\u0259rl\u0259ri&#8221; (riyaziyyat burax\u0131l\u0131\u015f\u0131) &#8220;Proceedings&#8221; AMEA Riyaziyyat v\u0259 Mexanika \u0130nstitutunun &#8220;AMEA-n\u0131n X\u0259b\u0259rl\u0259ri&#8221; jurnal\u0131 (riyaziyyat burax\u0131l\u0131\u015f\u0131) AMEA Riyaziyyat v\u0259 Mexanika \u0130nstitutunun &#8220;Proceedings&#8221; jurnal\u0131 &#8220;AMEA-n\u0131n X\u0259b\u0259rl\u0259ri&#8221; (mexanika burax\u0131l\u0131\u015f\u0131) &#8220;Azerbaijan Journal of Mathematics&#8221; AMEA Riyaziyyat v\u0259 Mexanika \u0130nstitutunun &#8220;AMEA-n\u0131n X\u0259b\u0259rl\u0259ri&#8221; (mexanika burax\u0131l\u0131\u015f\u0131) AMEA Riyaziyyat v\u0259 Mexanika \u0130nstitutunun &#8220;Azerbaijan Journal of Mathematics&#8221;<\/p>\n","protected":false},"author":6,"featured_media":0,"parent":0,"menu_order":0,"comment_status":"open","ping_status":"open","template":"","meta":{"footnotes":""},"_links":{"self":[{"href":"https:\/\/www.imm.az\/exp\/wp-json\/wp\/v2\/pages\/877"}],"collection":[{"href":"https:\/\/www.imm.az\/exp\/wp-json\/wp\/v2\/pages"}],"about":[{"href":"https:\/\/www.imm.az\/exp\/wp-json\/wp\/v2\/types\/page"}],"author":[{"embeddable":true,"href":"https:\/\/www.imm.az\/exp\/wp-json\/wp\/v2\/users\/6"}],"replies":[{"embeddable":true,"href":"https:\/\/www.imm.az\/exp\/wp-json\/wp\/v2\/comments?post=877"}],"version-history":[{"count":5,"href":"https:\/\/www.imm.az\/exp\/wp-json\/wp\/v2\/pages\/877\/revisions"}],"predecessor-version":[{"id":212025,"href":"https:\/\/www.imm.az\/exp\/wp-json\/wp\/v2\/pages\/877\/revisions\/212025"}],"wp:attachment":[{"href":"https:\/\/www.imm.az\/exp\/wp-json\/wp\/v2\/media?parent=877"}],"curies":[{"name":"wp","href":"https:\/\/api.w.org\/{rel}","templated":true}]}}