{"id":8879,"date":"2016-09-15T12:36:48","date_gmt":"2016-09-15T08:36:48","guid":{"rendered":"http:\/\/www.imm.az\/exp\/?page_id=8879"},"modified":"2016-09-15T12:57:46","modified_gmt":"2016-09-15T08:57:46","slug":"elm-haqqinda-az%c9%99rbaycan-respublikasinin-2016-ci-il-14-iyun-tarixli-271-vq-nmr%c9%99li-qanununun-t%c9%99tbiqi-bar%c9%99d%c9%99-az%c9%99rbaycan-respublikasi-prezidentinin-f","status":"publish","type":"page","link":"https:\/\/www.imm.az\/exp\/elm-haqqinda-az%c9%99rbaycan-respublikasinin-2016-ci-il-14-iyun-tarixli-271-vq-nmr%c9%99li-qanununun-t%c9%99tbiqi-bar%c9%99d%c9%99-az%c9%99rbaycan-respublikasi-prezidentinin-f\/","title":{"rendered":"\u201cElm haqq\u0131nda\u201d Az\u0259rbaycan Respublikas\u0131n\u0131n 2016-c\u0131 il 14 iyun tarixli 271-VQ n\u00f6mr\u0259li Qanununun t\u0259tbiqi bar\u0259d\u0259 Az\u0259rbaycan Respublikas\u0131 Prezidentinin F\u0259rman\u0131"},"content":{"rendered":"<p style=\"text-align: justify;\">Az\u0259rbaycan Respublikas\u0131 Konstitusiyas\u0131n\u0131n 109-cu madd\u0259sinin 19-cu v\u0259 32-ci b\u0259ndl\u0259rini r\u0259hb\u0259r tutaraq, \u201cElm haqq\u0131nda\u201d Az\u0259rbaycan Respublikas\u0131n\u0131n 2016-c\u0131 il 14 iyun tarixli 271-VQ n\u00f6mr\u0259li Qanununun q\u00fcvv\u0259y\u0259 minm\u0259si il\u0259 \u0259laq\u0259dar h\u0259min Qanunun t\u0259tbiqini t\u0259min etm\u0259k m\u0259qs\u0259di il\u0259 q\u0259rara al\u0131ram:<\/p>\n<p style=\"text-align: justify;\">1. Az\u0259rbaycan Respublikas\u0131n\u0131n Nazirl\u0259r Kabineti:<\/p>\n<p style=\"text-align: justify;\">1.1. be\u015f ay m\u00fcdd\u0259tind\u0259:<\/p>\n<p style=\"text-align: justify;\">1.1.1. Az\u0259rbaycan Respublikas\u0131 qanunlar\u0131n\u0131n v\u0259 Az\u0259rbaycan Respublikas\u0131 Prezidentinin aktlar\u0131n\u0131n \u201cElm haqq\u0131nda\u201d Az\u0259rbaycan Respublikas\u0131n\u0131n Qanununa uy\u011funla\u015fd\u0131r\u0131lmas\u0131 il\u0259 ba\u011fl\u0131 t\u0259klifl\u0259rini Az\u0259rbaycan Respublikas\u0131n\u0131n Prezidentin\u0259 t\u0259qdim etsin;<\/p>\n<p style=\"text-align: justify;\">1.1.2. Az\u0259rbaycan Respublikas\u0131 Nazirl\u0259r Kabinetinin normativ h\u00fcquqi aktlar\u0131n\u0131n h\u0259min Qanuna uy\u011funla\u015fd\u0131r\u0131lmas\u0131n\u0131 t\u0259min etsin v\u0259 bu bar\u0259d\u0259 Az\u0259rbaycan Respublikas\u0131n\u0131n Prezidentin\u0259 m\u0259lumat versin;<\/p>\n<p style=\"text-align: justify;\">1.1.3. h\u0259min Qanunun 12.6-c\u0131 madd\u0259sin\u0259 uy\u011fun olaraq, ali t\u0259hsil m\u00fc\u0259ssis\u0259l\u0259rin\u0259 \u201cT\u0259dqiqat universiteti\u201d statusu verilm\u0259si \u00fc\u00e7\u00fcn t\u0259l\u0259bl\u0259ri m\u00fc\u0259yy\u0259n etsin v\u0259 bu bar\u0259d\u0259 Az\u0259rbaycan Respublikas\u0131n\u0131n Prezidentin\u0259 m\u0259lumat versin;<\/p>\n<p style=\"text-align: justify;\">1.1.4. h\u0259min Qanunun 13.5-ci madd\u0259sin\u0259 uy\u011fun olaraq, elmi t\u0259dqiqat institutunun m\u0259\u015f\u011ful olmas\u0131na yol veril\u0259n sahibkarl\u0131q f\u0259aliyy\u0259ti n\u00f6vl\u0259rini m\u00fc\u0259yy\u0259n etsin v\u0259 bu bar\u0259d\u0259 Az\u0259rbaycan Respublikas\u0131n\u0131n Prezidentin\u0259 m\u0259lumat versin;<\/p>\n<p style=\"text-align: justify;\">1.1.5. h\u0259min Qanunun 22.4-c\u00fc madd\u0259sin\u0259 uy\u011fun olaraq, Elmi T\u0259dqiqatlar\u0131n \u018flaq\u0259l\u0259ndirilm\u0259si \u015euras\u0131 haqq\u0131nda \u0259sasnam\u0259ni t\u0259sdiq etsin v\u0259 bu bar\u0259d\u0259 Az\u0259rbaycan Respublikas\u0131n\u0131n Prezidentin\u0259 m\u0259lumat versin;<\/p>\n<p style=\"text-align: justify;\">1.1.6. h\u0259min Qanunun 33.8-ci madd\u0259sin\u0259 uy\u011fun olaraq, elmi v\u0259 elmi-pedaqoji f\u0259aliyy\u0259t sah\u0259sind\u0259 \u00e7al\u0131\u015fan elmi d\u0259r\u0259c\u0259si v\u0259 elmi ad\u0131 olan \u015f\u0259xsl\u0259rin v\u0259zif\u0259 maa\u015flar\u0131na elmi d\u0259r\u0259c\u0259l\u0259r\u0259 v\u0259 elmi adlara g\u00f6r\u0259 \u00f6d\u0259nil\u0259n \u0259lav\u0259l\u0259rin m\u0259bl\u0259\u011fini m\u00fc\u0259yy\u0259n etsin v\u0259 bu bar\u0259d\u0259 Az\u0259rbaycan Respublikas\u0131n\u0131n Prezidentin\u0259 m\u0259lumat versin;<\/p>\n<p style=\"text-align: justify;\">1.1.7. h\u0259min Qanunun 24.4-c\u00fc madd\u0259sin\u0259 uy\u011fun olaraq, elmi m\u00fc\u0259ssis\u0259l\u0259rin akkreditasiyas\u0131 qaydas\u0131n\u0131 v\u0259 elmi m\u00fc\u0259ssis\u0259l\u0259rin akkreditasiyas\u0131 qurumu haqq\u0131nda \u0259sasnam\u0259ni t\u0259sdiq etsin v\u0259 bu bar\u0259d\u0259 Az\u0259rbaycan Respublikas\u0131n\u0131n Prezidentin\u0259 m\u0259lumat versin;<\/p>\n<p style=\"text-align: justify;\">1.1.8. h\u0259min Qanunun 35.2-ci madd\u0259sin\u0259 uy\u011fun olaraq, baza maliyy\u0259l\u0259\u015fdirilm\u0259sinin subyektl\u0259ri olan elmi m\u00fc\u0259ssis\u0259 v\u0259 t\u0259\u015fkilatlar\u0131n siyah\u0131s\u0131n\u0131 t\u0259sdiq etsin v\u0259 bu bar\u0259d\u0259 Az\u0259rbaycan Respublikas\u0131n\u0131n Prezidentin\u0259 m\u0259lumat versin;<\/p>\n<p style=\"text-align: justify;\">1.1.9. h\u0259min Qanunun 37.4-c\u00fc madd\u0259sin\u0259 uy\u011fun olaraq, elmi f\u0259aliyy\u0259tin qrant maliyy\u0259l\u0259\u015fdirilm\u0259si \u00fczr\u0259 m\u00fcsabiq\u0259l\u0259rin ke\u00e7irilm\u0259si qaydas\u0131n\u0131 m\u00fc\u0259yy\u0259n etsin v\u0259 bu bar\u0259d\u0259 Az\u0259rbaycan Respublikas\u0131n\u0131n Prezidentin\u0259 m\u0259lumat versin;<\/p>\n<p style=\"text-align: justify;\">1.1.10. h\u0259min Qanunun pozulmas\u0131na g\u00f6r\u0259 m\u0259suliyy\u0259t n\u00f6vl\u0259rini m\u00fc\u0259yy\u0259n ed\u0259n qanunvericilik akt\u0131n\u0131n layih\u0259sini haz\u0131rlay\u0131b Az\u0259rbaycan Respublikas\u0131n\u0131n Prezidentin\u0259 t\u0259qdim etsin;<\/p>\n<p style=\"text-align: justify;\">1.2. h\u0259min Qanunun 12.6-c\u0131 madd\u0259sind\u0259 (ikinci halda), 13.2-ci, 27.3.11-ci madd\u0259l\u0259rind\u0259, 33.15-ci madd\u0259sinin ikinci c\u00fcml\u0259sind\u0259, 34.5-ci, 36.1-ci, 36.3-c\u00fc, 36.4-c\u00fc v\u0259 38.16-c\u0131 madd\u0259l\u0259rind\u0259 n\u0259z\u0259rd\u0259 tutulmu\u015f m\u00fcvafiq icra hakimiyy\u0259ti orqan\u0131n\u0131n s\u0259lahiyy\u0259tl\u0259rini h\u0259yata ke\u00e7ir\u0259n icra hakimiyy\u0259ti orqan\u0131 bar\u0259d\u0259 t\u0259klifl\u0259rini \u00fc\u00e7 ay m\u00fcdd\u0259tind\u0259 haz\u0131rlay\u0131b Az\u0259rbaycan Respublikas\u0131n\u0131n Prezidentin\u0259 t\u0259qdim etsin;<\/p>\n<p style=\"text-align: justify;\">1.3. m\u0259rk\u0259zi icra hakimiyy\u0259ti orqanlar\u0131n\u0131n normativ h\u00fcquqi aktlar\u0131n\u0131n h\u0259min Qanuna uy\u011funla\u015fd\u0131r\u0131lmas\u0131n\u0131 n\u0259zar\u0259td\u0259 saxlas\u0131n v\u0259 bunun icras\u0131 bar\u0259d\u0259 alt\u0131 ay m\u00fcdd\u0259tind\u0259 Az\u0259rbaycan Respublikas\u0131n\u0131n Prezidentin\u0259 m\u0259lumat versin;<\/p>\n<p style=\"text-align: justify;\">1.4. h\u0259min Qanundan ir\u0259li g\u0259l\u0259n dig\u0259r m\u0259s\u0259l\u0259l\u0259ri h\u0259ll etsin.<\/p>\n<p style=\"text-align: justify;\">2. M\u00fc\u0259yy\u0259n edilsin ki:<\/p>\n<p style=\"text-align: justify;\">2.1. \u201cElm haqq\u0131nda\u201d Az\u0259rbaycan Respublikas\u0131 Qanununun 1.0.40-c\u0131, 8.4.5-ci, 11.1-ci, 12.13-c\u00fc, 13.1-ci, 22.1-ci, 30.1-ci madd\u0259l\u0259rind\u0259 v\u0259 33.7-ci madd\u0259sind\u0259 (birinci halda) \u201cm\u00fcvafiq icra hakimiyy\u0259ti orqan\u0131\u201d dedikd\u0259, Az\u0259rbaycan Respublikas\u0131n\u0131n Prezidenti n\u0259z\u0259rd\u0259 tutulur;<\/p>\n<p style=\"text-align: justify;\">2.2. h\u0259min Qanunun 11.7-ci madd\u0259sinin ikinci c\u00fcml\u0259sind\u0259, 18.2-ci, 18.3-c\u00fc, 18.5-ci, 19.2-ci, 20.4-c\u00fc madd\u0259l\u0259rind\u0259 v\u0259 33.7-ci madd\u0259sind\u0259 (ikinci halda) n\u0259z\u0259rd\u0259 tutulmu\u015f m\u00fcvafiq icra hakimiyy\u0259ti orqan\u0131n\u0131n s\u0259lahiyy\u0259tl\u0259rini Az\u0259rbaycan Respublikas\u0131n\u0131n Prezidenti h\u0259yata ke\u00e7irir;<\/p>\n<p style=\"text-align: justify;\">2.3. h\u0259min Qanunun 12.6-c\u0131 madd\u0259sind\u0259 (birinci halda), 13.5-ci, 14.4-c\u00fc, 22.2-ci, 22.4-c\u00fc madd\u0259l\u0259rind\u0259, 24.4-c\u00fc madd\u0259sinin birinci v\u0259 ikinci c\u00fcml\u0259l\u0259rind\u0259, 33.8-ci, 35.2-ci, 37.4-c\u00fc madd\u0259l\u0259rind\u0259 n\u0259z\u0259rd\u0259 tutulmu\u015f m\u00fcvafiq icra hakimiyy\u0259ti orqan\u0131n\u0131n s\u0259lahiyy\u0259tl\u0259rini Az\u0259rbaycan Respublikas\u0131n\u0131n Nazirl\u0259r Kabineti h\u0259yata ke\u00e7irir;<\/p>\n<p style=\"text-align: justify;\">2.4. h\u0259min Qanunun 1.0.40-c\u0131 madd\u0259sind\u0259 n\u0259z\u0259rd\u0259 tutulmu\u015f qurum Az\u0259rbaycan Respublikas\u0131n\u0131n Prezidenti yan\u0131nda Ali Attestasiya Komissiyas\u0131d\u0131r;<\/p>\n<p style=\"text-align: justify;\">2.5. h\u0259min Qanunun 8.4.5-ci, 11.1-ci, 12.13-c\u00fc, 13.1-ci, 22.1-ci v\u0259 33.7-ci madd\u0259l\u0259rind\u0259 n\u0259z\u0259rd\u0259 tutulmu\u015f elmi t\u0259\u015fkilat Az\u0259rbaycan Milli Elml\u0259r Akademiyas\u0131d\u0131r.<\/p>\n<p style=\"text-align: justify;\">3. Az\u0259rbaycan Respublikas\u0131n\u0131n \u018fdliyy\u0259 Nazirliyi m\u0259rk\u0259zi icra hakimiyy\u0259ti orqanlar\u0131n\u0131n normativ h\u00fcquqi aktlar\u0131n\u0131n v\u0259 normativ xarakterli aktlar\u0131n \u201cElm haqq\u0131nda\u201d Az\u0259rbaycan Respublikas\u0131n\u0131n Qanununa uy\u011funla\u015fd\u0131r\u0131lmas\u0131n\u0131 t\u0259min edib Az\u0259rbaycan Respublikas\u0131n\u0131n Nazirl\u0259r Kabinetin\u0259 m\u0259lumat versin.<\/p>\n<p style=\"text-align: justify;\">\u0130lham \u018fliyev<\/p>\n<p style=\"text-align: justify;\">Az\u0259rbaycan Respublikas\u0131n\u0131n Prezidenti<\/p>\n<p style=\"text-align: justify;\">Bak\u0131 \u015f\u0259h\u0259ri, 9 avqust 2016-c\u0131 il.<\/p>\n<p style=\"text-align: justify;\">\n","protected":false},"excerpt":{"rendered":"<p>Az\u0259rbaycan Respublikas\u0131 Konstitusiyas\u0131n\u0131n 109-cu madd\u0259sinin 19-cu v\u0259 32-ci b\u0259ndl\u0259rini r\u0259hb\u0259r tutaraq, \u201cElm haqq\u0131nda\u201d Az\u0259rbaycan Respublikas\u0131n\u0131n 2016-c\u0131 il 14 iyun tarixli 271-VQ n\u00f6mr\u0259li Qanununun q\u00fcvv\u0259y\u0259 minm\u0259si il\u0259 \u0259laq\u0259dar h\u0259min Qanunun t\u0259tbiqini t\u0259min etm\u0259k m\u0259qs\u0259di il\u0259 q\u0259rara al\u0131ram: 1. Az\u0259rbaycan Respublikas\u0131n\u0131n Nazirl\u0259r Kabineti: 1.1. be\u015f ay m\u00fcdd\u0259tind\u0259: 1.1.1. Az\u0259rbaycan Respublikas\u0131 qanunlar\u0131n\u0131n v\u0259 Az\u0259rbaycan Respublikas\u0131 Prezidentinin aktlar\u0131n\u0131n \u201cElm [&hellip;]<\/p>\n","protected":false},"author":6,"featured_media":0,"parent":0,"menu_order":0,"comment_status":"closed","ping_status":"closed","template":"","meta":{"footnotes":""},"_links":{"self":[{"href":"https:\/\/www.imm.az\/exp\/wp-json\/wp\/v2\/pages\/8879"}],"collection":[{"href":"https:\/\/www.imm.az\/exp\/wp-json\/wp\/v2\/pages"}],"about":[{"href":"https:\/\/www.imm.az\/exp\/wp-json\/wp\/v2\/types\/page"}],"author":[{"embeddable":true,"href":"https:\/\/www.imm.az\/exp\/wp-json\/wp\/v2\/users\/6"}],"replies":[{"embeddable":true,"href":"https:\/\/www.imm.az\/exp\/wp-json\/wp\/v2\/comments?post=8879"}],"version-history":[{"count":3,"href":"https:\/\/www.imm.az\/exp\/wp-json\/wp\/v2\/pages\/8879\/revisions"}],"predecessor-version":[{"id":8883,"href":"https:\/\/www.imm.az\/exp\/wp-json\/wp\/v2\/pages\/8879\/revisions\/8883"}],"wp:attachment":[{"href":"https:\/\/www.imm.az\/exp\/wp-json\/wp\/v2\/media?parent=8879"}],"curies":[{"name":"wp","href":"https:\/\/api.w.org\/{rel}","templated":true}]}}